{"id":919,"date":"2018-06-28T16:57:22","date_gmt":"2018-06-28T19:57:22","guid":{"rendered":"https:\/\/isfd1-bue.infd.edu.ar\/sitio\/llamado-a-licitacion\/"},"modified":"2024-10-31T15:26:35","modified_gmt":"2024-10-31T18:26:35","slug":"como-colaborar","status":"publish","type":"page","link":"https:\/\/isfd1-bue.infd.edu.ar\/sitio\/como-colaborar\/","title":{"rendered":"C\u00d3MO COLABORAR"},"content":{"rendered":"\n<hr class=\"wp-block-separator has-css-opacity\"\/>\n\n\n<p style=\"text-align: right;\"><em>\u00a0 \u00a0Avellaneda, noviembre 2024<\/em><\/p>\n<h2 style=\"text-align: left;\">Asociaci\u00f3n Cooperadora informa:<\/h2>\n<p>Asociaci\u00f3n Cooperadora informa que el arancel anual para el a\u00f1o 2025 establecido en Asamblea es de $ 30.000 (treinta mil).<\/p>\n<h5><span style=\"color: #000080;\"><strong>Banco Provincia de Buenos Aires <\/strong><\/span><strong style=\"color: #000080;\">Sucursal \u00a0Pi\u00f1eyro<\/strong><\/h5>\n<h5><span style=\"color: #000080;\"><strong>Alias: ROSA.CANAL.TALCO<\/strong><\/span><\/h5>\n<h5><span style=\"color: #000080;\"><strong>CBU:0140070001500500337051 <\/strong><\/span><\/h5>\n<h5><span style=\"color: #000080;\"><strong>Mail de la Cooperadora: asoc.coop1@gmail.com <\/strong><\/span><\/h5>\n<h5><span style=\"color: #000080;\"><strong>El mail lo ponemos para que env\u00eden all\u00ed la foto, el escaneo o el formato que elijan del comprobante del dep\u00f3sito\/transferencia con el nombre del colaborador, carrera, divisi\u00f3n y turno.<\/strong><\/span><\/h5>\n<h5 style=\"text-align: right;\"><strong>Comisi\u00f3n Directiva <\/strong><\/h5>\n<h5 style=\"text-align: right;\"><strong>Asociaci\u00f3n Cooperadora<\/strong><\/h5>\n<p><strong><span style=\"font-size: 12pt;\">\u00a0<\/span><\/strong><\/p>\n\n\n<hr class=\"wp-block-separator has-css-opacity\"\/>\n\n\n\n<hr class=\"wp-block-separator has-css-opacity\"\/>\n","protected":false},"excerpt":{"rendered":"<p>\u00a0 \u00a0Avellaneda, noviembre 2024 Asociaci\u00f3n Cooperadora informa: Asociaci\u00f3n Cooperadora informa que el arancel anual para el a\u00f1o 2025 establecido en Asamblea es de $ 30.000 (treinta mil). Banco Provincia de Buenos Aires Sucursal \u00a0Pi\u00f1eyro Alias: ROSA.CANAL.TALCO CBU:0140070001500500337051 Mail de la Cooperadora: asoc.coop1@gmail.com El mail lo ponemos para que env\u00eden all\u00ed la foto, el escaneo o &#8230; <a title=\"C\u00d3MO COLABORAR\" class=\"read-more\" href=\"https:\/\/isfd1-bue.infd.edu.ar\/sitio\/como-colaborar\/\" aria-label=\"More on C\u00d3MO COLABORAR\">[+]<\/a><\/p>\n","protected":false},"author":7,"featured_media":0,"parent":0,"menu_order":0,"comment_status":"closed","ping_status":"closed","template":"","meta":[],"acf":[],"_links":{"self":[{"href":"https:\/\/isfd1-bue.infd.edu.ar\/sitio\/wp-json\/wp\/v2\/pages\/919"}],"collection":[{"href":"https:\/\/isfd1-bue.infd.edu.ar\/sitio\/wp-json\/wp\/v2\/pages"}],"about":[{"href":"https:\/\/isfd1-bue.infd.edu.ar\/sitio\/wp-json\/wp\/v2\/types\/page"}],"author":[{"embeddable":true,"href":"https:\/\/isfd1-bue.infd.edu.ar\/sitio\/wp-json\/wp\/v2\/users\/7"}],"replies":[{"embeddable":true,"href":"https:\/\/isfd1-bue.infd.edu.ar\/sitio\/wp-json\/wp\/v2\/comments?post=919"}],"version-history":[{"count":13,"href":"https:\/\/isfd1-bue.infd.edu.ar\/sitio\/wp-json\/wp\/v2\/pages\/919\/revisions"}],"predecessor-version":[{"id":5381,"href":"https:\/\/isfd1-bue.infd.edu.ar\/sitio\/wp-json\/wp\/v2\/pages\/919\/revisions\/5381"}],"wp:attachment":[{"href":"https:\/\/isfd1-bue.infd.edu.ar\/sitio\/wp-json\/wp\/v2\/media?parent=919"}],"curies":[{"name":"wp","href":"https:\/\/api.w.org\/{rel}","templated":true}]}}