{"id":891,"date":"2018-06-28T16:57:12","date_gmt":"2018-06-28T19:57:12","guid":{"rendered":"https:\/\/isfd1-bue.infd.edu.ar\/sitio\/diseno-curricular-2\/"},"modified":"2025-04-22T11:40:36","modified_gmt":"2025-04-22T14:40:36","slug":"diseno-curricular-2","status":"publish","type":"page","link":"https:\/\/isfd1-bue.infd.edu.ar\/sitio\/diseno-curricular-2\/","title":{"rendered":"Dise\u00f1o Curricular GEOGRAF\u00cdA plan viejo 2025"},"content":{"rendered":"<p style=\"text-align: center;\"><span style=\"font-size: 18pt; color: #339966; font-family: 'comic sans ms', sans-serif;\"><strong><strong>\u00a0<\/strong><\/strong><\/span><\/p>\n<p style=\"text-align: center;\">\n<p style=\"text-align: center;\"><span style=\"font-size: 18pt; font-family: 'comic sans ms', sans-serif; color: #339966;\"><strong><strong>Dise\u00f1o Vigente para 1er A\u00f1o y sucesivos<\/strong><\/strong><\/span><\/p>\n<p style=\"text-align: center;\"><span style=\"font-size: 14pt; font-family: 'comic sans ms', sans-serif;\"><strong><strong><a class=\"LinkModi\" title=\"https:\/\/isfd1-bue.infd.edu.ar\/aula\/archivos\/repositorio\/\/0\/12\/GEOGRAFIA.pdf\" href=\"https:\/\/isfd1-bue.infd.edu.ar\/aula\/archivos\/repositorio\/\/0\/12\/GEOGRAFIA.pdf\" target=\"_NEW\" rel=\"noopener\">Click AQU\u00cd<\/a><\/strong><\/strong><\/span><\/p>\n","protected":false},"excerpt":{"rendered":"<p>\u00a0 Dise\u00f1o Vigente para 1er A\u00f1o y sucesivos Click AQU\u00cd<\/p>\n","protected":false},"author":7,"featured_media":0,"parent":0,"menu_order":0,"comment_status":"closed","ping_status":"closed","template":"","meta":[],"acf":[],"_links":{"self":[{"href":"https:\/\/isfd1-bue.infd.edu.ar\/sitio\/wp-json\/wp\/v2\/pages\/891"}],"collection":[{"href":"https:\/\/isfd1-bue.infd.edu.ar\/sitio\/wp-json\/wp\/v2\/pages"}],"about":[{"href":"https:\/\/isfd1-bue.infd.edu.ar\/sitio\/wp-json\/wp\/v2\/types\/page"}],"author":[{"embeddable":true,"href":"https:\/\/isfd1-bue.infd.edu.ar\/sitio\/wp-json\/wp\/v2\/users\/7"}],"replies":[{"embeddable":true,"href":"https:\/\/isfd1-bue.infd.edu.ar\/sitio\/wp-json\/wp\/v2\/comments?post=891"}],"version-history":[{"count":2,"href":"https:\/\/isfd1-bue.infd.edu.ar\/sitio\/wp-json\/wp\/v2\/pages\/891\/revisions"}],"predecessor-version":[{"id":5793,"href":"https:\/\/isfd1-bue.infd.edu.ar\/sitio\/wp-json\/wp\/v2\/pages\/891\/revisions\/5793"}],"wp:attachment":[{"href":"https:\/\/isfd1-bue.infd.edu.ar\/sitio\/wp-json\/wp\/v2\/media?parent=891"}],"curies":[{"name":"wp","href":"https:\/\/api.w.org\/{rel}","templated":true}]}}