{"id":875,"date":"2018-06-28T16:57:07","date_gmt":"2018-06-28T19:57:07","guid":{"rendered":"https:\/\/isfd1-bue.infd.edu.ar\/sitio\/datos-institucionales\/"},"modified":"2020-02-23T13:27:00","modified_gmt":"2020-02-23T16:27:00","slug":"datos-institucionales","status":"publish","type":"page","link":"https:\/\/isfd1-bue.infd.edu.ar\/sitio\/datos-institucionales\/","title":{"rendered":"Datos institucionales"},"content":{"rendered":"<p style=\"text-align: left;\">\u00a1Bienvenidos y bienvenidas al sitio del Instituto Superior de Formaci\u00f3n Docente N\u00b01 de Avellaneda, \u00abAbuelas de Plaza de Mayo\u00bb!<\/p>\n<p style=\"text-align: left;\">Somos una instituci\u00f3n p\u00fablica y gratuita de la Provincia de Buenos Aires con una vasta trayectoria formando docentes para todos los niveles y modalidades del sistema educativo. Contamos con una amplia oferta de carreras, tanto de formaci\u00f3n inicial como continua. Los t\u00edtulos que otorgamos son oficiales y de validez nacional.<\/p>\n<p style=\"text-align: left;\">La sede \u00fanica del Instituto se encuentra emplazada en Uruguay 18, esquina Yrigoyen (ex- Pav\u00f3n) de la localidad de Pi\u00f1eyro, Partido de Avellaneda. Funciona en tres turnos: ma\u00f1ana, tarde y vespertino.<\/p>\n<p style=\"text-align: left;\">Los y las invitamos a recorrer\u00a0 nuestro sitio para obtener m\u00e1s informaci\u00f3n sobre la vida acad\u00e9mica e institucional que se lleva adelante dentro y fuera de nuestras aulas.<\/p>\n<p style=\"text-align: left;\">Equipo de Conducci\u00f3n ISFD N\u00b01<\/p>\n<p style=\"text-align: left;\">60 a\u00f1os formando docentes, ampliando derechos<\/p>\n","protected":false},"excerpt":{"rendered":"<p>\u00a1Bienvenidos y bienvenidas al sitio del Instituto Superior de Formaci\u00f3n Docente N\u00b01 de Avellaneda, \u00abAbuelas de Plaza de Mayo\u00bb! Somos una instituci\u00f3n p\u00fablica y gratuita de la Provincia de Buenos Aires con una vasta trayectoria formando docentes para todos los niveles y modalidades del sistema educativo. Contamos con una amplia oferta de carreras, tanto de &#8230; <a title=\"Datos institucionales\" class=\"read-more\" href=\"https:\/\/isfd1-bue.infd.edu.ar\/sitio\/datos-institucionales\/\" aria-label=\"More on Datos institucionales\">[+]<\/a><\/p>\n","protected":false},"author":7,"featured_media":0,"parent":0,"menu_order":0,"comment_status":"closed","ping_status":"closed","template":"","meta":[],"acf":[],"_links":{"self":[{"href":"https:\/\/isfd1-bue.infd.edu.ar\/sitio\/wp-json\/wp\/v2\/pages\/875"}],"collection":[{"href":"https:\/\/isfd1-bue.infd.edu.ar\/sitio\/wp-json\/wp\/v2\/pages"}],"about":[{"href":"https:\/\/isfd1-bue.infd.edu.ar\/sitio\/wp-json\/wp\/v2\/types\/page"}],"author":[{"embeddable":true,"href":"https:\/\/isfd1-bue.infd.edu.ar\/sitio\/wp-json\/wp\/v2\/users\/7"}],"replies":[{"embeddable":true,"href":"https:\/\/isfd1-bue.infd.edu.ar\/sitio\/wp-json\/wp\/v2\/comments?post=875"}],"version-history":[{"count":9,"href":"https:\/\/isfd1-bue.infd.edu.ar\/sitio\/wp-json\/wp\/v2\/pages\/875\/revisions"}],"predecessor-version":[{"id":1503,"href":"https:\/\/isfd1-bue.infd.edu.ar\/sitio\/wp-json\/wp\/v2\/pages\/875\/revisions\/1503"}],"wp:attachment":[{"href":"https:\/\/isfd1-bue.infd.edu.ar\/sitio\/wp-json\/wp\/v2\/media?parent=875"}],"curies":[{"name":"wp","href":"https:\/\/api.w.org\/{rel}","templated":true}]}}