{"id":846,"date":"2018-06-28T16:56:57","date_gmt":"2018-06-28T19:56:57","guid":{"rendered":"https:\/\/isfd1-bue.infd.edu.ar\/sitio\/secretaria\/"},"modified":"2024-06-10T10:56:27","modified_gmt":"2024-06-10T13:56:27","slug":"secretaria","status":"publish","type":"page","link":"https:\/\/isfd1-bue.infd.edu.ar\/sitio\/secretaria\/","title":{"rendered":"SECRETAR\u00cdA"},"content":{"rendered":"<p>La Secretar\u00eda del Instituto es el \u00e1rea que tiene a su cargo los aspectos t\u00e9cnicos-administrativos del Proyecto Institucional. Tiene a su cargo la dependencia de T\u00edtulos.<\/p>\n","protected":false},"excerpt":{"rendered":"<p>La Secretar\u00eda del Instituto es el \u00e1rea que tiene a su cargo los aspectos t\u00e9cnicos-administrativos del Proyecto Institucional. Tiene a su cargo la dependencia de T\u00edtulos.<\/p>\n","protected":false},"author":7,"featured_media":0,"parent":0,"menu_order":0,"comment_status":"closed","ping_status":"closed","template":"","meta":[],"acf":[],"_links":{"self":[{"href":"https:\/\/isfd1-bue.infd.edu.ar\/sitio\/wp-json\/wp\/v2\/pages\/846"}],"collection":[{"href":"https:\/\/isfd1-bue.infd.edu.ar\/sitio\/wp-json\/wp\/v2\/pages"}],"about":[{"href":"https:\/\/isfd1-bue.infd.edu.ar\/sitio\/wp-json\/wp\/v2\/types\/page"}],"author":[{"embeddable":true,"href":"https:\/\/isfd1-bue.infd.edu.ar\/sitio\/wp-json\/wp\/v2\/users\/7"}],"replies":[{"embeddable":true,"href":"https:\/\/isfd1-bue.infd.edu.ar\/sitio\/wp-json\/wp\/v2\/comments?post=846"}],"version-history":[{"count":15,"href":"https:\/\/isfd1-bue.infd.edu.ar\/sitio\/wp-json\/wp\/v2\/pages\/846\/revisions"}],"predecessor-version":[{"id":5202,"href":"https:\/\/isfd1-bue.infd.edu.ar\/sitio\/wp-json\/wp\/v2\/pages\/846\/revisions\/5202"}],"wp:attachment":[{"href":"https:\/\/isfd1-bue.infd.edu.ar\/sitio\/wp-json\/wp\/v2\/media?parent=846"}],"curies":[{"name":"wp","href":"https:\/\/api.w.org\/{rel}","templated":true}]}}