{"id":843,"date":"2018-06-28T16:56:56","date_gmt":"2018-06-28T19:56:56","guid":{"rendered":"https:\/\/isfd1-bue.infd.edu.ar\/sitio\/asociacion-cooperadora\/"},"modified":"2020-02-23T15:36:21","modified_gmt":"2020-02-23T18:36:21","slug":"asociacion-cooperadora","status":"publish","type":"page","link":"https:\/\/isfd1-bue.infd.edu.ar\/sitio\/asociacion-cooperadora\/","title":{"rendered":"ASOCIACI\u00d3N COOPERADORA"},"content":{"rendered":"<p>La asociaci\u00f3n Cooperadora es una entidad solidaria y cooperativa conformada por todos los miembros de la comunidad educativa.<\/p>\n<p>El pago anual, voluntario y necesario, nos permite hacer frente a las necesidades institucionales de higiene y funcionamiento administrativo a la vez que opera como instancia de sostenimiento solidario y de acompa\u00f1amiento de aquella\/os que por su situaci\u00f3n socio-econ\u00f3mica m\u00e1s lo requieran.<\/p>\n<p>Durante todo el a\u00f1o la Cooperadora realiza, junto a todos los actores, eventos comunitarios con el fin de recaudar fondos que se destinan al mejoramiento de las instalaciones: botiqu\u00edn de primeros auxilios, material did\u00e1ctico y adquisici\u00f3n de patrimonio tecnol\u00f3gico y mobiliario, que redundan en un mejoramiento colectivo de las condiciones necesarias para ense\u00f1ar y aprender.<\/p>\n<p>La asociaci\u00f3n Cooperadora se encuentra en Primer piso, de lunes a viernes y en los tres turnos. \u00a1Acercate a colaborar!<\/p>\n","protected":false},"excerpt":{"rendered":"<p>La asociaci\u00f3n Cooperadora es una entidad solidaria y cooperativa conformada por todos los miembros de la comunidad educativa. El pago anual, voluntario y necesario, nos permite hacer frente a las necesidades institucionales de higiene y funcionamiento administrativo a la vez que opera como instancia de sostenimiento solidario y de acompa\u00f1amiento de aquella\/os que por su &#8230; <a title=\"ASOCIACI\u00d3N COOPERADORA\" class=\"read-more\" href=\"https:\/\/isfd1-bue.infd.edu.ar\/sitio\/asociacion-cooperadora\/\" aria-label=\"More on ASOCIACI\u00d3N COOPERADORA\">[+]<\/a><\/p>\n","protected":false},"author":7,"featured_media":0,"parent":0,"menu_order":0,"comment_status":"closed","ping_status":"closed","template":"","meta":[],"acf":[],"_links":{"self":[{"href":"https:\/\/isfd1-bue.infd.edu.ar\/sitio\/wp-json\/wp\/v2\/pages\/843"}],"collection":[{"href":"https:\/\/isfd1-bue.infd.edu.ar\/sitio\/wp-json\/wp\/v2\/pages"}],"about":[{"href":"https:\/\/isfd1-bue.infd.edu.ar\/sitio\/wp-json\/wp\/v2\/types\/page"}],"author":[{"embeddable":true,"href":"https:\/\/isfd1-bue.infd.edu.ar\/sitio\/wp-json\/wp\/v2\/users\/7"}],"replies":[{"embeddable":true,"href":"https:\/\/isfd1-bue.infd.edu.ar\/sitio\/wp-json\/wp\/v2\/comments?post=843"}],"version-history":[{"count":4,"href":"https:\/\/isfd1-bue.infd.edu.ar\/sitio\/wp-json\/wp\/v2\/pages\/843\/revisions"}],"predecessor-version":[{"id":1609,"href":"https:\/\/isfd1-bue.infd.edu.ar\/sitio\/wp-json\/wp\/v2\/pages\/843\/revisions\/1609"}],"wp:attachment":[{"href":"https:\/\/isfd1-bue.infd.edu.ar\/sitio\/wp-json\/wp\/v2\/media?parent=843"}],"curies":[{"name":"wp","href":"https:\/\/api.w.org\/{rel}","templated":true}]}}