{"id":835,"date":"2018-06-28T16:56:52","date_gmt":"2018-06-28T19:56:52","guid":{"rendered":"https:\/\/isfd1-bue.infd.edu.ar\/sitio\/consejo-academico-institucional\/"},"modified":"2020-02-22T16:38:09","modified_gmt":"2020-02-22T19:38:09","slug":"consejo-academico-institucional","status":"publish","type":"page","link":"https:\/\/isfd1-bue.infd.edu.ar\/sitio\/consejo-academico-institucional\/","title":{"rendered":"Consejo Acad\u00e9mico Institucional"},"content":{"rendered":"<p>El Consejo Acad\u00e9mico Institucional (CAI) es el \u00f3rgano colegiado de asesoramiento, propuesta, debate y decisi\u00f3n, para una gesti\u00f3n participativa, en el marco de la autonom\u00eda institucional en la unidad del sistema del nivel superior, dentro de las regulaciones de la pol\u00edtica educativa jurisdiccional y federal.<\/p>\n<p>El CAI est\u00e1 compuesto por un integrante del Equipo de Conducci\u00f3n del Establecimiento, por representantes del Claustro Docente, del Claustro de No Docentes y del Claustro de Estudiantes, que ser\u00e1n elegidos anualmente mediante sufragio. Su principal funci\u00f3n es intervenir en cuestiones vinculadas a la organizaci\u00f3n institucional, presupuestaria \u2013tratamiento de planta org\u00e1nico-funcional- gesti\u00f3n curricular, proyectos de articulaci\u00f3n, extensi\u00f3n e investigaci\u00f3n, concursos docentes, convivencia y trayectorias estudiantiles.<\/p>\n<p>Como afirma la Resoluci\u00f3n 4044\/09, es responsabilidad del Consejo Acad\u00e9mico Institucional:<\/p>\n<p>1. La elaboraci\u00f3n y evaluaci\u00f3n permanente del Proyecto Pol\u00edtico Pedag\u00f3gico de la Instituci\u00f3n, en sus dimensiones:<\/p>\n<p><strong>Organizacional:<\/strong><\/p>\n<p>\u2013 La elaboraci\u00f3n y la elevaci\u00f3n ante los Consejos Regionales de la oferta institucional de carreras y consecuente Planta Org\u00e1nico Funcional.<\/p>\n<p>\u2013 la elaboraci\u00f3n o modificaci\u00f3n del R\u00e9gimen de Convivencia Institucional<\/p>\n<p>\u2013 la definici\u00f3n del R\u00e9gimen Acad\u00e9mico Marco, seg\u00fan las caracter\u00edsticas institucionales y regionales<\/p>\n<p>\u2013 la elaboraci\u00f3n, debate y aprobaci\u00f3n de propuestas que conlleven a una mejor organizaci\u00f3n de tiempos, espacios y agrupamientos institucionales<\/p>\n<p><strong>Curricular:<\/strong><\/p>\n<p>\u2013 el ajuste y seguimiento din\u00e1mico del Plan de Evaluaci\u00f3n de los Aprendizajes, seg\u00fan los acuerdos establecidos en el Consejo Regional, en el marco de la normativa vigente.<\/p>\n<p>\u2013 la elaboraci\u00f3n, debate y propuesta de l\u00edneas y acciones de extensi\u00f3n e investigaci\u00f3n, con aval de la Direcci\u00f3n de Educaci\u00f3n Superior<\/p>\n<p>\u2013 la presentaci\u00f3n de propuestas institucionales de formaci\u00f3n docente continua para docentes a trav\u00e9s de distintas modalidades \u2013 seminarios, talleres, ateneos, cine-debate, entre otras.<\/p>\n<p>\u2013 la elaboraci\u00f3n, debate y aprobaci\u00f3n de propuestas de decisi\u00f3n institucional sobre gesti\u00f3n curricular, en concordancia con las definiciones de los dise\u00f1os vigentes.<\/p>\n<p><strong>Trayectorias Estudiantiles:<\/strong><\/p>\n<p>\u2013 el sistema de reconocimiento de trayectorias estudiantiles, estableciendo un sistema de cr\u00e9ditos que ameriten la participaci\u00f3n en programas de extensi\u00f3n e investigaci\u00f3n, participaci\u00f3n en seminarios y otros, en el marco de las normativas vigentes.<\/p>\n<p>\u2013 las acciones de acompa\u00f1amiento a los aspirantes a ingreso y estudiantes de primer a\u00f1o, con el prop\u00f3sito de posicionar al estudiante en el Nivel de Educaci\u00f3n Superior como sujeto pol\u00edtico y pedag\u00f3gico.<\/p>\n<p>2. Darse su Reglamento Interno.<\/p>\n<p>3. Convocar a elecciones para la renovaci\u00f3n del Consejo de acuerdo con las normativas establecidas a tal efecto.<\/p>\n<p>4. Analizar y aprobar los proyectos presentados por docentes y estudiantes tendientes a establecer relaciones con la comunidad educativa.<\/p>\n<p>5. Convocar a las sesiones del Consejo a las personas que se considere oportuno citar a los fines de resolver un tema en particular. Dichas personas tendr\u00e1n voz pero no voto.<\/p>\n<p>&nbsp;<\/p>\n<p>&nbsp;<\/p>\n","protected":false},"excerpt":{"rendered":"<p>El Consejo Acad\u00e9mico Institucional (CAI) es el \u00f3rgano colegiado de asesoramiento, propuesta, debate y decisi\u00f3n, para una gesti\u00f3n participativa, en el marco de la autonom\u00eda institucional en la unidad del sistema del nivel superior, dentro de las regulaciones de la pol\u00edtica educativa jurisdiccional y federal. El CAI est\u00e1 compuesto por un integrante del Equipo de &#8230; <a title=\"Consejo Acad\u00e9mico Institucional\" class=\"read-more\" href=\"https:\/\/isfd1-bue.infd.edu.ar\/sitio\/consejo-academico-institucional\/\" aria-label=\"More on Consejo Acad\u00e9mico Institucional\">[+]<\/a><\/p>\n","protected":false},"author":7,"featured_media":0,"parent":0,"menu_order":0,"comment_status":"closed","ping_status":"closed","template":"","meta":[],"acf":[],"_links":{"self":[{"href":"https:\/\/isfd1-bue.infd.edu.ar\/sitio\/wp-json\/wp\/v2\/pages\/835"}],"collection":[{"href":"https:\/\/isfd1-bue.infd.edu.ar\/sitio\/wp-json\/wp\/v2\/pages"}],"about":[{"href":"https:\/\/isfd1-bue.infd.edu.ar\/sitio\/wp-json\/wp\/v2\/types\/page"}],"author":[{"embeddable":true,"href":"https:\/\/isfd1-bue.infd.edu.ar\/sitio\/wp-json\/wp\/v2\/users\/7"}],"replies":[{"embeddable":true,"href":"https:\/\/isfd1-bue.infd.edu.ar\/sitio\/wp-json\/wp\/v2\/comments?post=835"}],"version-history":[{"count":7,"href":"https:\/\/isfd1-bue.infd.edu.ar\/sitio\/wp-json\/wp\/v2\/pages\/835\/revisions"}],"predecessor-version":[{"id":1579,"href":"https:\/\/isfd1-bue.infd.edu.ar\/sitio\/wp-json\/wp\/v2\/pages\/835\/revisions\/1579"}],"wp:attachment":[{"href":"https:\/\/isfd1-bue.infd.edu.ar\/sitio\/wp-json\/wp\/v2\/media?parent=835"}],"curies":[{"name":"wp","href":"https:\/\/api.w.org\/{rel}","templated":true}]}}