{"id":831,"date":"2018-06-28T16:56:51","date_gmt":"2018-06-28T19:56:51","guid":{"rendered":"https:\/\/isfd1-bue.infd.edu.ar\/sitio\/profesorado-de-educacion-primaria\/"},"modified":"2025-04-22T11:13:49","modified_gmt":"2025-04-22T14:13:49","slug":"profesorado-de-educacion-primaria","status":"publish","type":"page","link":"https:\/\/isfd1-bue.infd.edu.ar\/sitio\/profesorado-de-educacion-primaria\/","title":{"rendered":"Profesorado de Educaci\u00f3n Primaria 2025"},"content":{"rendered":"<p><img decoding=\"async\" loading=\"lazy\" class=\"alignnone size-medium wp-image-1665\" src=\"https:\/\/isfd1-bue.infd.edu.ar\/sitio\/wp-content\/uploads\/2020\/03\/5-1000x182.jpg\" alt=\"\" width=\"1000\" height=\"182\" srcset=\"https:\/\/isfd1-bue.infd.edu.ar\/sitio\/wp-content\/uploads\/2020\/03\/5-1000x182.jpg 1000w, https:\/\/isfd1-bue.infd.edu.ar\/sitio\/wp-content\/uploads\/2020\/03\/5-768x140.jpg 768w, https:\/\/isfd1-bue.infd.edu.ar\/sitio\/wp-content\/uploads\/2020\/03\/5-1900x345.jpg 1900w, https:\/\/isfd1-bue.infd.edu.ar\/sitio\/wp-content\/uploads\/2020\/03\/5-1100x200.jpg 1100w, https:\/\/isfd1-bue.infd.edu.ar\/sitio\/wp-content\/uploads\/2020\/03\/5-620x113.jpg 620w, https:\/\/isfd1-bue.infd.edu.ar\/sitio\/wp-content\/uploads\/2020\/03\/5-400x73.jpg 400w\" sizes=\"(max-width: 1000px) 100vw, 1000px\" \/><\/p>\n<p style=\"text-align: right;\"><b>Plan autorizado por Resoluci\u00f3n. N\u00b0 4154\/07<\/b><\/p>\n<p><strong>Presentaci\u00f3n:<\/strong><\/p>\n<p>El Profesorado de Educaci\u00f3n Primaria forma docentes para desempe\u00f1arse en el nivel primario del sistema educativo. Posee una duraci\u00f3n de 4 a\u00f1os y se cursa en los turnos ma\u00f1ana, tarde y\/o vespertino, a elecci\u00f3n del estudiante.<\/p>\n<p><strong>Plan de estudios:<\/strong><\/p>\n<p><b>Primer a\u00f1o<\/b><\/p>\n<ol>\n<li style=\"font-weight: 400;\"><span style=\"font-weight: 400;\">Taller de Lectura, Escritura y Oralidad<\/span><\/li>\n<li style=\"font-weight: 400;\"><span style=\"font-weight: 400;\">Taller de Pensamiento L\u00f3gico Matem\u00e1tico<\/span><\/li>\n<li style=\"font-weight: 400;\"><span style=\"font-weight: 400;\">Taller de Definici\u00f3n Institucional (TADI): <\/span><i><span style=\"font-weight: 400;\">El juego en el nivel primario<\/span><\/i><span style=\"font-weight: 400;\">.<\/span><\/li>\n<li style=\"font-weight: 400;\"><span style=\"font-weight: 400;\">Filosof\u00eda<\/span><\/li>\n<li style=\"font-weight: 400;\"><span style=\"font-weight: 400;\">Did\u00e1ctica General<\/span><\/li>\n<li style=\"font-weight: 400;\"><span style=\"font-weight: 400;\">Pedagog\u00eda<\/span><\/li>\n<li style=\"font-weight: 400;\"><span style=\"font-weight: 400;\">An\u00e1lisis del Mundo Contempor\u00e1neo<\/span><\/li>\n<li style=\"font-weight: 400;\"><span style=\"font-weight: 400;\">Psicolog\u00eda del Desarrollo y el Aprendizaje I<\/span><\/li>\n<li style=\"font-weight: 400;\"><span style=\"font-weight: 400;\">Corporeidad y Motricidad<\/span><\/li>\n<li style=\"font-weight: 400;\"><span style=\"font-weight: 400;\">Arte y Educaci\u00f3n<\/span><\/li>\n<li style=\"font-weight: 400;\"><span style=\"font-weight: 400;\">Pr\u00e1ctica Docente I<\/span><\/li>\n<\/ol>\n<p><b>Segundo a\u00f1o<\/b><\/p>\n<p>12. Teor\u00edas Sociopol\u00edticas y Educaci\u00f3n<br \/>\n13. Did\u00e1ctica y Curr\u00edculum del Nivel Primario (5)<br \/>\n14. Psicolog\u00eda del Desarrollo y el Aprendizaje II (8)<br \/>\n15. Psicolog\u00eda Social e Institucional<br \/>\n16. Cultura, Comunicaci\u00f3n y Educaci\u00f3n<br \/>\n17. Educaci\u00f3n Art\u00edstica<br \/>\n18. Did\u00e1ctica de las Pr\u00e1cticas del Lenguaje y la Literatura I<br \/>\n19. Did\u00e1ctica de las Ciencias Sociales I<br \/>\n20. Did\u00e1ctica de las Ciencias Naturales I<br \/>\n21. Did\u00e1ctica de la Matem\u00e1tica I<br \/>\n22. Pr\u00e1ctica Docente II (11)<br \/>\n23. TFO I: <em>Historia reciente y Pedagog\u00eda de la Memoria<\/em><\/p>\n<p><strong>Tercer a\u00f1o<\/strong><\/p>\n<p>24. Historia y Prospectiva de la Educaci\u00f3n<br \/>\n25. Pol\u00edticas, Legislaci\u00f3n y Administraci\u00f3n del Trabajo Escolar<br \/>\n26. Configuraciones Culturales del Sujeto Educativo del Nivel Primario (15)<br \/>\n27. Medios Audiovisuales, TIC\u00b4s y Educaci\u00f3n<br \/>\n28. Educaci\u00f3n F\u00edsica Escolar<br \/>\n29. Did\u00e1ctica de las Pr\u00e1cticas del Lenguaje y la Literatura II (18)<br \/>\n30. Did\u00e1ctica de las Ciencias Sociales II (19)<br \/>\n31. Did\u00e1ctica de las Ciencias Naturales II (20)<br \/>\n32. Did\u00e1ctica de la Matem\u00e1tica II (21)<br \/>\n33. Pr\u00e1ctica Docente III (5, 13, 18, 19, 20, 21, 22)<br \/>\n34. TFO II: <em>Trayectorias educativas de alumnos con Proyectos de Integraci\u00f3n en las escuelas de nivel primario<\/em>.<\/p>\n<p><strong>Cuarto a\u00f1o<\/strong><\/p>\n<p>35. Reflexi\u00f3n Filos\u00f3fica de la Educaci\u00f3n (4, 6)<br \/>\n36. Dimensi\u00f3n \u00c9tico \u2013 Pol\u00edtica de la Praxis Docente (12)<br \/>\n37. Pedagog\u00eda Cr\u00edtica de las Diferencias<br \/>\n38. Ateneo de las Pr\u00e1cticas del Lenguaje y la Literatura\u00a0 (29)<br \/>\n39. Ateneo de las Ciencias Sociales (30)<br \/>\n40. Ateneo de las Ciencias Naturales (31)<br \/>\n41. Ateneo de Matem\u00e1tica (32)<br \/>\n42. Pr\u00e1ctica Docente IV (29, 30, 31, 32, 33)<\/p>\n<p>*TFO y TADI: Nombre y contenidos de los mismos pueden variar seg\u00fan el a\u00f1o de cursada.<\/p>\n<p><strong>NOTA: Los n\u00fameros consignados entre par\u00e9ntesis indican N\u00b0 de materia correlativa. Esto quiere decir que para cursar la materia que se indica se deber\u00e1 haber cursado previamente la materia correlativa a la misma.<\/strong><\/p>\n<p>Para cursar 3er A\u00f1o, los\/as estudiantes deber\u00e1n tener la cursada aprobada de las materias de 1er A\u00f1o. Para cursar 4\u00ba A\u00f1o deber\u00e1n tener la cursada aprobada de 1\u00ba y 2\u00ba A\u00f1o.<\/p>\n","protected":false},"excerpt":{"rendered":"<p>Plan autorizado por Resoluci\u00f3n. N\u00b0 4154\/07 Presentaci\u00f3n: El Profesorado de Educaci\u00f3n Primaria forma docentes para desempe\u00f1arse en el nivel primario del sistema educativo. Posee una duraci\u00f3n de 4 a\u00f1os y se cursa en los turnos ma\u00f1ana, tarde y\/o vespertino, a elecci\u00f3n del estudiante. Plan de estudios: Primer a\u00f1o Taller de Lectura, Escritura y Oralidad Taller &#8230; <a title=\"Profesorado de Educaci\u00f3n Primaria 2025\" class=\"read-more\" href=\"https:\/\/isfd1-bue.infd.edu.ar\/sitio\/profesorado-de-educacion-primaria\/\" aria-label=\"More on Profesorado de Educaci\u00f3n Primaria 2025\">[+]<\/a><\/p>\n","protected":false},"author":7,"featured_media":0,"parent":0,"menu_order":0,"comment_status":"closed","ping_status":"closed","template":"","meta":[],"acf":[],"_links":{"self":[{"href":"https:\/\/isfd1-bue.infd.edu.ar\/sitio\/wp-json\/wp\/v2\/pages\/831"}],"collection":[{"href":"https:\/\/isfd1-bue.infd.edu.ar\/sitio\/wp-json\/wp\/v2\/pages"}],"about":[{"href":"https:\/\/isfd1-bue.infd.edu.ar\/sitio\/wp-json\/wp\/v2\/types\/page"}],"author":[{"embeddable":true,"href":"https:\/\/isfd1-bue.infd.edu.ar\/sitio\/wp-json\/wp\/v2\/users\/7"}],"replies":[{"embeddable":true,"href":"https:\/\/isfd1-bue.infd.edu.ar\/sitio\/wp-json\/wp\/v2\/comments?post=831"}],"version-history":[{"count":19,"href":"https:\/\/isfd1-bue.infd.edu.ar\/sitio\/wp-json\/wp\/v2\/pages\/831\/revisions"}],"predecessor-version":[{"id":5786,"href":"https:\/\/isfd1-bue.infd.edu.ar\/sitio\/wp-json\/wp\/v2\/pages\/831\/revisions\/5786"}],"wp:attachment":[{"href":"https:\/\/isfd1-bue.infd.edu.ar\/sitio\/wp-json\/wp\/v2\/media?parent=831"}],"curies":[{"name":"wp","href":"https:\/\/api.w.org\/{rel}","templated":true}]}}