{"id":829,"date":"2018-06-28T16:56:50","date_gmt":"2018-06-28T19:56:50","guid":{"rendered":"https:\/\/isfd1-bue.infd.edu.ar\/sitio\/profesorados-educ-especial\/"},"modified":"2025-04-22T11:34:35","modified_gmt":"2025-04-22T14:34:35","slug":"profesorados-educ-especial","status":"publish","type":"page","link":"https:\/\/isfd1-bue.infd.edu.ar\/sitio\/profesorados-educ-especial\/","title":{"rendered":"Profesorado de Educaci\u00f3n Especial 2025"},"content":{"rendered":"<p><img decoding=\"async\" loading=\"lazy\" class=\"alignnone size-medium wp-image-1666\" src=\"https:\/\/isfd1-bue.infd.edu.ar\/sitio\/wp-content\/uploads\/2020\/03\/6-1000x182.jpg\" alt=\"\" width=\"1000\" height=\"182\" srcset=\"https:\/\/isfd1-bue.infd.edu.ar\/sitio\/wp-content\/uploads\/2020\/03\/6-1000x182.jpg 1000w, https:\/\/isfd1-bue.infd.edu.ar\/sitio\/wp-content\/uploads\/2020\/03\/6-768x140.jpg 768w, https:\/\/isfd1-bue.infd.edu.ar\/sitio\/wp-content\/uploads\/2020\/03\/6-1900x345.jpg 1900w, https:\/\/isfd1-bue.infd.edu.ar\/sitio\/wp-content\/uploads\/2020\/03\/6-1100x200.jpg 1100w, https:\/\/isfd1-bue.infd.edu.ar\/sitio\/wp-content\/uploads\/2020\/03\/6-620x113.jpg 620w, https:\/\/isfd1-bue.infd.edu.ar\/sitio\/wp-content\/uploads\/2020\/03\/6-400x73.jpg 400w\" sizes=\"(max-width: 1000px) 100vw, 1000px\" \/><\/p>\n<p style=\"text-align: right;\"><b>Plan autorizado por Resoluci\u00f3n\u00a0 N\u00b01009\/09\u00a0<\/b><\/p>\n<p><strong>Presentaci\u00f3n:<\/strong><\/p>\n<p>El Profesorado de Educaci\u00f3n Especial forma docentes para desempe\u00f1arse en la modalidad de Educaci\u00f3n Especial del sistema educativo. Posee 4 a\u00f1os de duraci\u00f3n y se cursa en Turno Tarde y Vespertino.<\/p>\n<p><strong>Cuenta con cuatro caracterizaciones: <\/strong><\/p>\n<p>Neuromotores<\/p>\n<p>Intelectuales<\/p>\n<p>Ciegos y disminu\u00eddos visuales<\/p>\n<p>Sordos e Hipoac\u00fasicos<\/p>\n<p><strong>Plan de estudios:<\/strong><\/p>\n<p><b>Primer a\u00f1o (com\u00fan a todas las caracterizaciones)<\/b><\/p>\n<ol>\n<li style=\"font-weight: 400;\"><span style=\"font-weight: 400;\">Taller de lectura, escritura y oralidad<\/span><\/li>\n<li style=\"font-weight: 400;\"><span style=\"font-weight: 400;\">Taller de pensamiento l\u00f3gico matem\u00e1tico<\/span><\/li>\n<li style=\"font-weight: 400;\"><span style=\"font-weight: 400;\">Filosof\u00eda<\/span><\/li>\n<li style=\"font-weight: 400;\"><span style=\"font-weight: 400;\">Did\u00e1ctica general<\/span><\/li>\n<li style=\"font-weight: 400;\"><span style=\"font-weight: 400;\">Pedagog\u00eda<\/span><\/li>\n<li style=\"font-weight: 400;\"><span style=\"font-weight: 400;\">An\u00e1lisis del mundo contempor\u00e1neo<\/span><\/li>\n<li style=\"font-weight: 400;\"><span style=\"font-weight: 400;\">Psicolog\u00eda del desarrollo y aprendizaje\u00a0<\/span><\/li>\n<li style=\"font-weight: 400;\"><span style=\"font-weight: 400;\">Corporeidad y motricidad<\/span><\/li>\n<li style=\"font-weight: 400;\"><span style=\"font-weight: 400;\">Introducci\u00f3n a la Educaci\u00f3n Especial<\/span><\/li>\n<li style=\"font-weight: 400;\"><span style=\"font-weight: 400;\">Did\u00e1ctica de las Pr\u00e1cticas del Lenguaje I<\/span><\/li>\n<li style=\"font-weight: 400;\"><span style=\"font-weight: 400;\">Did\u00e1ctica de las Ciencias Sociales I<\/span><\/li>\n<li style=\"font-weight: 400;\"><span style=\"font-weight: 400;\">Did\u00e1ctica de las Ciencias Naturales I<\/span><\/li>\n<li style=\"font-weight: 400;\"><span style=\"font-weight: 400;\">Did\u00e1ctica de la Matem\u00e1tica I<\/span><\/li>\n<li style=\"font-weight: 400;\"><span style=\"font-weight: 400;\">Campo de la Pr\u00e1ctica I<\/span><\/li>\n<\/ol>\n<p><strong>Segundo a\u00f1o (com\u00fan a todas las caracterizaciones)<\/strong><\/p>\n<p>15. Teor\u00edas sociopol\u00edticas y educaci\u00f3n<br \/>\n16. Did\u00e1ctica y curr\u00edculum (4)<br \/>\n17. Psicolog\u00eda del desarrollo y aprendizaje II (7)<br \/>\n18. Cultura, comunicaci\u00f3n y educaci\u00f3n<br \/>\n19. Neurociencias<br \/>\n20. Did\u00e1ctica de las Pr\u00e1cticas del lenguaje II (10)<br \/>\n21. Did\u00e1ctica de las Ciencias sociales II (11)<br \/>\n22. Did\u00e1ctica de las Ciencias Naturales II (12)<br \/>\n23. Did\u00e1ctica de las matem\u00e1ticas II (13)<br \/>\n24. Arte y Educaci\u00f3n<br \/>\n25. Campo de la pr\u00e1ctica II (14)<br \/>\n26. TFO I: <em>Taller de tiflolog\u00eda I<\/em> o <em>Lengua de Se\u00f1as argentina I<\/em><\/p>\n<p><strong>CARACTERIZACI\u00d3N CIEGOS Y DISMINUIDOS VISUALES*<\/strong><\/p>\n<p><strong>Tercer a\u00f1o<\/strong><\/p>\n<p>27. Psicolog\u00eda del desarrollo y aprendizaje III (17)<br \/>\n28. Abordaje psicopedag\u00f3gico del sujeto con discapacidad<br \/>\n29. Historia, pol\u00edtica y legislaci\u00f3n argentina<br \/>\n30. Curriculum y discapacidad visual I (16)<br \/>\n31, Educaci\u00f3n de los sujetos con discapacidad visual<br \/>\n32. Comunicaci\u00f3n de la persona ciega<br \/>\n33. Anatomofisiolog\u00eda y patolog\u00eda de la visi\u00f3n (19)<br \/>\n34. Producci\u00f3n de materiales y objetos did\u00e1cticos<br \/>\n35. A.T.D.I.Atenci\u00f3n Temprana del Desarrollo Infantil<br \/>\n36. Educaci\u00f3n para el movimiento<br \/>\n37. Campo de la Pr\u00e1ctica III (20 21 22 23 25)<br \/>\n38. TFO II: <em>Taller de Tiflolog\u00eda II<\/em><\/p>\n<p><strong>Cuarto a\u00f1o<\/strong><\/p>\n<p>39. Interacciones sociales<br \/>\n40. Psicopatolog\u00eda (27)<br \/>\n41. Reflexi\u00f3n filos\u00f3fica de la educaci\u00f3n (3)<br \/>\n42. Dimensi\u00f3n \u00e9tico pol\u00edtica de la praxis docente<br \/>\n43. Curriculum y discapacidad visual II (29)<br \/>\n44. Producci\u00f3n de materiales y objetos did\u00e1cticos<br \/>\n45. Comunicaci\u00f3n de la persona ciega II<br \/>\n46. Diagn\u00f3stico y orientaci\u00f3n visual funcional<br \/>\n47. Educaci\u00f3n y nuevas tecnolog\u00edas<br \/>\n48. Rehabilitaci\u00f3n en j\u00f3venes y adultos<br \/>\n49. Formaci\u00f3n laboral<br \/>\n50. Orientaci\u00f3n y movilidad<br \/>\n51. Pol\u00edtica y legislaci\u00f3n referida a la discapacidad<br \/>\n52. Campo de la Pr\u00e1ctica IV (37 16)<br \/>\n53. TFO III: Discapacidad m\u00faltiple y Sordoceguera<\/p>\n<p><b>CARACTERIZACI\u00d3N\u00a0 INTELECTUALES*<\/b><\/p>\n<p><b>Tercer a\u00f1o<\/b><span style=\"font-weight: 400;\">\u00a0<\/span><\/p>\n<ol start=\"27\">\n<li><span style=\"font-weight: 400;\"> Historia, pol\u00edtica y legislaci\u00f3n argentina<\/span><\/li>\n<li><span style=\"font-weight: 400;\"> Psicolog\u00eda del desarrollo y aprendizaje III (17)<\/span><\/li>\n<li><span style=\"font-weight: 400;\"> Abordaje psicopedag\u00f3gico del sujeto con discapacidad<\/span><\/li>\n<li><span style=\"font-weight: 400;\"> Lenguaje y comunicaci\u00f3n en el sujeto con discapacidad intelectual (19)<\/span><\/li>\n<li><span style=\"font-weight: 400;\"> Sujeto con discapacidad intelectual<\/span><\/li>\n<li><span style=\"font-weight: 400;\"> Curriculum y discapacidad intelectual I (16)<\/span><\/li>\n<li><span style=\"font-weight: 400;\"> A.T.D.I. Atenci\u00f3n Temprana Desarrollo Infantil<\/span><\/li>\n<li><span style=\"font-weight: 400;\"> Producci\u00f3n de materiales y objetos did\u00e1cticos<\/span><\/li>\n<li><span style=\"font-weight: 400;\"> TFO II (26): <\/span><i><span style=\"font-weight: 400;\">Inclusi\u00f3n<\/span><\/i><\/li>\n<li><span style=\"font-weight: 400;\"> Campo de la Pr\u00e1ctica III (20 21 22 23 25)<\/span><\/li>\n<\/ol>\n<p><b>Cuarto a\u00f1o<\/b><\/p>\n<ol start=\"37\">\n<li><span style=\"font-weight: 400;\"> Reflexi\u00f3n filos\u00f3fica de la educaci\u00f3n (3)<\/span><\/li>\n<li><span style=\"font-weight: 400;\"> Dimensi\u00f3n \u00e9tico pol\u00edtica de la praxis docente<\/span><\/li>\n<li><span style=\"font-weight: 400;\"> Interacciones sociales<\/span><\/li>\n<li><span style=\"font-weight: 400;\"> Psicopatolog\u00eda (28)<\/span><\/li>\n<li><span style=\"font-weight: 400;\"> Curriculum y discapacidad intelectual II (32)<\/span><\/li>\n<li><span style=\"font-weight: 400;\"> Taller de abordaje familiar en la escuela<\/span><\/li>\n<li><span style=\"font-weight: 400;\"> Formaci\u00f3n laboral<\/span><\/li>\n<li><span style=\"font-weight: 400;\"> Multidiscapacidad<\/span><\/li>\n<li><span style=\"font-weight: 400;\"> Educaci\u00f3n y nuevas tecnolog\u00edas<\/span><\/li>\n<li><span style=\"font-weight: 400;\"> Pol\u00edtica y legislaci\u00f3n referida a la discapacidad<\/span><\/li>\n<li><span style=\"font-weight: 400;\"> TFO III:<\/span><i><span style=\"font-weight: 400;\"> Comunicaci\u00f3n Alternativa y Aumentativa<\/span><\/i><\/li>\n<li><span style=\"font-weight: 400;\"> Campo de la Pr\u00e1ctica IV (36)<\/span><\/li>\n<\/ol>\n<p><b>CARACTERIZACI\u00d3N NEUROMOTORES*<\/b><\/p>\n<p><b>Tercer a\u00f1o<\/b><\/p>\n<ol start=\"27\">\n<li><span style=\"font-weight: 400;\"> Historia, pol\u00edtica y legislaci\u00f3n argentina<\/span><\/li>\n<li><span style=\"font-weight: 400;\"> Psicolog\u00eda del desarrollo y aprendizaje III (17)<\/span><\/li>\n<li><span style=\"font-weight: 400;\"> Abordaje psicopedag\u00f3gico del sujeto con discapacidad<\/span><\/li>\n<li><span style=\"font-weight: 400;\"> Anatomofisiolog\u00eda y patolog\u00eda del aparato locomotor (19)<\/span><\/li>\n<li><span style=\"font-weight: 400;\"> Neuroling\u00fc\u00edstica (19)<\/span><\/li>\n<li><span style=\"font-weight: 400;\"> Curriculum y discapacidad neuromotora I (16)<\/span><\/li>\n<li><span style=\"font-weight: 400;\"> A.T.D.I.Atenci\u00f3n Temprana del Desarrollo Infantil<\/span><\/li>\n<li><span style=\"font-weight: 400;\"> Rehabilitaci\u00f3n y habilitaci\u00f3n<\/span><\/li>\n<li><span style=\"font-weight: 400;\"> TFO II: <\/span><i><span style=\"font-weight: 400;\">Material did\u00e1ctico y discapacidad neuromotora (<\/span><\/i><span style=\"font-weight: 400;\">26)<\/span><\/li>\n<li><span style=\"font-weight: 400;\"> Campo de la Pr\u00e1ctica III (20 21 22 23 25)<\/span><\/li>\n<\/ol>\n<p><b>Cuarto a\u00f1o<\/b><\/p>\n<ol start=\"37\">\n<li><span style=\"font-weight: 400;\"> Dimensi\u00f3n \u00e9tico pol\u00edtica de la praxis docente<\/span><\/li>\n<li><span style=\"font-weight: 400;\"> Reflexi\u00f3n filos\u00f3fica de la educaci\u00f3n (3)<\/span><\/li>\n<li><span style=\"font-weight: 400;\"> Interacciones sociales<\/span><\/li>\n<li><span style=\"font-weight: 400;\"> Psicopatolog\u00eda (28)<\/span><\/li>\n<li><span style=\"font-weight: 400;\"> Formaci\u00f3n laboral<\/span><\/li>\n<li><span style=\"font-weight: 400;\"> Curriculum y discapacidad neuromotora II (32)<\/span><\/li>\n<li><span style=\"font-weight: 400;\"> Trastornos del lenguaje en neuromotores<\/span><\/li>\n<li><span style=\"font-weight: 400;\"> Seminario de TES<\/span><\/li>\n<li><span style=\"font-weight: 400;\"> Seminario de TEDL<\/span><\/li>\n<li><span style=\"font-weight: 400;\"> Multidiscapacidad<\/span><\/li>\n<li><span style=\"font-weight: 400;\"> Educaci\u00f3n y nuevas tecnolog\u00edas<\/span><\/li>\n<li><span style=\"font-weight: 400;\"> Pol\u00edtica y legislaci\u00f3n referida a la discapacidad<\/span><\/li>\n<li><span style=\"font-weight: 400;\"> TFO III: <\/span><i><span style=\"font-weight: 400;\">Rehabilitaci\u00f3n en j\u00f3venes y adultos <\/span><\/i><span style=\"font-weight: 400;\">(35)<\/span><\/li>\n<li><span style=\"font-weight: 400;\"> Campo de la Pr\u00e1ctica IV (36 16)<\/span><\/li>\n<\/ol>\n<p><b>CARACTERIZACI\u00d3N SORDOS E HIPOAC\u00daSICOS*<\/b><\/p>\n<p><b>Tercer a\u00f1o<\/b><\/p>\n<p>27. Historia, pol\u00edtica y legislaci\u00f3n argentina<br \/>\n28. Psicolog\u00eda del Desarrollo y del Aprendizaje III (17)<br \/>\n29. Abordaje psicopedag\u00f3gico de los sujetos con discapacidad<br \/>\n30. Anatomofisiolog\u00eda y patolog\u00eda de la audici\u00f3n y fonaci\u00f3n (19)<br \/>\n31. Espa\u00f1ol<br \/>\n32. Curriculum y discapacidad auditiva I (16)<br \/>\n33. Did\u00e1ctica de la lengua oral I (20)<br \/>\n34. Did\u00e1ctica de la lengua escrita I (20)<br \/>\n35. A.T.D.I.<br \/>\n36. Lengua de se\u00f1as argentina I (26)<br \/>\n37. Campo de la Pr\u00e1ctica III (20 21 22 23 25)<\/p>\n<p><b>Cuarto a\u00f1o<\/b><\/p>\n<ol start=\"38\">\n<li><span style=\"font-weight: 400;\"> Reflexi\u00f3n filos\u00f3fica de la educaci\u00f3n (3)<\/span><\/li>\n<li><span style=\"font-weight: 400;\"> Dimensi\u00f3n \u00e9tico pol\u00edtica de la praxis docente<\/span><\/li>\n<li><span style=\"font-weight: 400;\"> Interacciones sociales<\/span><\/li>\n<li><span style=\"font-weight: 400;\"> Psicopatolog\u00eda (28)<\/span><\/li>\n<li><span style=\"font-weight: 400;\"> Did\u00e1ctica de la lengua oral II (33)<\/span><\/li>\n<li><span style=\"font-weight: 400;\"> Did\u00e1ctica de la lengua escrita II (34)<\/span><\/li>\n<li><span style=\"font-weight: 400;\"> Lengua de se\u00f1as argentina II (36)<\/span><\/li>\n<li><span style=\"font-weight: 400;\"> Formaci\u00f3n laboral<\/span><\/li>\n<li><span style=\"font-weight: 400;\"> Psicoling\u00fc\u00edstica<\/span><\/li>\n<li><span style=\"font-weight: 400;\"> Educaci\u00f3n y nuevas tecnolog\u00edas<\/span><\/li>\n<li><span style=\"font-weight: 400;\"> Pol\u00edticas y legislaci\u00f3n del discapacitado<\/span><\/li>\n<li><span style=\"font-weight: 400;\"> TFO II: <\/span><i><span style=\"font-weight: 400;\">Comunicaci\u00f3n y juego en el ni\u00f1o sordo<\/span><\/i><\/li>\n<li><span style=\"font-weight: 400;\"> Campo de la Pr\u00e1ctica IV (37)<\/span><\/li>\n<\/ol>\n<p><span style=\"font-weight: 400;\">*Recuerde que para cursar Pr\u00e1ctica III y Pr\u00e1ctica IV es necesario contar con el apto fonoaudiol\u00f3gico.<\/span><\/p>\n<p><span style=\"font-weight: 400;\">*TFO: Nombre y contenidos de los mismos pueden variar seg\u00fan el a\u00f1o de cursada.<\/span><\/p>\n<p><strong>NOTA: Los n\u00fameros consignados entre par\u00e9ntesis indican N\u00b0 de materia correlativa. Esto quiere decir que para cursar la materia que se indica se deber\u00e1 haber cursado previamente la materia correlativa a la misma.<\/strong><\/p>\n<p>Para cursar 3er A\u00f1o, los\/as estudiante deber\u00e1 tener la cursada aprobada de las materias de 1er A\u00f1o. Para cursar 4\u00ba A\u00f1o deber\u00e1 tener la cursada aprobada de 1\u00ba y 2\u00ba A\u00f1o.<\/p>\n","protected":false},"excerpt":{"rendered":"<p>Plan autorizado por Resoluci\u00f3n\u00a0 N\u00b01009\/09\u00a0 Presentaci\u00f3n: El Profesorado de Educaci\u00f3n Especial forma docentes para desempe\u00f1arse en la modalidad de Educaci\u00f3n Especial del sistema educativo. Posee 4 a\u00f1os de duraci\u00f3n y se cursa en Turno Tarde y Vespertino. Cuenta con cuatro caracterizaciones: Neuromotores Intelectuales Ciegos y disminu\u00eddos visuales Sordos e Hipoac\u00fasicos Plan de estudios: Primer a\u00f1o &#8230; <a title=\"Profesorado de Educaci\u00f3n Especial 2025\" class=\"read-more\" href=\"https:\/\/isfd1-bue.infd.edu.ar\/sitio\/profesorados-educ-especial\/\" aria-label=\"More on Profesorado de Educaci\u00f3n Especial 2025\">[+]<\/a><\/p>\n","protected":false},"author":7,"featured_media":0,"parent":0,"menu_order":0,"comment_status":"closed","ping_status":"closed","template":"","meta":[],"acf":[],"_links":{"self":[{"href":"https:\/\/isfd1-bue.infd.edu.ar\/sitio\/wp-json\/wp\/v2\/pages\/829"}],"collection":[{"href":"https:\/\/isfd1-bue.infd.edu.ar\/sitio\/wp-json\/wp\/v2\/pages"}],"about":[{"href":"https:\/\/isfd1-bue.infd.edu.ar\/sitio\/wp-json\/wp\/v2\/types\/page"}],"author":[{"embeddable":true,"href":"https:\/\/isfd1-bue.infd.edu.ar\/sitio\/wp-json\/wp\/v2\/users\/7"}],"replies":[{"embeddable":true,"href":"https:\/\/isfd1-bue.infd.edu.ar\/sitio\/wp-json\/wp\/v2\/comments?post=829"}],"version-history":[{"count":23,"href":"https:\/\/isfd1-bue.infd.edu.ar\/sitio\/wp-json\/wp\/v2\/pages\/829\/revisions"}],"predecessor-version":[{"id":5790,"href":"https:\/\/isfd1-bue.infd.edu.ar\/sitio\/wp-json\/wp\/v2\/pages\/829\/revisions\/5790"}],"wp:attachment":[{"href":"https:\/\/isfd1-bue.infd.edu.ar\/sitio\/wp-json\/wp\/v2\/media?parent=829"}],"curies":[{"name":"wp","href":"https:\/\/api.w.org\/{rel}","templated":true}]}}