{"id":827,"date":"2018-06-28T16:56:49","date_gmt":"2018-06-28T19:56:49","guid":{"rendered":"https:\/\/isfd1-bue.infd.edu.ar\/sitio\/biblioteca\/"},"modified":"2026-03-26T08:30:36","modified_gmt":"2026-03-26T11:30:36","slug":"biblioteca","status":"publish","type":"page","link":"https:\/\/isfd1-bue.infd.edu.ar\/sitio\/biblioteca\/","title":{"rendered":"BIBLIOTECA"},"content":{"rendered":"\n<p>Los <strong>PROGRAMAS<\/strong> se solicitan de manera presencial en la biblioteca, el tr\u00e1mite demora 72 hs.<\/p>\n\n\n\n<p>Es <strong>IMPRESINDEIBLE<\/strong> traer:<\/p>\n\n\n\n<ul>\n<li><strong>DNI<\/strong>.<\/li>\n\n\n\n<li>Fotocopia del <strong>T\u00cdTULO<\/strong> o fotocopia del <strong>ANAL\u00cdTICO PARCIAL<\/strong>.<\/li>\n<\/ul>\n\n\n<h1 style=\"text-align: center;\"><a href=\"http:\/\/www.abcdonline.com.ar\/isfd1\/\" target=\"_blank\" rel=\"noopener\">Ingresar al c\u00e1talogo virtual aqu\u00ed<\/a><\/h1>\n<p style=\"text-align: left;\">Biblioteca del Uno cuenta con una colecci\u00f3n de m\u00e1s de 14 mil ejemplares; videoteca con 200 pel\u00edculas en formato DVD y toda la bibliograf\u00eda actualizada y especializada para la formaci\u00f3n docente.<\/p>\n<p>En 2020 hemos incorporado un repositorio de materiales digitales que incluye los dise\u00f1os curriculares de la Provincia, los n\u00facleos de aprendizaje prioritarios para distintos niveles y modalidades (NAP), materiales oficiales del Programa Nacional de Lectura, del Programa Nacional de ESI y de Educaci\u00f3n y Memoria. Todos de f\u00e1cil descarga a trav\u00e9s de nuestro cat\u00e1logo virtual.<\/p>\n<p>La atenci\u00f3n presencial incluye\u00a0servicio de referencia personalizada; consulta en sala y pr\u00e9stamo a domicilio. Los materiales se encuentran a disposici\u00f3n de estudiantes, docentes y graduada\/os.<\/p>\n<p>Biblioteca del Uno organiza anualmente m\u00faltiples actividades, tales como suelta de libros, concursos literarios y charlas informativas con el fin de promover e incentivar la b\u00fasqueda y el intercambio entre lectores.<\/p>\n<p>Funciona en planta baja, en los tres turnos y los s\u00e1bados por la ma\u00f1ana.<\/p>\n<p>Se puede consultar el cat\u00e1logo completo y repositorio de materiales digitales en l\u00ednea haciendo click\u00a0<a href=\"http:\/\/www.abcdonline.com.ar\/isfd1\" target=\"_blank\" rel=\"noopener\">aqu\u00ed:<\/a><\/p>\n<p>Listado de pel\u00edculas (formato DVD) aqu\u00ed:\u00a0<a href=\"https:\/\/isfd1-bue.infd.edu.ar\/sitio\/wp-content\/uploads\/2020\/02\/LISTADO_DE_PEL\u00cdCULAS.docx\">LISTADO_DE_PEL\u00cdCULAS<\/a><\/p>\n<p>Listado de pel\u00edculas de la Colecci\u00f3n educ.ar (en formato DVD) aqu\u00ed:\u00a0<a href=\"https:\/\/isfd1-bue.infd.edu.ar\/sitio\/wp-content\/uploads\/2020\/02\/ARCHIVO_FILMICO_PEDAGOGICO_20-8.2015.docx\">ARCHIVO_FILMICO_PEDAGOGICO_20-8.2015<\/a><\/p>\n<h1>\u00a0<\/h1>\n<h1><span style=\"color: #000080;\">\u00a1Nuevo!\u00a0<\/span><\/h1>\n<h1><span style=\"color: #000080;\">\u00bfC\u00f3mo buscar los materiales digitalizados de la biblioteca?<\/span><\/h1>\n<p>&#x1f517;Entr\u00e1 a este link: <a href=\"https:\/\/isfd1.bibliotecarios.ar\" target=\"_blank\" rel=\"noopener\">https:\/\/isfd1.bibliotecarios.ar<\/a>\u00a0y pon\u00e9 en el buscador lo siguiente:<\/p>\n<p>la palabra \u00abrepositorio\u00bb + la palabra\u00a0 \u00abnap\u00bb \u00abesi\u00bb \u00abdise\u00f1os curriculares\u00bb \u00abliteratura bicentenario\u00bb \u00abeducaci\u00f3n y memoria\u00bb \u00abHistoria\u00bb \u00abcuento\u00bb \u00abpoes\u00eda\u00bb \u00abgeograf\u00eda\u00bb \u00abeducaci\u00f3n ambiental\u00bb \u00abidentidad\u00bb<\/p>\n<p>&#x1f4a1;\u00a1Listo! Empez\u00e1 a descargarte todos los materiales para tener tu primera biblioteca digital docente&#x1f4aa;<\/p>\n<h2><span style=\"color: #000080;\">Biblioteca del Uno<\/span><\/h2>","protected":false},"excerpt":{"rendered":"<p>Los PROGRAMAS se solicitan de manera presencial en la biblioteca, el tr\u00e1mite demora 72 hs. Es IMPRESINDEIBLE traer: Ingresar al c\u00e1talogo virtual aqu\u00ed Biblioteca del Uno cuenta con una colecci\u00f3n de m\u00e1s de 14 mil ejemplares; videoteca con 200 pel\u00edculas en formato DVD y toda la bibliograf\u00eda actualizada y especializada para la formaci\u00f3n docente. En &#8230; <a title=\"BIBLIOTECA\" class=\"read-more\" href=\"https:\/\/isfd1-bue.infd.edu.ar\/sitio\/biblioteca\/\" aria-label=\"More on BIBLIOTECA\">[+]<\/a><\/p>\n","protected":false},"author":7,"featured_media":0,"parent":0,"menu_order":0,"comment_status":"closed","ping_status":"closed","template":"","meta":[],"acf":[],"_links":{"self":[{"href":"https:\/\/isfd1-bue.infd.edu.ar\/sitio\/wp-json\/wp\/v2\/pages\/827"}],"collection":[{"href":"https:\/\/isfd1-bue.infd.edu.ar\/sitio\/wp-json\/wp\/v2\/pages"}],"about":[{"href":"https:\/\/isfd1-bue.infd.edu.ar\/sitio\/wp-json\/wp\/v2\/types\/page"}],"author":[{"embeddable":true,"href":"https:\/\/isfd1-bue.infd.edu.ar\/sitio\/wp-json\/wp\/v2\/users\/7"}],"replies":[{"embeddable":true,"href":"https:\/\/isfd1-bue.infd.edu.ar\/sitio\/wp-json\/wp\/v2\/comments?post=827"}],"version-history":[{"count":28,"href":"https:\/\/isfd1-bue.infd.edu.ar\/sitio\/wp-json\/wp\/v2\/pages\/827\/revisions"}],"predecessor-version":[{"id":6565,"href":"https:\/\/isfd1-bue.infd.edu.ar\/sitio\/wp-json\/wp\/v2\/pages\/827\/revisions\/6565"}],"wp:attachment":[{"href":"https:\/\/isfd1-bue.infd.edu.ar\/sitio\/wp-json\/wp\/v2\/media?parent=827"}],"curies":[{"name":"wp","href":"https:\/\/api.w.org\/{rel}","templated":true}]}}