{"id":819,"date":"2018-06-28T16:56:46","date_gmt":"2018-06-28T19:56:46","guid":{"rendered":"https:\/\/isfd1-bue.infd.edu.ar\/sitio\/profesorado-de-educacion-inicial\/"},"modified":"2025-04-22T11:14:50","modified_gmt":"2025-04-22T14:14:50","slug":"profesorado-de-educacion-inicial","status":"publish","type":"page","link":"https:\/\/isfd1-bue.infd.edu.ar\/sitio\/profesorado-de-educacion-inicial\/","title":{"rendered":"Profesorado de Educaci\u00f3n Inicial 2025"},"content":{"rendered":"<p><img decoding=\"async\" loading=\"lazy\" class=\"alignnone size-medium wp-image-1662\" src=\"https:\/\/isfd1-bue.infd.edu.ar\/sitio\/wp-content\/uploads\/2020\/03\/4-1000x182.jpg\" alt=\"\" width=\"1000\" height=\"182\" srcset=\"https:\/\/isfd1-bue.infd.edu.ar\/sitio\/wp-content\/uploads\/2020\/03\/4-1000x182.jpg 1000w, https:\/\/isfd1-bue.infd.edu.ar\/sitio\/wp-content\/uploads\/2020\/03\/4-768x140.jpg 768w, https:\/\/isfd1-bue.infd.edu.ar\/sitio\/wp-content\/uploads\/2020\/03\/4-1900x345.jpg 1900w, https:\/\/isfd1-bue.infd.edu.ar\/sitio\/wp-content\/uploads\/2020\/03\/4-1100x200.jpg 1100w, https:\/\/isfd1-bue.infd.edu.ar\/sitio\/wp-content\/uploads\/2020\/03\/4-620x113.jpg 620w, https:\/\/isfd1-bue.infd.edu.ar\/sitio\/wp-content\/uploads\/2020\/03\/4-400x73.jpg 400w\" sizes=\"(max-width: 1000px) 100vw, 1000px\" \/><\/p>\n<p style=\"text-align: right;\"><b>Plan autorizado por Resoluci\u00f3n N\u00b0: 4154\/07<\/b><\/p>\n<p><strong>Presentaci\u00f3n:<\/strong><\/p>\n<p>El Profesorado de\u00a0 Educaci\u00f3n Inicial forma docentes para desempe\u00f1arse en el nivel inicial del sistema educativo. Posee 4 a\u00f1os de duraci\u00f3n y se\u00a0cursa en el Turno\u00a0Ma\u00f1ana y\/o Tarde, a elecci\u00f3n del estudiante.<\/p>\n<p><strong>Plan de estudios:<\/strong><\/p>\n<p><b>Primer a\u00f1o<\/b><\/p>\n<ol>\n<li style=\"font-weight: 400;\"><span style=\"font-weight: 400;\">Taller de lectura, escritura y oralidad<\/span><\/li>\n<li style=\"font-weight: 400;\"><span style=\"font-weight: 400;\">Taller de pensamiento l\u00f3gico matem\u00e1tico<\/span><\/li>\n<li style=\"font-weight: 400;\"><span style=\"font-weight: 400;\">Taller de definici\u00f3n institucional (TADI):\u00a0<\/span><i><span style=\"font-weight: 400;\">Historia Reciente, Pedagog\u00eda de la Memoria y Derechos Humanos<\/span><\/i><\/li>\n<li style=\"font-weight: 400;\"><span style=\"font-weight: 400;\">Filosof\u00eda<\/span><\/li>\n<li style=\"font-weight: 400;\"><span style=\"font-weight: 400;\">Did\u00e1ctica General<\/span><\/li>\n<li style=\"font-weight: 400;\"><span style=\"font-weight: 400;\">Pedagog\u00eda<\/span><\/li>\n<li style=\"font-weight: 400;\"><span style=\"font-weight: 400;\">An\u00e1lisis del mundo contempor\u00e1neo<\/span><\/li>\n<li style=\"font-weight: 400;\"><span style=\"font-weight: 400;\">Psicolog\u00eda del Desarrollo y el Aprendizaje I<\/span><\/li>\n<li style=\"font-weight: 400;\"><span style=\"font-weight: 400;\">Educaci\u00f3n Temprana<\/span><\/li>\n<li style=\"font-weight: 400;\"><span style=\"font-weight: 400;\">Corporeidad y motricidad<\/span><\/li>\n<li style=\"font-weight: 400;\"><span style=\"font-weight: 400;\">Pr\u00e1ctica Docente I<\/span><\/li>\n<\/ol>\n<p><b>Segundo a\u00f1o<\/b><\/p>\n<p>12. Teor\u00edas Sociopol\u00edticas y Educaci\u00f3n<br \/>\n13. Did\u00e1ctica y Curr\u00edculum de Nivel Inicial (5)<br \/>\n14. Psicolog\u00eda del Desarrollo y el Aprendizaje II (8)<br \/>\n15. Psicolog\u00eda Social e Institucional<br \/>\n16. Cultura, comunicaci\u00f3n y educaci\u00f3n<br \/>\n17. Educaci\u00f3n Pl\u00e1stica<br \/>\n18. Did\u00e1ctica de Pr\u00e1cticas del Lenguaje y la Literatura I<br \/>\n19. Did\u00e1ctica de las Ciencias Sociales I<br \/>\n20. Did\u00e1ctica\u00a0 de las Ciencias Naturales I<br \/>\n21. Did\u00e1ctica de la Matem\u00e1tica I<br \/>\n22. Pr\u00e1ctica Docente II (11)<br \/>\n23. Trayecto Formativo Opcional (TFO) l: <em>Pedagog\u00eda de la crianza y educaci\u00f3n maternal<\/em><\/p>\n<p><strong>Tercer a\u00f1o\u00a0<\/strong><\/p>\n<p>24. Historia y Prospectiva de la Educaci\u00f3n<br \/>\n25. Pol\u00edticas, Legislaci\u00f3n y Administraci\u00f3n\u00a0 del Trabajo Escolar<br \/>\n26. Juego y Desarrollo infantil (8)<br \/>\n27. Medios audiovisuales, Tics y educaci\u00f3n<br \/>\n28. Educaci\u00f3n Musical<br \/>\n29. Educaci\u00f3n F\u00edsica Escolar<br \/>\n30. Taller de Literatura infantil (18)<br \/>\n31. Taller de Ciencias Sociales (19)<br \/>\n32. Taller de Ciencias Naturales (20)<br \/>\n33. Taller de Matem\u00e1tica (21)<br \/>\n34. Producci\u00f3n de materiales y objetos l\u00fadicos<br \/>\n35. Pr\u00e1ctica Docente III (13, 18, 19, 20, 21, 22)<br \/>\n36. Trayecto Formativo Opcional II (TFO)*: <em>Marcos did\u00e1cticos referenciales para la Educaci\u00f3n maternal<\/em><\/p>\n<p><strong>Cuarto a\u00f1o<\/strong><\/p>\n<p>37. Reflexi\u00f3n filos\u00f3fica de la Educaci\u00f3n (4, 6)<br \/>\n38. Dimensi\u00f3n \u00c9tico-Pol\u00edtica de la Praxis Docente (12)<br \/>\n39. Educaci\u00f3n en y para la Salud<br \/>\n40. Ateneo de Pr\u00e1cticas del Lenguaje y la Literatura (30)<br \/>\n41. Ateneo de la Matem\u00e1tica (33)<br \/>\n42. Ateneo de Naturaleza y Sociedad (31, 32)<br \/>\n43. Ateneo de Nuevas Expresiones Est\u00e9ticas<br \/>\n44. Pr\u00e1ctica Docente IV (30, 31, 32, 33, 35)<\/p>\n<p>*TFO y TADI: Nombre y contenidos de los mismos pueden variar seg\u00fan el a\u00f1o de cursada.<\/p>\n<p><strong>NOTA: Los n\u00fameros consignados entre par\u00e9ntesis indican N\u00b0 de materia correlativa. Esto quiere decir que para cursar la materia que se indica se deber\u00e1 haber cursado previamente la materia correlativa a la misma.<\/strong><\/p>\n<p>Para cursar 3er A\u00f1o, los\/as estudiantes deber\u00e1n tener la cursada aprobada de las materias de 1er A\u00f1o. Para cursar 4\u00ba A\u00f1o deber\u00e1n tener la cursada aprobada de 1\u00ba y 2\u00ba A\u00f1o.<\/p>\n","protected":false},"excerpt":{"rendered":"<p>Plan autorizado por Resoluci\u00f3n N\u00b0: 4154\/07 Presentaci\u00f3n: El Profesorado de\u00a0 Educaci\u00f3n Inicial forma docentes para desempe\u00f1arse en el nivel inicial del sistema educativo. Posee 4 a\u00f1os de duraci\u00f3n y se\u00a0cursa en el Turno\u00a0Ma\u00f1ana y\/o Tarde, a elecci\u00f3n del estudiante. Plan de estudios: Primer a\u00f1o Taller de lectura, escritura y oralidad Taller de pensamiento l\u00f3gico matem\u00e1tico &#8230; <a title=\"Profesorado de Educaci\u00f3n Inicial 2025\" class=\"read-more\" href=\"https:\/\/isfd1-bue.infd.edu.ar\/sitio\/profesorado-de-educacion-inicial\/\" aria-label=\"More on Profesorado de Educaci\u00f3n Inicial 2025\">[+]<\/a><\/p>\n","protected":false},"author":7,"featured_media":0,"parent":0,"menu_order":0,"comment_status":"closed","ping_status":"closed","template":"","meta":[],"acf":[],"_links":{"self":[{"href":"https:\/\/isfd1-bue.infd.edu.ar\/sitio\/wp-json\/wp\/v2\/pages\/819"}],"collection":[{"href":"https:\/\/isfd1-bue.infd.edu.ar\/sitio\/wp-json\/wp\/v2\/pages"}],"about":[{"href":"https:\/\/isfd1-bue.infd.edu.ar\/sitio\/wp-json\/wp\/v2\/types\/page"}],"author":[{"embeddable":true,"href":"https:\/\/isfd1-bue.infd.edu.ar\/sitio\/wp-json\/wp\/v2\/users\/7"}],"replies":[{"embeddable":true,"href":"https:\/\/isfd1-bue.infd.edu.ar\/sitio\/wp-json\/wp\/v2\/comments?post=819"}],"version-history":[{"count":25,"href":"https:\/\/isfd1-bue.infd.edu.ar\/sitio\/wp-json\/wp\/v2\/pages\/819\/revisions"}],"predecessor-version":[{"id":5787,"href":"https:\/\/isfd1-bue.infd.edu.ar\/sitio\/wp-json\/wp\/v2\/pages\/819\/revisions\/5787"}],"wp:attachment":[{"href":"https:\/\/isfd1-bue.infd.edu.ar\/sitio\/wp-json\/wp\/v2\/media?parent=819"}],"curies":[{"name":"wp","href":"https:\/\/api.w.org\/{rel}","templated":true}]}}