{"id":813,"date":"2018-06-28T16:56:44","date_gmt":"2018-06-28T19:56:44","guid":{"rendered":"https:\/\/isfd1-bue.infd.edu.ar\/sitio\/profesorado-en-geografia\/"},"modified":"2025-04-22T10:37:22","modified_gmt":"2025-04-22T13:37:22","slug":"profesorado-en-geografia","status":"publish","type":"page","link":"https:\/\/isfd1-bue.infd.edu.ar\/sitio\/profesorado-en-geografia\/","title":{"rendered":"Profesorado de Educaci\u00f3n Secundaria en Geograf\u00eda 2025"},"content":{"rendered":"<p><img decoding=\"async\" loading=\"lazy\" class=\"alignnone size-medium wp-image-1657\" src=\"https:\/\/isfd1-bue.infd.edu.ar\/sitio\/wp-content\/uploads\/2020\/03\/1-1000x182.jpg\" alt=\"\" width=\"1000\" height=\"182\" srcset=\"https:\/\/isfd1-bue.infd.edu.ar\/sitio\/wp-content\/uploads\/2020\/03\/1-1000x182.jpg 1000w, https:\/\/isfd1-bue.infd.edu.ar\/sitio\/wp-content\/uploads\/2020\/03\/1-768x140.jpg 768w, https:\/\/isfd1-bue.infd.edu.ar\/sitio\/wp-content\/uploads\/2020\/03\/1-1900x345.jpg 1900w, https:\/\/isfd1-bue.infd.edu.ar\/sitio\/wp-content\/uploads\/2020\/03\/1-1100x200.jpg 1100w, https:\/\/isfd1-bue.infd.edu.ar\/sitio\/wp-content\/uploads\/2020\/03\/1-620x113.jpg 620w, https:\/\/isfd1-bue.infd.edu.ar\/sitio\/wp-content\/uploads\/2020\/03\/1-400x73.jpg 400w\" sizes=\"(max-width: 1000px) 100vw, 1000px\" \/><\/p>\n<p style=\"text-align: right;\"><b>&nbsp;Plan autorizado por Resoluci\u00f3n N\u00b013259\/99<\/b><\/p>\n<p><strong>Presentaci\u00f3n:<\/strong><\/p>\n<p>El Profesorado de Educaci\u00f3n Secundaria en Geograf\u00eda forma docentes para desempe\u00f1arse en el nivel secundario del sistema educativo. Posee 4 a\u00f1os de duraci\u00f3n y se&nbsp;cursa en el Turno Vespertino.<\/p>\n<p>&nbsp;<\/p>\n<p><strong>Plan de estudios:<\/strong><\/p>\n<p><b>Primer a\u00f1o<\/b><\/p>\n<p><span style=\"font-weight: 400;\">1.Perspectiva Filos\u00f3fico Pedag\u00f3gica I<\/span><\/p>\n<p><span style=\"font-weight: 400;\">2.Perspectiva Pedag\u00f3gico Did\u00e1ctica I<\/span><\/p>\n<p><span style=\"font-weight: 400;\">3.Perspectiva Socio-Pol\u00edtica<\/span><\/p>\n<p><span style=\"font-weight: 400;\">4.Psicolog\u00eda y Cultura en la Educaci\u00f3n<\/span><\/p>\n<p><span style=\"font-weight: 400;\">5.Perspectiva Espacio-Temporal de Argentina y Am\u00e9rica<\/span><\/p>\n<p><span style=\"font-weight: 400;\">6.Perspectiva Espacio Temporal Mundial<\/span><\/p>\n<p><span style=\"font-weight: 400;\">7.Antropolog\u00eda&nbsp;&nbsp;<\/span><\/p>\n<p><span style=\"font-weight: 400;\">8.Integraci\u00f3n Areal I<\/span><\/p>\n<p><span style=\"font-weight: 400;\">9.Espacio de la Pr\u00e1ctica Docente I<\/span><\/p>\n<p>&nbsp;<\/p>\n<p><b>Segundo a\u00f1o<\/b><\/p>\n<p><span style=\"font-weight: 400;\">10.Perspectiva Filos\u00f3fico Pedag\u00f3gica II (1)<\/span><\/p>\n<p><span style=\"font-weight: 400;\">11.Perspectiva Pedag\u00f3gico Did\u00e1ctica II (Did\u00e1ctica Especial) (2)<\/span><\/p>\n<p><span style=\"font-weight: 400;\">12.Psicolog\u00eda y Cultura del Alumno de E.G.B. 3 y Polimodal (4)<\/span><\/p>\n<p><span style=\"font-weight: 400;\">13.Perspectiva Ambiental I (5,6)<\/span><\/p>\n<p><span style=\"font-weight: 400;\">14.Perspectiva Social (5,6,7)<\/span><\/p>\n<p><span style=\"font-weight: 400;\">15.Econom\u00eda .<\/span><\/p>\n<p><span style=\"font-weight: 400;\">16.Sociolog\u00eda<\/span><\/p>\n<p><span style=\"font-weight: 400;\">17.Historia I (5,6,7)<\/span><\/p>\n<p><span style=\"font-weight: 400;\">18.Integraci\u00f3n Areal II(8)<\/span><\/p>\n<p><span style=\"font-weight: 400;\">19.Espacio de la Pr\u00e1ctica Docente II &nbsp; (Todos los Espacios Curriculares de Primer A\u00f1o Aptitud fonoaudiol\u00f3gica)&nbsp;&nbsp;&nbsp;&nbsp;&nbsp;&nbsp;&nbsp;&nbsp;&nbsp;&nbsp;&nbsp;&nbsp;&nbsp;&nbsp;&nbsp;<\/span><\/p>\n<p>&nbsp;<\/p>\n<p><b>Tercer a\u00f1o<\/b><\/p>\n<p><span style=\"font-weight: 400;\">20.Perspectiva Filos\u00f3fico Pedag\u00f3gico Did\u00e1ctica (10,11,12)<\/span><\/p>\n<p><span style=\"font-weight: 400;\">21..Perspectiva Pol\u00edtico Institucional (3)<\/span><\/p>\n<p><span style=\"font-weight: 400;\">22.Geograf\u00eda Urbana y Rural (13, 14,15,16)<\/span><\/p>\n<p><span style=\"font-weight: 400;\">23.Geograf\u00eda Pol\u00edtica (14,15,16)<\/span><\/p>\n<p><span style=\"font-weight: 400;\">24.Organizaci\u00f3n econ\u00f3mica del espacio (15)<\/span><\/p>\n<p><span style=\"font-weight: 400;\">25.Geograf\u00eda ambiental II (13)<\/span><\/p>\n<p>26. Investigaci\u00f3n Geogr\u00e1fica I (13, 14,15,16,18)<\/p>\n<p><span style=\"font-weight: 400;\">27.Historia II (17)<\/span><\/p>\n<p><span style=\"font-weight: 400;\">28.Problem\u00e1tica Pol\u00edtica, Jur\u00eddica y Ciudadana<\/span><\/p>\n<p><span style=\"font-weight: 400;\">29.Epistemolog\u00eda e Historia de las Ciencias Sociales (13,14,15,16,17)<\/span><\/p>\n<p><span style=\"font-weight: 400;\">30.Espacio de la Pr\u00e1ctica Docente III (todos los espacios curriculares de segundo a\u00f1o)<\/span><\/p>\n<p>&nbsp;<\/p>\n<p><b>Cuarto a\u00f1o<\/b><\/p>\n<p><span style=\"font-weight: 400;\">31.Problemas espaciales mundiales (22,23,24,25)<\/span><\/p>\n<p><span style=\"font-weight: 400;\">32.Problemas espaciales americanos (17,22,23,24,25)<\/span><\/p>\n<p><span style=\"font-weight: 400;\">33.Organizaci\u00f3n del espacio argentino (22,23,24,25, 27)<\/span><\/p>\n<p><span style=\"font-weight: 400;\">34.Investigaci\u00f3n geogr\u00e1fica II (22,23,24,25,26)<\/span><\/p>\n<p><span style=\"font-weight: 400;\">35.Historia III (27,28)<\/span><\/p>\n<p><span style=\"font-weight: 400;\">36.E.D.I. (Espacio de Definici\u00f3n Institucional)<\/span><i><span style=\"font-weight: 400;\">Turismo Investigaci\u00f3n <\/span><\/i><span style=\"font-weight: 400;\">(26)&nbsp;<\/span><\/p>\n<p><span style=\"font-weight: 400;\">37.Espacio de la Pr\u00e1ctica Docente IV (todos los espacios curriculares de tercer a\u00f1o)<\/span><\/p>\n<p>&nbsp;<\/p>\n<p><span style=\"font-weight: 400;\">*EDI: Nombre y contenidos de los mismos pueden variar seg\u00fan el a\u00f1o de cursada.<\/span><\/p>\n<p><strong>NOTA: Los n\u00fameros consignados entre par\u00e9ntesis indican N\u00b0 de materia correlativa. Esto quiere decir que para cursar la materia que se indica se deber\u00e1 haber cursado previamente la materia correlativa a la misma.<\/strong><\/p>\n","protected":false},"excerpt":{"rendered":"<p>&nbsp;Plan autorizado por Resoluci\u00f3n N\u00b013259\/99 Presentaci\u00f3n: El Profesorado de Educaci\u00f3n Secundaria en Geograf\u00eda forma docentes para desempe\u00f1arse en el nivel secundario del sistema educativo. Posee 4 a\u00f1os de duraci\u00f3n y se&nbsp;cursa en el Turno Vespertino. &nbsp; Plan de estudios: Primer a\u00f1o 1.Perspectiva Filos\u00f3fico Pedag\u00f3gica I 2.Perspectiva Pedag\u00f3gico Did\u00e1ctica I 3.Perspectiva Socio-Pol\u00edtica 4.Psicolog\u00eda y Cultura en &#8230; <a title=\"Profesorado de Educaci\u00f3n Secundaria en Geograf\u00eda 2025\" class=\"read-more\" href=\"https:\/\/isfd1-bue.infd.edu.ar\/sitio\/profesorado-en-geografia\/\" aria-label=\"More on Profesorado de Educaci\u00f3n Secundaria en Geograf\u00eda 2025\">[+]<\/a><\/p>\n","protected":false},"author":7,"featured_media":0,"parent":0,"menu_order":0,"comment_status":"closed","ping_status":"closed","template":"","meta":[],"acf":[],"_links":{"self":[{"href":"https:\/\/isfd1-bue.infd.edu.ar\/sitio\/wp-json\/wp\/v2\/pages\/813"}],"collection":[{"href":"https:\/\/isfd1-bue.infd.edu.ar\/sitio\/wp-json\/wp\/v2\/pages"}],"about":[{"href":"https:\/\/isfd1-bue.infd.edu.ar\/sitio\/wp-json\/wp\/v2\/types\/page"}],"author":[{"embeddable":true,"href":"https:\/\/isfd1-bue.infd.edu.ar\/sitio\/wp-json\/wp\/v2\/users\/7"}],"replies":[{"embeddable":true,"href":"https:\/\/isfd1-bue.infd.edu.ar\/sitio\/wp-json\/wp\/v2\/comments?post=813"}],"version-history":[{"count":17,"href":"https:\/\/isfd1-bue.infd.edu.ar\/sitio\/wp-json\/wp\/v2\/pages\/813\/revisions"}],"predecessor-version":[{"id":5782,"href":"https:\/\/isfd1-bue.infd.edu.ar\/sitio\/wp-json\/wp\/v2\/pages\/813\/revisions\/5782"}],"wp:attachment":[{"href":"https:\/\/isfd1-bue.infd.edu.ar\/sitio\/wp-json\/wp\/v2\/media?parent=813"}],"curies":[{"name":"wp","href":"https:\/\/api.w.org\/{rel}","templated":true}]}}