{"id":6182,"date":"2025-12-15T08:17:59","date_gmt":"2025-12-15T11:17:59","guid":{"rendered":"https:\/\/isfd1-bue.infd.edu.ar\/sitio\/?page_id=6182"},"modified":"2025-12-15T08:18:00","modified_gmt":"2025-12-15T11:18:00","slug":"inscripciones-a-mesas-feb-mar-2026","status":"publish","type":"page","link":"https:\/\/isfd1-bue.infd.edu.ar\/sitio\/inscripciones-a-mesas-feb-mar-2026\/","title":{"rendered":"Inscripciones a MESAS FEB\/MAR 2026"},"content":{"rendered":"\n<p>Este formulario est\u00e1 destinado a los estudiantes que deseen inscribirse para rendir ex\u00e1menes en el \u00fanico llamado de&nbsp;<strong>FEBRERO \u2013 MARZO 2026<\/strong>, tanto en condici\u00f3n de&nbsp;<strong>REGULARES<\/strong>&nbsp;como de&nbsp;<strong>LIBRES<\/strong>.<\/p>\n\n\n\n<p>Los estudiantes que se inscriban como&nbsp;<strong>regulares<\/strong>&nbsp;deben tener la&nbsp;<strong>cursada aprobada<\/strong>&nbsp;para poder registrarse y rendir el examen correspondiente.<br>Asimismo, recordamos que deben inscribirse&nbsp;<strong>en el curso en el cual aprobaron la materia<\/strong>.<\/p>\n\n\n\n<p>Todos los campos de este formulario son&nbsp;<strong>obligatorios<\/strong>. En caso de detectar alg\u00fan error u omisi\u00f3n en la informaci\u00f3n enviada, por favor&nbsp;<strong>vuelva a completar el formulario<\/strong>&nbsp;y aclare la correcci\u00f3n en el \u00faltimo apartado, donde se consignan las materias.<\/p>\n\n\n\n<p><strong>IMPORTANTE:<\/strong><\/p>\n\n\n\n<p>En el \u00faltimo apartado indique las materias a rendir, especificando el nombre de la materia, el a\u00f1o, el curso y condici\u00f3n (<strong>REGULAR<\/strong>&nbsp;o&nbsp;<strong>LIBRE<\/strong>) una debajo del otra. <strong>Ejemplo:<\/strong><\/p>\n\n\n\n<p>*<strong>DID\u00c1CTICA GENERAL 1\u00ba5\u00ba REGULAR<\/strong><\/p>\n\n\n\n<p><strong>*PEDAGOG\u00cdA 1\u00b08\u00b0 LIBRE<\/strong><\/p>\n\n\n\n<p class=\"has-large-font-size\"><strong><mark style=\"background-color:var(--contrast-3)\" class=\"has-inline-color\">FORMULARIO DE INSCRIPCI\u00d3N:<\/mark><\/strong> <a rel=\"noreferrer noopener\" href=\"https:\/\/forms.gle\/8xjVFYT1r6xVNHeT8\" target=\"_blank\">https:\/\/forms.gle\/8xjVFYT1r6xVNHeT8<\/a><\/p>\n","protected":false},"excerpt":{"rendered":"<p>Este formulario est\u00e1 destinado a los estudiantes que deseen inscribirse para rendir ex\u00e1menes en el \u00fanico llamado de&nbsp;FEBRERO \u2013 MARZO 2026, tanto en condici\u00f3n de&nbsp;REGULARES&nbsp;como de&nbsp;LIBRES. Los estudiantes que se inscriban como&nbsp;regulares&nbsp;deben tener la&nbsp;cursada aprobada&nbsp;para poder registrarse y rendir el examen correspondiente.Asimismo, recordamos que deben inscribirse&nbsp;en el curso en el cual aprobaron la materia. Todos &#8230; <a title=\"Inscripciones a MESAS FEB\/MAR 2026\" class=\"read-more\" href=\"https:\/\/isfd1-bue.infd.edu.ar\/sitio\/inscripciones-a-mesas-feb-mar-2026\/\" aria-label=\"More on Inscripciones a MESAS FEB\/MAR 2026\">[+]<\/a><\/p>\n","protected":false},"author":1584,"featured_media":0,"parent":0,"menu_order":0,"comment_status":"closed","ping_status":"closed","template":"","meta":[],"acf":[],"_links":{"self":[{"href":"https:\/\/isfd1-bue.infd.edu.ar\/sitio\/wp-json\/wp\/v2\/pages\/6182"}],"collection":[{"href":"https:\/\/isfd1-bue.infd.edu.ar\/sitio\/wp-json\/wp\/v2\/pages"}],"about":[{"href":"https:\/\/isfd1-bue.infd.edu.ar\/sitio\/wp-json\/wp\/v2\/types\/page"}],"author":[{"embeddable":true,"href":"https:\/\/isfd1-bue.infd.edu.ar\/sitio\/wp-json\/wp\/v2\/users\/1584"}],"replies":[{"embeddable":true,"href":"https:\/\/isfd1-bue.infd.edu.ar\/sitio\/wp-json\/wp\/v2\/comments?post=6182"}],"version-history":[{"count":3,"href":"https:\/\/isfd1-bue.infd.edu.ar\/sitio\/wp-json\/wp\/v2\/pages\/6182\/revisions"}],"predecessor-version":[{"id":6186,"href":"https:\/\/isfd1-bue.infd.edu.ar\/sitio\/wp-json\/wp\/v2\/pages\/6182\/revisions\/6186"}],"wp:attachment":[{"href":"https:\/\/isfd1-bue.infd.edu.ar\/sitio\/wp-json\/wp\/v2\/media?parent=6182"}],"curies":[{"name":"wp","href":"https:\/\/api.w.org\/{rel}","templated":true}]}}