{"id":4991,"date":"2024-03-12T17:37:12","date_gmt":"2024-03-12T20:37:12","guid":{"rendered":"https:\/\/isfd1-bue.infd.edu.ar\/sitio\/?page_id=4991"},"modified":"2024-03-14T10:33:06","modified_gmt":"2024-03-14T13:33:06","slug":"boleto-estudiantil-nivel-terciario","status":"publish","type":"page","link":"https:\/\/isfd1-bue.infd.edu.ar\/sitio\/boleto-estudiantil-nivel-terciario\/","title":{"rendered":"Boleto Estudiantil nivel terciario"},"content":{"rendered":"\n<p>Los \u00fanicos requisitos son:<\/p>\n\n\n\n<ul>\n<li>Residir en la Provincia de Buenos Aires a una distancia mayor a dos mil metros (2.000 m) del establecimiento educativo.<\/li>\n\n\n\n<li>Asistir a una instituci\u00f3n educativa de Nivel Terciario, p\u00fablica o privada con aporte del estado, con sede en el AMBA o el Interior de la Provincia de Buenos Aires, en aquellas localidades que cuenten con SUBE.<\/li>\n\n\n\n<li>Estar cargado\/a en la plataforma ABC\/MIsEstudiantes como estudiante activo (de esto se encarga la instituci\u00f3n)<\/li>\n\n\n\n<li>Tener la tarjeta SUBE registrada a nombre del estudiante.<\/li>\n<\/ul>\n\n\n\n<p><strong>SI EL O LA ESTUDIANTE NO SE PUEDE INSCRIBIR<\/strong><\/p>\n\n\n\n<ol>\n<li>\u00a0Las y los estudiantes podr\u00e1n dirigir sus reclamos al Ministerio de Transporte a trav\u00e9s de mensaje de whatsApp al 0221 676-2590\u00a0 \u00a0o al correo:\u00a0\u00a0<strong><a href=\"mailto:boletoeducativoterciario@transporte.gba.gob.ar\">boletoeducativoterciario@transporte.gba.gob.ar<\/a><\/strong><\/li>\n<\/ol>\n\n\n\n<p><strong>Toda la informaci\u00f3n y preguntas frecuentes se encuentran en la pagina d Ministerio de Transporte:&nbsp;<a href=\"https:\/\/www.gba.gob.ar\/transporte\/boleto\">https:\/\/www.gba.gob.ar\/tr<\/a><a href=\"https:\/\/www.gba.gob.ar\/transporte\/boleto\" target=\"_blank\" rel=\"noreferrer noopener\">ansporte\/boleto<\/a><\/strong>&nbsp;Si hubiera estudiantes que no pueden resolver el inconveniente por las v\u00eda mencionadas les pedimos que nos escriban a:&nbsp;<em><strong><a href=\"mailto:politicasestudiantiles_dpe@abc.gob.ar\" target=\"_blank\" rel=\"noreferrer noopener\">politicasestudiantiles_dpe@abc.gob.ar<\/a><\/strong><\/em>&nbsp;consignando todos sus datos y en los posible im\u00e1genes con las respuestas que obtienen del sistema al intentar inscribirse.<br>Saludos cordiales&nbsp;&nbsp;<strong><br><\/strong><br><strong><em>Coordinaci\u00f3n de Pol\u00edticas Estudiantiles Direcci\u00f3n Provincial de Educaci\u00f3n Superior Subsecretar\u00eda de Educaci\u00f3n&nbsp;Direcci\u00f3n General de Cultura y Educaci\u00f3n de PBA<\/em><\/strong><\/p>\n","protected":false},"excerpt":{"rendered":"<p>Los \u00fanicos requisitos son: SI EL O LA ESTUDIANTE NO SE PUEDE INSCRIBIR Toda la informaci\u00f3n y preguntas frecuentes se encuentran en la pagina d Ministerio de Transporte:&nbsp;https:\/\/www.gba.gob.ar\/transporte\/boleto&nbsp;Si hubiera estudiantes que no pueden resolver el inconveniente por las v\u00eda mencionadas les pedimos que nos escriban a:&nbsp;politicasestudiantiles_dpe@abc.gob.ar&nbsp;consignando todos sus datos y en los posible im\u00e1genes con &#8230; <a title=\"Boleto Estudiantil nivel terciario\" class=\"read-more\" href=\"https:\/\/isfd1-bue.infd.edu.ar\/sitio\/boleto-estudiantil-nivel-terciario\/\" aria-label=\"More on Boleto Estudiantil nivel terciario\">[+]<\/a><\/p>\n","protected":false},"author":1584,"featured_media":0,"parent":0,"menu_order":0,"comment_status":"closed","ping_status":"closed","template":"","meta":[],"acf":[],"_links":{"self":[{"href":"https:\/\/isfd1-bue.infd.edu.ar\/sitio\/wp-json\/wp\/v2\/pages\/4991"}],"collection":[{"href":"https:\/\/isfd1-bue.infd.edu.ar\/sitio\/wp-json\/wp\/v2\/pages"}],"about":[{"href":"https:\/\/isfd1-bue.infd.edu.ar\/sitio\/wp-json\/wp\/v2\/types\/page"}],"author":[{"embeddable":true,"href":"https:\/\/isfd1-bue.infd.edu.ar\/sitio\/wp-json\/wp\/v2\/users\/1584"}],"replies":[{"embeddable":true,"href":"https:\/\/isfd1-bue.infd.edu.ar\/sitio\/wp-json\/wp\/v2\/comments?post=4991"}],"version-history":[{"count":5,"href":"https:\/\/isfd1-bue.infd.edu.ar\/sitio\/wp-json\/wp\/v2\/pages\/4991\/revisions"}],"predecessor-version":[{"id":5032,"href":"https:\/\/isfd1-bue.infd.edu.ar\/sitio\/wp-json\/wp\/v2\/pages\/4991\/revisions\/5032"}],"wp:attachment":[{"href":"https:\/\/isfd1-bue.infd.edu.ar\/sitio\/wp-json\/wp\/v2\/media?parent=4991"}],"curies":[{"name":"wp","href":"https:\/\/api.w.org\/{rel}","templated":true}]}}