{"id":3529,"date":"2021-08-13T11:48:51","date_gmt":"2021-08-13T14:48:51","guid":{"rendered":"https:\/\/isfd1-bue.infd.edu.ar\/sitio\/?page_id=3529"},"modified":"2021-08-13T11:55:44","modified_gmt":"2021-08-13T14:55:44","slug":"ensenanza-con-imagenes","status":"publish","type":"page","link":"https:\/\/isfd1-bue.infd.edu.ar\/sitio\/ensenanza-con-imagenes\/","title":{"rendered":"Ense\u00f1anza con im\u00e1genes"},"content":{"rendered":"\n<figure class=\"wp-block-embed is-type-wp-embed is-provider-postitulos-docentes-direccion-provincial-de-educacion-superior-dgcye wp-block-embed-postitulos-docentes-direccion-provincial-de-educacion-superior-dgcye\"><div class=\"wp-block-embed__wrapper\">\n<blockquote class=\"wp-embedded-content\" data-secret=\"xQGnyNvvQX\"><a href=\"https:\/\/postitulos.abc.gob.ar\/\">Especializaciones de nivel superior<\/a><\/blockquote><iframe class=\"wp-embedded-content\" sandbox=\"allow-scripts\" security=\"restricted\" style=\"position: absolute; clip: rect(1px, 1px, 1px, 1px);\" title=\"&#8220;Especializaciones de nivel superior&#8221; &#8212; Post\u00edtulos Docentes - Direcci\u00f3n Provincial de Educaci\u00f3n Superior (DGCyE)\" src=\"https:\/\/postitulos.abc.gob.ar\/embed\/#?secret=xQGnyNvvQX\" data-secret=\"xQGnyNvvQX\" width=\"600\" height=\"338\" frameborder=\"0\" marginwidth=\"0\" marginheight=\"0\" scrolling=\"no\"><\/iframe>\n<\/div><\/figure>\n\n\n\n<figure class=\"wp-block-image size-large\"><img decoding=\"async\" loading=\"lazy\" width=\"1280\" height=\"1280\" src=\"https:\/\/isfd1-bue.infd.edu.ar\/sitio\/wp-content\/uploads\/2021\/08\/WhatsApp-Image-2021-08-13-at-07.55.30.jpeg\" alt=\"\" class=\"wp-image-3539\" srcset=\"https:\/\/isfd1-bue.infd.edu.ar\/sitio\/wp-content\/uploads\/2021\/08\/WhatsApp-Image-2021-08-13-at-07.55.30.jpeg 1280w, https:\/\/isfd1-bue.infd.edu.ar\/sitio\/wp-content\/uploads\/2021\/08\/WhatsApp-Image-2021-08-13-at-07.55.30-1000x1000.jpeg 1000w, https:\/\/isfd1-bue.infd.edu.ar\/sitio\/wp-content\/uploads\/2021\/08\/WhatsApp-Image-2021-08-13-at-07.55.30-500x500.jpeg 500w, https:\/\/isfd1-bue.infd.edu.ar\/sitio\/wp-content\/uploads\/2021\/08\/WhatsApp-Image-2021-08-13-at-07.55.30-768x768.jpeg 768w\" sizes=\"(max-width: 1280px) 100vw, 1280px\" \/><\/figure>\n","protected":false},"excerpt":{"rendered":"","protected":false},"author":1584,"featured_media":0,"parent":0,"menu_order":0,"comment_status":"closed","ping_status":"closed","template":"","meta":[],"acf":[],"_links":{"self":[{"href":"https:\/\/isfd1-bue.infd.edu.ar\/sitio\/wp-json\/wp\/v2\/pages\/3529"}],"collection":[{"href":"https:\/\/isfd1-bue.infd.edu.ar\/sitio\/wp-json\/wp\/v2\/pages"}],"about":[{"href":"https:\/\/isfd1-bue.infd.edu.ar\/sitio\/wp-json\/wp\/v2\/types\/page"}],"author":[{"embeddable":true,"href":"https:\/\/isfd1-bue.infd.edu.ar\/sitio\/wp-json\/wp\/v2\/users\/1584"}],"replies":[{"embeddable":true,"href":"https:\/\/isfd1-bue.infd.edu.ar\/sitio\/wp-json\/wp\/v2\/comments?post=3529"}],"version-history":[{"count":2,"href":"https:\/\/isfd1-bue.infd.edu.ar\/sitio\/wp-json\/wp\/v2\/pages\/3529\/revisions"}],"predecessor-version":[{"id":3540,"href":"https:\/\/isfd1-bue.infd.edu.ar\/sitio\/wp-json\/wp\/v2\/pages\/3529\/revisions\/3540"}],"wp:attachment":[{"href":"https:\/\/isfd1-bue.infd.edu.ar\/sitio\/wp-json\/wp\/v2\/media?parent=3529"}],"curies":[{"name":"wp","href":"https:\/\/api.w.org\/{rel}","templated":true}]}}