{"id":3309,"date":"2021-05-04T13:06:23","date_gmt":"2021-05-04T16:06:23","guid":{"rendered":"https:\/\/isfd1-bue.infd.edu.ar\/sitio\/?page_id=3309"},"modified":"2021-05-07T08:27:28","modified_gmt":"2021-05-07T11:27:28","slug":"identidad-bonaerense","status":"publish","type":"page","link":"https:\/\/isfd1-bue.infd.edu.ar\/sitio\/identidad-bonaerense\/","title":{"rendered":"Identidad bonaerense"},"content":{"rendered":"<p>Toda la informaci\u00f3n disponible en:\u00a0<a href=\"https:\/\/postitulos.abc.gob.ar\/identidad-bonaerense\/\">https:\/\/postitulos.abc.gob.ar\/identidad-bonaerense\/<\/a><\/p>\n<p>Inscripci\u00f3n del 7 al 13 de mayo:\u00a0<a href=\"https:\/\/postitulos.abc.gob.ar\/\">https:\/\/postitulos.abc.gob.ar\/<\/a><\/p>\n<p>Inscribite en:<\/p>\n<div class=\"o9v6fnle cxmmr5t8 oygrvhab hcukyx3x c1et5uql ii04i59q\">\n<div dir=\"auto\"><span class=\"pq6dq46d tbxw36s4 knj5qynh kvgmc6g5 ditlmg2l oygrvhab nvdbi5me sf5mxxl7 gl3lb2sf hhz5lgdu\"><img decoding=\"async\" loading=\"lazy\" src=\"https:\/\/static.xx.fbcdn.net\/images\/emoji.php\/v9\/t49\/1\/16\/1f4da.png\" alt=\"&#x1f4da;\" width=\"16\" height=\"16\" \/><\/span>\u00a0Ense\u00f1anza de la construcci\u00f3n hist\u00f3rica, social y cultural de las identidades bonaerenses<\/div>\n<div dir=\"auto\">\n<p>Link al form:\u00a0<a class=\"oajrlxb2 g5ia77u1 qu0x051f esr5mh6w e9989ue4 r7d6kgcz rq0escxv nhd2j8a9 nc684nl6 p7hjln8o kvgmc6g5 cxmmr5t8 oygrvhab hcukyx3x jb3vyjys rz4wbd8a qt6c0cv9 a8nywdso i1ao9s8h esuyzwwr f1sip0of lzcic4wl py34i1dx gpro0wi8\" tabindex=\"0\" role=\"link\" href=\"https:\/\/forms.gle\/sALUQJ7ntBcJsPL2A?fbclid=IwAR1RO1QKDnqCP_z9T4AtT3M-zcEDSMGFiz5GvnWiyRGaAZrFEyPfOOYbRDY\" target=\"_blank\" rel=\"nofollow noopener\">https:\/\/forms.gle\/sALUQJ7ntBcJsPL2A<\/a><\/p>\n<\/div>\n<\/div>\n<p><img decoding=\"async\" loading=\"lazy\" class=\"alignnone size-medium wp-image-3323\" src=\"https:\/\/isfd1-bue.infd.edu.ar\/sitio\/wp-content\/uploads\/2021\/05\/WhatsApp-Image-2021-05-04-at-13.04.28-1000x1000.jpeg\" alt=\"\" width=\"1000\" height=\"1000\" srcset=\"https:\/\/isfd1-bue.infd.edu.ar\/sitio\/wp-content\/uploads\/2021\/05\/WhatsApp-Image-2021-05-04-at-13.04.28-1000x1000.jpeg 1000w, https:\/\/isfd1-bue.infd.edu.ar\/sitio\/wp-content\/uploads\/2021\/05\/WhatsApp-Image-2021-05-04-at-13.04.28-500x500.jpeg 500w, https:\/\/isfd1-bue.infd.edu.ar\/sitio\/wp-content\/uploads\/2021\/05\/WhatsApp-Image-2021-05-04-at-13.04.28-768x768.jpeg 768w, https:\/\/isfd1-bue.infd.edu.ar\/sitio\/wp-content\/uploads\/2021\/05\/WhatsApp-Image-2021-05-04-at-13.04.28.jpeg 1280w\" sizes=\"(max-width: 1000px) 100vw, 1000px\" \/><\/p>\n<h1><\/h1>\n","protected":false},"excerpt":{"rendered":"<p>Toda la informaci\u00f3n disponible en:\u00a0https:\/\/postitulos.abc.gob.ar\/identidad-bonaerense\/ Inscripci\u00f3n del 7 al 13 de mayo:\u00a0https:\/\/postitulos.abc.gob.ar\/ Inscribite en: \u00a0Ense\u00f1anza de la construcci\u00f3n hist\u00f3rica, social y cultural de las identidades bonaerenses Link al form:\u00a0https:\/\/forms.gle\/sALUQJ7ntBcJsPL2A<\/p>\n","protected":false},"author":1584,"featured_media":0,"parent":0,"menu_order":0,"comment_status":"closed","ping_status":"closed","template":"","meta":[],"acf":[],"_links":{"self":[{"href":"https:\/\/isfd1-bue.infd.edu.ar\/sitio\/wp-json\/wp\/v2\/pages\/3309"}],"collection":[{"href":"https:\/\/isfd1-bue.infd.edu.ar\/sitio\/wp-json\/wp\/v2\/pages"}],"about":[{"href":"https:\/\/isfd1-bue.infd.edu.ar\/sitio\/wp-json\/wp\/v2\/types\/page"}],"author":[{"embeddable":true,"href":"https:\/\/isfd1-bue.infd.edu.ar\/sitio\/wp-json\/wp\/v2\/users\/1584"}],"replies":[{"embeddable":true,"href":"https:\/\/isfd1-bue.infd.edu.ar\/sitio\/wp-json\/wp\/v2\/comments?post=3309"}],"version-history":[{"count":8,"href":"https:\/\/isfd1-bue.infd.edu.ar\/sitio\/wp-json\/wp\/v2\/pages\/3309\/revisions"}],"predecessor-version":[{"id":3385,"href":"https:\/\/isfd1-bue.infd.edu.ar\/sitio\/wp-json\/wp\/v2\/pages\/3309\/revisions\/3385"}],"wp:attachment":[{"href":"https:\/\/isfd1-bue.infd.edu.ar\/sitio\/wp-json\/wp\/v2\/media?parent=3309"}],"curies":[{"name":"wp","href":"https:\/\/api.w.org\/{rel}","templated":true}]}}