{"id":318,"date":"2016-10-31T14:20:44","date_gmt":"2016-10-31T17:20:44","guid":{"rendered":"https:\/\/isfd1-bue.infd.edu.ar\/sitio\/?page_id=318"},"modified":"2025-03-10T10:03:00","modified_gmt":"2025-03-10T13:03:00","slug":"contacto","status":"publish","type":"page","link":"https:\/\/isfd1-bue.infd.edu.ar\/sitio\/contacto\/","title":{"rendered":"CONTACTO"},"content":{"rendered":"<h2 style=\"text-align: center;\"><span style=\"color: #000080;\">\u00a1Comunicate con nosotros!<\/span><\/h2>\n<p>A continuaci\u00f3n consignamos las v\u00edas de contacto institucional vigentes:<\/p>\n<p>Las <strong>consultas y tr\u00e1mites referidos a la gesti\u00f3n administrativa<\/strong>\u00a0deben canalizarse a trav\u00e9s de <strong>preceptor\u00eda<\/strong> de cada curso\/carrera\/turno en el <strong>horario que corresponde a su cursada y de manera presencial<\/strong>.<\/p>\n<p>Las <strong>consultas referidas a lo pedag\u00f3gico<\/strong> deben efectuarse en primera instancia con el docente a cargo de la materia en cuesti\u00f3n. En los casos en que no es posible contactar al docente o se necesita informaci\u00f3n u orientaci\u00f3n sobre la carrera, consultar a la <strong>jefatura de \u00e1rea<\/strong> correspondiente a la carrera.<\/p>\n<pre><strong>Inicial: <\/strong>coordinacioninicialdeluno@gmail.com\n\n<strong>Primaria:<\/strong> coordinacionprimariadeluno@gmail.com\n\n<strong>Especial:<\/strong> jefaturaespecialuno@gmail.com\n\n<strong>Historia:<\/strong> jefaturahistoriaeneluno@gmail.com\n\n<strong>Lengua y Literatura:<\/strong> lenguadeluno@gmail.com\n\n<strong>Geograf\u00eda:<\/strong> jefaturageodel1@gmail.com<\/pre>\n<p><strong>REGENCIA:<\/strong> Para cuestiones administrativas\/normativas y de organizaci\u00f3n del turno, recordar que siempre <strong>las<\/strong> <strong>consultas deben canalizarse en primera instancia con preceptor\u00eda o jefatura de \u00e1rea, seg\u00fan corresponda y ser\u00e1n ellos quienes determinen si es necesaria la intervenci\u00f3n de Regencia del turno<\/strong>.<\/p>\n<p><strong>-T\u00cdTULOS:<\/strong> Para consultas y seguimiento de t\u00edtulos.<\/p>\n<p>Para retirar t\u00edtulos <strong>CON<\/strong> <strong>TURNO<\/strong> solo d\u00edas\u00a0 Martes y Jueves de 10 a 12 horas.<\/p>\n<pre><strong>Referentes:<\/strong> Ana Ferrari y Nely Modini\n<strong>Correo:<\/strong> titulosdelisfd1@gmail.com<\/pre>\n<p><strong>-PROGRAMAS<\/strong><\/p>\n<pre><strong>Referente:<\/strong> Biblioteca\n<strong>Correo<\/strong>: <a href=\"mailto:programasisfd1@gmail.com\" target=\"_blank\" rel=\"nofollow noopener\" shape=\"rect\">programasisfd1@gmail.com<\/a><\/pre>\n<p><strong>-POR CONSULTAS SOBRE BECAS PROGRESAR:<\/strong><\/p>\n<pre><strong>\nReferentes:<\/strong> Maira Poldi (CIPE) y Lilian Ollaquindia\n<strong>Correo:<\/strong> becasprogresar.isfd1@gmail.com<\/pre>\n<p><strong>-POR CONSULTAS A FONOAUDI\u00d3LOGAS: <\/strong><\/p>\n<pre><strong>Licenciadas<\/strong>: Alicia Fortini, Evangelina Masessa, Miriam Palmiotti, Yanina Pendiveni. \n<strong>FB:<\/strong> fonoisfd1<\/pre>\n<p><strong>-CENTRO DE COPIADO:<\/strong><\/p>\n<pre>Solicitud de fotocopias a partir del 22 de febrero. Pedidos por encargo a: fotocopiadorainstituto@hotmail.com.ar<\/pre>\n<p><strong>-CAMPUS INSTITUCIONAL:<\/strong><\/p>\n<pre><strong>Correo:<\/strong> campusdeluno@gmail.com<\/pre>\n","protected":false},"excerpt":{"rendered":"<p>\u00a1Comunicate con nosotros! A continuaci\u00f3n consignamos las v\u00edas de contacto institucional vigentes: Las consultas y tr\u00e1mites referidos a la gesti\u00f3n administrativa\u00a0deben canalizarse a trav\u00e9s de preceptor\u00eda de cada curso\/carrera\/turno en el horario que corresponde a su cursada y de manera presencial. Las consultas referidas a lo pedag\u00f3gico deben efectuarse en primera instancia con el docente &#8230; <a title=\"CONTACTO\" class=\"read-more\" href=\"https:\/\/isfd1-bue.infd.edu.ar\/sitio\/contacto\/\" aria-label=\"More on CONTACTO\">[+]<\/a><\/p>\n","protected":false},"author":1,"featured_media":0,"parent":0,"menu_order":0,"comment_status":"closed","ping_status":"closed","template":"","meta":[],"acf":[],"_links":{"self":[{"href":"https:\/\/isfd1-bue.infd.edu.ar\/sitio\/wp-json\/wp\/v2\/pages\/318"}],"collection":[{"href":"https:\/\/isfd1-bue.infd.edu.ar\/sitio\/wp-json\/wp\/v2\/pages"}],"about":[{"href":"https:\/\/isfd1-bue.infd.edu.ar\/sitio\/wp-json\/wp\/v2\/types\/page"}],"author":[{"embeddable":true,"href":"https:\/\/isfd1-bue.infd.edu.ar\/sitio\/wp-json\/wp\/v2\/users\/1"}],"replies":[{"embeddable":true,"href":"https:\/\/isfd1-bue.infd.edu.ar\/sitio\/wp-json\/wp\/v2\/comments?post=318"}],"version-history":[{"count":35,"href":"https:\/\/isfd1-bue.infd.edu.ar\/sitio\/wp-json\/wp\/v2\/pages\/318\/revisions"}],"predecessor-version":[{"id":5660,"href":"https:\/\/isfd1-bue.infd.edu.ar\/sitio\/wp-json\/wp\/v2\/pages\/318\/revisions\/5660"}],"wp:attachment":[{"href":"https:\/\/isfd1-bue.infd.edu.ar\/sitio\/wp-json\/wp\/v2\/media?parent=318"}],"curies":[{"name":"wp","href":"https:\/\/api.w.org\/{rel}","templated":true}]}}