{"id":3064,"date":"2021-03-31T10:38:09","date_gmt":"2021-03-31T13:38:09","guid":{"rendered":"https:\/\/isfd1-bue.infd.edu.ar\/sitio\/?page_id=3064"},"modified":"2021-04-06T11:00:07","modified_gmt":"2021-04-06T14:00:07","slug":"materias-correlativas-3","status":"publish","type":"page","link":"https:\/\/isfd1-bue.infd.edu.ar\/sitio\/materias-correlativas-3\/","title":{"rendered":"Materias correlativas- Educaci\u00f3n Primaria"},"content":{"rendered":"<p style=\"text-align: center;\"><img decoding=\"async\" loading=\"lazy\" class=\"alignnone size-full wp-image-3159\" src=\"https:\/\/isfd1-bue.infd.edu.ar\/sitio\/wp-content\/uploads\/2021\/04\/Correlativas-en-imagen.jpg\" alt=\"\" width=\"918\" height=\"536\" srcset=\"https:\/\/isfd1-bue.infd.edu.ar\/sitio\/wp-content\/uploads\/2021\/04\/Correlativas-en-imagen.jpg 918w, https:\/\/isfd1-bue.infd.edu.ar\/sitio\/wp-content\/uploads\/2021\/04\/Correlativas-en-imagen-768x448.jpg 768w\" sizes=\"(max-width: 918px) 100vw, 918px\" \/><\/p>\n<p>&nbsp;<\/p>\n<p><strong>OBSERVACIONES<\/strong>: El Campo de Actualizaci\u00f3n Formativa ser\u00e1 acreditado por Promoci\u00f3n sin examen final.<\/p>\n<p>*En el segundo a\u00f1o de las Carreras, antes \u00a0de acceder a la Pr\u00e1ctica Docente frente a los alumnos, deber\u00e1 contarse \u00a0con la certificaci\u00f3n de la salud y la aptitud referida, emitida por el fonoaudi\u00f3logo de la instituci\u00f3n. Esta certificaci\u00f3n \u00a0de Aptitud Fonoaudiol\u00f3gica tendr\u00e1 el car\u00e1cter de \u00a0excluyente para la Pr\u00e1ctica mencionada.<\/p>\n<p>De acuerdo a la Resoluci\u00f3n N\u00ba 4154\/07 que aprueba el r\u00e9gimen de correlatividades de las carreras de Educaci\u00f3n Inicial y Educaci\u00f3n Primaria\u00a0 y establece que para cursar 3\u00ba a\u00f1o el estudiante deber\u00e1 tener aprobado todas las materias de 1\u00ba y para cursar 4\u00ba deber\u00e1 tener aprobado 1\u00ba y 2\u00ba.<\/p>\n<p>&nbsp;<\/p>\n","protected":false},"excerpt":{"rendered":"<p>&nbsp; OBSERVACIONES: El Campo de Actualizaci\u00f3n Formativa ser\u00e1 acreditado por Promoci\u00f3n sin examen final. *En el segundo a\u00f1o de las Carreras, antes \u00a0de acceder a la Pr\u00e1ctica Docente frente a los alumnos, deber\u00e1 contarse \u00a0con la certificaci\u00f3n de la salud y la aptitud referida, emitida por el fonoaudi\u00f3logo de la instituci\u00f3n. Esta certificaci\u00f3n \u00a0de Aptitud &#8230; <a title=\"Materias correlativas- Educaci\u00f3n Primaria\" class=\"read-more\" href=\"https:\/\/isfd1-bue.infd.edu.ar\/sitio\/materias-correlativas-3\/\" aria-label=\"More on Materias correlativas- Educaci\u00f3n Primaria\">[+]<\/a><\/p>\n","protected":false},"author":1584,"featured_media":0,"parent":0,"menu_order":0,"comment_status":"closed","ping_status":"closed","template":"","meta":[],"acf":[],"_links":{"self":[{"href":"https:\/\/isfd1-bue.infd.edu.ar\/sitio\/wp-json\/wp\/v2\/pages\/3064"}],"collection":[{"href":"https:\/\/isfd1-bue.infd.edu.ar\/sitio\/wp-json\/wp\/v2\/pages"}],"about":[{"href":"https:\/\/isfd1-bue.infd.edu.ar\/sitio\/wp-json\/wp\/v2\/types\/page"}],"author":[{"embeddable":true,"href":"https:\/\/isfd1-bue.infd.edu.ar\/sitio\/wp-json\/wp\/v2\/users\/1584"}],"replies":[{"embeddable":true,"href":"https:\/\/isfd1-bue.infd.edu.ar\/sitio\/wp-json\/wp\/v2\/comments?post=3064"}],"version-history":[{"count":8,"href":"https:\/\/isfd1-bue.infd.edu.ar\/sitio\/wp-json\/wp\/v2\/pages\/3064\/revisions"}],"predecessor-version":[{"id":3161,"href":"https:\/\/isfd1-bue.infd.edu.ar\/sitio\/wp-json\/wp\/v2\/pages\/3064\/revisions\/3161"}],"wp:attachment":[{"href":"https:\/\/isfd1-bue.infd.edu.ar\/sitio\/wp-json\/wp\/v2\/media?parent=3064"}],"curies":[{"name":"wp","href":"https:\/\/api.w.org\/{rel}","templated":true}]}}