{"id":3055,"date":"2021-03-31T10:35:07","date_gmt":"2021-03-31T13:35:07","guid":{"rendered":"https:\/\/isfd1-bue.infd.edu.ar\/sitio\/?page_id=3055"},"modified":"2025-04-22T11:32:42","modified_gmt":"2025-04-22T14:32:42","slug":"materias-correlativas","status":"publish","type":"page","link":"https:\/\/isfd1-bue.infd.edu.ar\/sitio\/materias-correlativas\/","title":{"rendered":"Materias correlativas- Educaci\u00f3n Especial 2025"},"content":{"rendered":"<p>A trav\u00e9s del siguiente archivo podr\u00e1n descargar la informaci\u00f3n de materias correlativas ordenadas por a\u00f1o y orientaci\u00f3n:<\/p>\n<p><a href=\"https:\/\/isfd1-bue.infd.edu.ar\/sitio\/wp-content\/uploads\/2021\/03\/Profesorado-de-Educaci\u00f3n-Especial_Materias-correlativas.pdf\">Profesorado de Educaci\u00f3n Especial_Materias correlativas<\/a><\/p>\n<p>&nbsp;<\/p>\n","protected":false},"excerpt":{"rendered":"<p>A trav\u00e9s del siguiente archivo podr\u00e1n descargar la informaci\u00f3n de materias correlativas ordenadas por a\u00f1o y orientaci\u00f3n: Profesorado de Educaci\u00f3n Especial_Materias correlativas &nbsp;<\/p>\n","protected":false},"author":1584,"featured_media":0,"parent":0,"menu_order":0,"comment_status":"closed","ping_status":"closed","template":"","meta":[],"acf":[],"_links":{"self":[{"href":"https:\/\/isfd1-bue.infd.edu.ar\/sitio\/wp-json\/wp\/v2\/pages\/3055"}],"collection":[{"href":"https:\/\/isfd1-bue.infd.edu.ar\/sitio\/wp-json\/wp\/v2\/pages"}],"about":[{"href":"https:\/\/isfd1-bue.infd.edu.ar\/sitio\/wp-json\/wp\/v2\/types\/page"}],"author":[{"embeddable":true,"href":"https:\/\/isfd1-bue.infd.edu.ar\/sitio\/wp-json\/wp\/v2\/users\/1584"}],"replies":[{"embeddable":true,"href":"https:\/\/isfd1-bue.infd.edu.ar\/sitio\/wp-json\/wp\/v2\/comments?post=3055"}],"version-history":[{"count":8,"href":"https:\/\/isfd1-bue.infd.edu.ar\/sitio\/wp-json\/wp\/v2\/pages\/3055\/revisions"}],"predecessor-version":[{"id":5789,"href":"https:\/\/isfd1-bue.infd.edu.ar\/sitio\/wp-json\/wp\/v2\/pages\/3055\/revisions\/5789"}],"wp:attachment":[{"href":"https:\/\/isfd1-bue.infd.edu.ar\/sitio\/wp-json\/wp\/v2\/media?parent=3055"}],"curies":[{"name":"wp","href":"https:\/\/api.w.org\/{rel}","templated":true}]}}