{"id":2907,"date":"2021-02-18T10:00:27","date_gmt":"2021-02-18T13:00:27","guid":{"rendered":"https:\/\/isfd1-bue.infd.edu.ar\/sitio\/?page_id=2907"},"modified":"2023-11-16T13:47:57","modified_gmt":"2023-11-16T16:47:57","slug":"titulos","status":"publish","type":"page","link":"https:\/\/isfd1-bue.infd.edu.ar\/sitio\/titulos\/","title":{"rendered":"T\u00cdTULOS"},"content":{"rendered":"<p>En esta p\u00e1gina se publicar\u00e1 toda la informaci\u00f3n referida a la solicitud, seguimiento y entrega de T\u00edtulos.<\/p>\n<pre><strong>Las consultas se realizan de manera presencial de lunes a viernes de 9 a 20 Hs<\/strong><\/pre>\n\n\n<div class=\"wp-block-file\"><a href=\"https:\/\/isfd1-bue.infd.edu.ar\/sitio\/wp-content\/uploads\/2021\/09\/TITULOS-INGRESO-9-9-21.xlsx\" class=\"wp-block-file__button wp-element-button\" download>Descarga<\/a><\/div>\n\n\n\n<p> <\/p>\n\n\n\n<figure class=\"wp-block-image size-large is-style-default\"><img decoding=\"async\" loading=\"lazy\" width=\"783\" height=\"1889\" src=\"https:\/\/isfd1-bue.infd.edu.ar\/sitio\/wp-content\/uploads\/2021\/10\/246069894_2730652900566803_3828983507436860830_n.jpg\" alt=\"\" class=\"wp-image-3676\" srcset=\"https:\/\/isfd1-bue.infd.edu.ar\/sitio\/wp-content\/uploads\/2021\/10\/246069894_2730652900566803_3828983507436860830_n.jpg 783w, https:\/\/isfd1-bue.infd.edu.ar\/sitio\/wp-content\/uploads\/2021\/10\/246069894_2730652900566803_3828983507436860830_n-415x1000.jpg 415w, https:\/\/isfd1-bue.infd.edu.ar\/sitio\/wp-content\/uploads\/2021\/10\/246069894_2730652900566803_3828983507436860830_n-768x1853.jpg 768w, https:\/\/isfd1-bue.infd.edu.ar\/sitio\/wp-content\/uploads\/2021\/10\/246069894_2730652900566803_3828983507436860830_n-637x1536.jpg 637w\" sizes=\"(max-width: 783px) 100vw, 783px\" \/><\/figure>\n","protected":false},"excerpt":{"rendered":"<p>En esta p\u00e1gina se publicar\u00e1 toda la informaci\u00f3n referida a la solicitud, seguimiento y entrega de T\u00edtulos. Las consultas se realizan de manera presencial de lunes a viernes de 9 a 20 Hs<\/p>\n","protected":false},"author":1584,"featured_media":0,"parent":0,"menu_order":0,"comment_status":"closed","ping_status":"closed","template":"","meta":[],"acf":[],"_links":{"self":[{"href":"https:\/\/isfd1-bue.infd.edu.ar\/sitio\/wp-json\/wp\/v2\/pages\/2907"}],"collection":[{"href":"https:\/\/isfd1-bue.infd.edu.ar\/sitio\/wp-json\/wp\/v2\/pages"}],"about":[{"href":"https:\/\/isfd1-bue.infd.edu.ar\/sitio\/wp-json\/wp\/v2\/types\/page"}],"author":[{"embeddable":true,"href":"https:\/\/isfd1-bue.infd.edu.ar\/sitio\/wp-json\/wp\/v2\/users\/1584"}],"replies":[{"embeddable":true,"href":"https:\/\/isfd1-bue.infd.edu.ar\/sitio\/wp-json\/wp\/v2\/comments?post=2907"}],"version-history":[{"count":11,"href":"https:\/\/isfd1-bue.infd.edu.ar\/sitio\/wp-json\/wp\/v2\/pages\/2907\/revisions"}],"predecessor-version":[{"id":4749,"href":"https:\/\/isfd1-bue.infd.edu.ar\/sitio\/wp-json\/wp\/v2\/pages\/2907\/revisions\/4749"}],"wp:attachment":[{"href":"https:\/\/isfd1-bue.infd.edu.ar\/sitio\/wp-json\/wp\/v2\/media?parent=2907"}],"curies":[{"name":"wp","href":"https:\/\/api.w.org\/{rel}","templated":true}]}}