{"id":2847,"date":"2020-12-15T07:52:27","date_gmt":"2020-12-15T10:52:27","guid":{"rendered":"https:\/\/isfd1-bue.infd.edu.ar\/sitio\/?page_id=2847"},"modified":"2026-03-04T12:37:51","modified_gmt":"2026-03-04T15:37:51","slug":"convocatoria-ayudantias","status":"publish","type":"page","link":"https:\/\/isfd1-bue.infd.edu.ar\/sitio\/convocatoria-ayudantias\/","title":{"rendered":"CONVOCATORIA AYUDANT\u00cdAS"},"content":{"rendered":"<h2>La convocatoria a Ayudant\u00edas de c\u00e1tedra del Instituto se realiza todos los a\u00f1os en el per\u00edodo diciembre\/marzo. El proceso de selecci\u00f3n de aspirantes (antecedentes, proyecto y entrevista) est\u00e1 a cargo del Consejo Acad\u00e9mico Institucional.<\/h2>\n<h2><strong>Como sostiene la Resoluci\u00f3n n\u00b0 3121\/04 de la Provincia de Bs. As. la c\u00e1tedra es un espacio de formaci\u00f3n que supone un beneficio para los alumnos, para los integrantes de la misma y para la instituci\u00f3n:<\/strong><\/h2>\n<ul>\n<li><strong>Para los\/las\/les estudiantes del instituto superior:<\/strong> permite un encuentro con distintas perspectivas de an\u00e1lisis y posibilita una formaci\u00f3n pluralista.<\/li>\n<li><strong>Para los\/las\/les integrantes de la c\u00e1tedra:<\/strong> genera una instancia de intercambio, discusi\u00f3n y formaci\u00f3n, \u00fanica a nivel institucional, que favorece la reflexi\u00f3n sobre la pr\u00e1ctica, la auto cr\u00edtica, la revisi\u00f3n de los marcos te\u00f3ricos y su justificaci\u00f3n en la pr\u00e1ctica. Se constituye adem\u00e1s en un medio para que el ayudante (graduado y\/o alumno), dentro del marco de la instituci\u00f3n formadora, adquiera experiencia en la ense\u00f1anza orientadora del aprendizaje y despierte el inter\u00e9s por la investigaci\u00f3n,<\/li>\n<li><strong>Para la instituci\u00f3n formadora:<\/strong> plantea una modificaci\u00f3n en la din\u00e1mica y en la organizaci\u00f3n de la ense\u00f1anza y su proyecci\u00f3n en el aprendizaje y da lugar a una estructura m\u00e1s participativa y democr\u00e1tica.<\/li>\n<\/ul>\n<h2>Cabe aclarar que la ayudant\u00eda es una <span style=\"color: #000080;\"><strong>experiencia de formaci\u00f3n<\/strong><\/span><strong> no remunerada<\/strong> destinada a estudiantes avanzados y graduados recientes de nuestro Instituto.<\/h2>\n<h2>\u00a0<\/h2>\n<h2 style=\"text-align: center;\"><span style=\"color: #0000ff;\">CRONOGRAMA DE ACCIONES 2026:\u00a0<\/span><\/h2>\n<p><strong><span style=\"color: #3366ff;\">\u25ca Actualizaci\u00f3n<\/span> <span style=\"color: #3366ff;\">de actividades al 4\/3\/2026<\/span><\/strong><\/p>\n<ul>\n<li><strong>DIFUSI\u00d3N de la oferta de c\u00e1tedras para ayudant\u00edas: 29\/12\/25 hasta 2\/3\/26.<\/strong><\/li>\n<li><span style=\"color: #3366ff;\"><strong>Taller de orientaci\u00f3n para aspirantes a ayudant\u00edas 2026 del 10\/3\/26 a las 15.30 hs. SUM Stella de Carlotto<\/strong><\/span><\/li>\n<li><span style=\"color: #3366ff;\"><strong>Inscripci\u00f3n 11\/3\/26 hasta 18\/3\/26.<\/strong><\/span><\/li>\n<li><strong>Evaluaci\u00f3n y notificaci\u00f3n a lxs aspirantes (v\u00eda correo electr\u00f3nico)&#8230;&#8230;&#8230;&#8230;<\/strong><\/li>\n<li><strong>Entrevistas &#8230;&#8230;&#8230;&#8230;&#8230;.<\/strong><\/li>\n<\/ul>\n<p><img decoding=\"async\" loading=\"lazy\" class=\"wp-image-6469 aligncenter\" src=\"https:\/\/isfd1-bue.infd.edu.ar\/sitio\/wp-content\/uploads\/2026\/03\/Taller-ayudantias-2026-707x1000.jpg\" alt=\"\" width=\"367\" height=\"519\" srcset=\"https:\/\/isfd1-bue.infd.edu.ar\/sitio\/wp-content\/uploads\/2026\/03\/Taller-ayudantias-2026-707x1000.jpg 707w, https:\/\/isfd1-bue.infd.edu.ar\/sitio\/wp-content\/uploads\/2026\/03\/Taller-ayudantias-2026-768x1086.jpg 768w, https:\/\/isfd1-bue.infd.edu.ar\/sitio\/wp-content\/uploads\/2026\/03\/Taller-ayudantias-2026-1086x1536.jpg 1086w, https:\/\/isfd1-bue.infd.edu.ar\/sitio\/wp-content\/uploads\/2026\/03\/Taller-ayudantias-2026.jpg 1131w\" sizes=\"(max-width: 367px) 100vw, 367px\" \/><\/p>\n<h3 style=\"text-align: center;\"><a href=\"https:\/\/drive.google.com\/file\/d\/1_k-hcCJLMNNS2DXK5C_luo1hF16GjFDe\/view?usp=sharing\" target=\"_blank\" rel=\"noopener\">Cronograma ayudant\u00edas 2026 &#8211; ISFD n\u00b01 \u00abAbuelas de plaza de Mayo\u00bb ARCHIVO PDF &#8211; Actualizado 4\/3\/2026.<\/a><\/h3>\n<h4 style=\"text-align: center;\"><span style=\"color: #ff0000;\">Se difunden las c\u00e1tedras que solicitan ayudantes para el per\u00edodo 2025-2026.<\/span><\/h4>\n<h4 style=\"text-align: center;\"><span style=\"color: #339966;\"><strong>Fe de erratas: por favor revisar archivo por omisi\u00f3n involuntaria:<\/strong><\/span><\/h4>\n<hr \/>\n<h4><strong>* Del <span style=\"color: #3366ff;\">11\/3\/26<\/span> hasta el <span style=\"color: #3366ff;\">18\/3\/26 <\/span><\/strong>entrega de proyectos y antecedentes en la regencia del instituto, en formato f\u00edsico\/papel, con sobre cerrado rotulado al frente con nombre, c\u00e1tedra y dni.<\/h4>\n<p>Documentaci\u00f3n que deben presentar de acuerdo a la resoluci\u00f3n:<\/p>\n<p><strong>Las y los postulantes deber\u00e1n presentar sin excepci\u00f3n:<\/strong><\/p>\n<ul>\n<li>Formulario de inscripci\u00f3n (ver reglamento del CAI).<\/li>\n<li>Una propuesta de trabajo que se encuadre en los lineamientos planteados en el programa de la c\u00e1tedra a la que se presente como aspirante avalado por el docente a cargo del curso al que aspira.<\/li>\n<li>Constancia de alumna regular y constancia de porcentaje de materias aprobadas.<\/li>\n<li>Curr\u00edculum vitae detallando otros antecedentes acad\u00e9micos que puedan resultar pertinentes para la selecci\u00f3n acompa\u00f1ados de la documentaci\u00f3n probatoria correspondiente.<\/li>\n<\/ul>\n<h4><strong>*&#8230;&#8230;&#8230;..Evaluaci\u00f3n de proyectos.\u00a0<\/strong><\/h4>\n<p>La misma ser\u00e1 por parte de docentes solicitantes en duplas coevaluadoras m\u00e1s consejera\/o, con el fin de garantizar la transparencia del proceso de evaluaci\u00f3n, les docentes solicitantes no deben participar de la realizaci\u00f3n del proyecto. Solamente dan su aval a postulantes. Quienes pueden orientar la elaboraci\u00f3n de proyectos son les ayudantes en funciones.<\/p>\n<h4><strong>*&#8230;&#8230;&#8230;.Entrevista.<\/strong><\/h4>\n<p>En la entrevista debe estar presente une consejere del CAI y una autoridad.<\/p>\n<p>Cronograma de entrevistas ayudant\u00edas 2026:<\/p>\n<p>\u00a0<\/p>\n<h2><strong>Para la presentaci\u00f3n de Antecedentes y Proyecto estos son los materiales de lectura obligatoria:<\/strong><\/h2>\n<pre><strong>Resoluci\u00f3n N\u00b03121\/04 de la Provincia de Buenos Aires<\/strong>\n\n<a href=\"http:\/\/servicios.abc.gov.ar\/lainstitucion\/sistemaeducativo\/educsuperiorycapeducativa\/normativas\/documentos\/resolucion_nro3121ayudantedecatedra.pdf\" target=\"_blank\" rel=\"noopener\">Resoluci\u00f3n 3121\/04<\/a>\n\n<strong>Reglamento Interno del CAI<\/strong>\n\n<a href=\"https:\/\/isfd1-bue.infd.edu.ar\/sitio\/wp-content\/uploads\/2020\/12\/CAI_Reglamento_Ayudant%C3%ADas_2020.docx\" target=\"_blank\" rel=\"noopener\">CAI_Reglamento_Ayudant\u00edas_2020<\/a>\n\n<strong>Gu\u00eda para la Presentaci\u00f3n de Proyectos de Ayudant\u00edas de c\u00e1tedra\u00a0<\/strong>\n\n<a href=\"https:\/\/isfd1-bue.infd.edu.ar\/sitio\/wp-content\/uploads\/2020\/12\/Proyecto_de_Ayudantes__GUIA.docx\" target=\"_blank\" rel=\"noopener\">Proyecto_de_Ayudantes__GUIA<\/a><\/pre>\n\n\n<p>Orden de<a rel=\"noreferrer noopener\" href=\"https:\/\/isfd1-bue.infd.edu.ar\/sitio\/wp-content\/uploads\/2021\/04\/Orden-de-m\u00e9rito_Ayudant\u00edas-2021.pdf\" target=\"_blank\"> <\/a>m\u00e9rito_Ayudant\u00edas&#8230;&#8230;&#8230;..<\/p>\n","protected":false},"excerpt":{"rendered":"<p>La convocatoria a Ayudant\u00edas de c\u00e1tedra del Instituto se realiza todos los a\u00f1os en el per\u00edodo diciembre\/marzo. El proceso de selecci\u00f3n de aspirantes (antecedentes, proyecto y entrevista) est\u00e1 a cargo del Consejo Acad\u00e9mico Institucional. Como sostiene la Resoluci\u00f3n n\u00b0 3121\/04 de la Provincia de Bs. As. la c\u00e1tedra es un espacio de formaci\u00f3n que supone &#8230; <a title=\"CONVOCATORIA AYUDANT\u00cdAS\" class=\"read-more\" href=\"https:\/\/isfd1-bue.infd.edu.ar\/sitio\/convocatoria-ayudantias\/\" aria-label=\"More on CONVOCATORIA AYUDANT\u00cdAS\">[+]<\/a><\/p>\n","protected":false},"author":1584,"featured_media":0,"parent":0,"menu_order":0,"comment_status":"closed","ping_status":"closed","template":"","meta":[],"acf":[],"_links":{"self":[{"href":"https:\/\/isfd1-bue.infd.edu.ar\/sitio\/wp-json\/wp\/v2\/pages\/2847"}],"collection":[{"href":"https:\/\/isfd1-bue.infd.edu.ar\/sitio\/wp-json\/wp\/v2\/pages"}],"about":[{"href":"https:\/\/isfd1-bue.infd.edu.ar\/sitio\/wp-json\/wp\/v2\/types\/page"}],"author":[{"embeddable":true,"href":"https:\/\/isfd1-bue.infd.edu.ar\/sitio\/wp-json\/wp\/v2\/users\/1584"}],"replies":[{"embeddable":true,"href":"https:\/\/isfd1-bue.infd.edu.ar\/sitio\/wp-json\/wp\/v2\/comments?post=2847"}],"version-history":[{"count":64,"href":"https:\/\/isfd1-bue.infd.edu.ar\/sitio\/wp-json\/wp\/v2\/pages\/2847\/revisions"}],"predecessor-version":[{"id":6472,"href":"https:\/\/isfd1-bue.infd.edu.ar\/sitio\/wp-json\/wp\/v2\/pages\/2847\/revisions\/6472"}],"wp:attachment":[{"href":"https:\/\/isfd1-bue.infd.edu.ar\/sitio\/wp-json\/wp\/v2\/media?parent=2847"}],"curies":[{"name":"wp","href":"https:\/\/api.w.org\/{rel}","templated":true}]}}