{"id":2680,"date":"2020-11-06T09:43:42","date_gmt":"2020-11-06T12:43:42","guid":{"rendered":"https:\/\/isfd1-bue.infd.edu.ar\/sitio\/?page_id=2680"},"modified":"2023-12-11T15:52:14","modified_gmt":"2023-12-11T18:52:14","slug":"apto-fonoaudiologico","status":"publish","type":"page","link":"https:\/\/isfd1-bue.infd.edu.ar\/sitio\/apto-fonoaudiologico\/","title":{"rendered":"APTITUD FONOAUDIOL\u00d3GICA"},"content":{"rendered":"<h2>Este espacio tiene como objetivo general reconocer que la pr\u00e1ctica docente corresponde al marco de la comunicaci\u00f3n, jerarquizando el uso de la voz y del habla y favoreciendo la salud e idoneidad fonoaudiol\u00f3gicas de los docentes en formaci\u00f3n.<\/h2>\n<p><strong>Requisitos:<\/strong><\/p>\n<p><span style=\"color: #333333;\"><strong>Durante el 1\u00b0 a\u00f1o de las carreras de: <\/strong>Prof. Inicial, Primaria, Ed. Especial y Lengua y Literatura,<\/span> se realiza una evaluaci\u00f3n a cada estudiante relevando informaci\u00f3n para detectar los posibles trastornos en la salud fonoaudiol\u00f3gica.<\/p>\n<p>En los casos de las carreras de: Prof. de Geograf\u00eda e Historia contar\u00e1n con diferentes talleres a lo largo del a\u00f1o para el manejo de la voz.<\/p>\n<p><span style=\"color: #333333;\"><strong>Para anotarse y cursar las Pr\u00e1cticas de 2\u00b0 a\u00f1o<\/strong> <\/span>de la carrera deben tener realizada la EVALUACI\u00d3N FONOAUDIOL\u00d3GICA .<\/p>\n<p><span style=\"color: #333333;\"><strong>Para cursar las Pr\u00e1cticas Docentes frente a alumnos en el 3\u00b0 a\u00f1o<\/strong><\/span> deber\u00e1 contarse con la certificaci\u00f3n de la salud y aptitud referida emitida por el fonoaudi\u00f3logo de la instituci\u00f3n. Esta certificaci\u00f3n de APTITUD FONOAUDIOL\u00d3GICA tendr\u00e1 el car\u00e1cter de<span style=\"color: #333333;\"><strong> condici\u00f3n excluyente<\/strong><\/span> para la Pr\u00e1ctica mencionada.<\/p>\n<p><span style=\"color: #333333;\"><strong>En caso de no obtener el apto <\/strong><\/span>se indicar\u00e1n las acciones convenientes para cada alumno, realizando un seguimiento de dichas acciones (tratamiento, consulta m\u00e9dica u otras sugerencias). Una vez terminadas las intervenciones para superar las alteraciones y con el alta de los tratamientos realizados se dar\u00e1 el APTO FONOAUDIOL\u00d3GICO.<\/p>\n<p>Al no presentar ning\u00fan tipo de alteraci\u00f3n y\/o dificultad al ser evaluados, se le otorga el APTO FONOAUDIOL\u00d3GICO (REQUISITO INDISPENSABLE PARA REALIZAR LAS PR\u00c1CTICAS DOCENTES).<\/p>\n<p><strong>En el caso de observar posibles patolog\u00edas y\/o trastornos se realizar\u00e1n las siguientes acciones:<\/strong><\/p>\n<p>-Se efect\u00faan las derivaciones al profesional m\u00e9dico especializado y\/o al fonoaudi\u00f3logo para su tratamiento.<br \/>\n-Se orienta al alumno con ejercitaci\u00f3n tendiente a la correcci\u00f3n de malos h\u00e1bitos del habla y\/o de la fonaci\u00f3n.<br \/>\n-Se supervisa y registra, a partir del seguimiento de los casos, el proceso de recuperaci\u00f3n. Llegado ese momento se constata la superaci\u00f3n de las dificultades y se otorga el APTO FONOAUDIOL\u00d3GICO, que permitir\u00e1 cursar las pr\u00e1cticas de 3\u00b0a\u00f1o.<\/p>\n<p>Si ten\u00e9s\u00a0 consultas no dudes en dirigirlas al equipo de fonoaudi\u00f3logas institucional que se encuentra dispuesto a orientarte.<\/p>\n","protected":false},"excerpt":{"rendered":"<p>Este espacio tiene como objetivo general reconocer que la pr\u00e1ctica docente corresponde al marco de la comunicaci\u00f3n, jerarquizando el uso de la voz y del habla y favoreciendo la salud e idoneidad fonoaudiol\u00f3gicas de los docentes en formaci\u00f3n. Requisitos: Durante el 1\u00b0 a\u00f1o de las carreras de: Prof. Inicial, Primaria, Ed. Especial y Lengua y &#8230; <a title=\"APTITUD FONOAUDIOL\u00d3GICA\" class=\"read-more\" href=\"https:\/\/isfd1-bue.infd.edu.ar\/sitio\/apto-fonoaudiologico\/\" aria-label=\"More on APTITUD FONOAUDIOL\u00d3GICA\">[+]<\/a><\/p>\n","protected":false},"author":1584,"featured_media":0,"parent":0,"menu_order":0,"comment_status":"closed","ping_status":"closed","template":"","meta":[],"acf":[],"_links":{"self":[{"href":"https:\/\/isfd1-bue.infd.edu.ar\/sitio\/wp-json\/wp\/v2\/pages\/2680"}],"collection":[{"href":"https:\/\/isfd1-bue.infd.edu.ar\/sitio\/wp-json\/wp\/v2\/pages"}],"about":[{"href":"https:\/\/isfd1-bue.infd.edu.ar\/sitio\/wp-json\/wp\/v2\/types\/page"}],"author":[{"embeddable":true,"href":"https:\/\/isfd1-bue.infd.edu.ar\/sitio\/wp-json\/wp\/v2\/users\/1584"}],"replies":[{"embeddable":true,"href":"https:\/\/isfd1-bue.infd.edu.ar\/sitio\/wp-json\/wp\/v2\/comments?post=2680"}],"version-history":[{"count":13,"href":"https:\/\/isfd1-bue.infd.edu.ar\/sitio\/wp-json\/wp\/v2\/pages\/2680\/revisions"}],"predecessor-version":[{"id":4802,"href":"https:\/\/isfd1-bue.infd.edu.ar\/sitio\/wp-json\/wp\/v2\/pages\/2680\/revisions\/4802"}],"wp:attachment":[{"href":"https:\/\/isfd1-bue.infd.edu.ar\/sitio\/wp-json\/wp\/v2\/media?parent=2680"}],"curies":[{"name":"wp","href":"https:\/\/api.w.org\/{rel}","templated":true}]}}