{"id":2549,"date":"2020-09-29T11:14:28","date_gmt":"2020-09-29T14:14:28","guid":{"rendered":"https:\/\/isfd1-bue.infd.edu.ar\/sitio\/?page_id=2549"},"modified":"2026-03-16T14:33:29","modified_gmt":"2026-03-16T17:33:29","slug":"informacion-aspirantes-2021","status":"publish","type":"page","link":"https:\/\/isfd1-bue.infd.edu.ar\/sitio\/informacion-aspirantes-2021\/","title":{"rendered":"INGRESANTES 2026 (preinscripci\u00f3n)"},"content":{"rendered":"\n<hr class=\"wp-block-separator has-css-opacity\"\/>\n\n\n<div class=\"kvgmc6g5 cxmmr5t8 oygrvhab hcukyx3x c1et5uql ii04i59q\">\n<h3>IMPORTANTE:<\/h3>\n<h3><span style=\"color: #0000ff;\">Inscripci\u00f3n a INGRESANTES 2026 FINALIZADA. Entrega de documentaci\u00f3n hasta el 30\/3\/26.<\/span><\/h3>\n<h3><del><b>INSCRIPCI\u00d3N PRESENCIAL &#8211; INGRESANTES 2026<\/b><\/del><\/h3>\n<h4><del><b>Fecha: Del 11 de febrero al 6 de marzo (Entrega de documentaci\u00f3n presencial).<\/b><\/del><\/h4>\n<blockquote>\n<p><strong>Aclaraci\u00f3n: El per\u00edodo de inscripci\u00f3n se extender\u00e1 hasta el 7 de marzo o hasta cubrir la totalidad de los cupos asignados a las distintas carreras.<\/strong><\/p>\n<\/blockquote>\n<h2><strong>Enlace para preinscripci\u00f3n<\/strong>:\u00a0<a href=\"https:\/\/iniciopba.siu.edu.ar\/\"><strong>https:\/\/iniciopba.siu.edu.ar\/<\/strong><\/a><\/h2>\n<p><strong>Documentaci\u00f3n obligatoria para ser presentada:<\/strong><\/p>\n<ul>\n<li aria-level=\"1\">Planilla de preinscripci\u00f3n descargable del SIU-Guaran\u00ed <strong style=\"font-weight: 400;\">impresa<\/strong>, junto con la ficha de salud que figura en la misma completada a mano. <span style=\"text-decoration: underline;\"><b>La planilla se descarga de un bot\u00f3n\u00a0 que tiene el icono de un PDF (remarcado en la imagen con un circulo verde)<\/b><\/span><b><span style=\"text-decoration: underline;\">.La ficha de salud figura en las ultimas paginas de la misma.<\/span>\u00a0<\/b><\/li>\n<\/ul>\n<p><img decoding=\"async\" loading=\"lazy\" class=\"wp-image-6167 aligncenter\" src=\"https:\/\/isfd1-bue.infd.edu.ar\/sitio\/wp-content\/uploads\/2025\/12\/CAPTURA-PLANILLA.jpg\" alt=\"\" width=\"415\" height=\"226\" \/><\/p>\n<ul>\n<li style=\"font-weight: 400;\" aria-level=\"1\"><span style=\"font-weight: 400;\">Fotocopia del DNI (ambos lados) o constancia de DNI en tr\u00e1mite.<\/span><\/li>\n<li style=\"font-weight: 400;\" aria-level=\"1\"><span style=\"font-weight: 400;\">Fotocopia del t\u00edtulo secundario. En caso de no contar con el mismo, deber\u00e1 traer constancia de t\u00edtulo en tr\u00e1mite. En caso de adeudar materias, deber\u00e1 traer un certificado indicando\u00a0 que adeuda las mismas. Si a\u00fan est\u00e1 cursando el \u00faltimo a\u00f1o de la escuela secundaria deber\u00e1 traer una constancia de alumno regular.<\/span><\/li>\n<li style=\"font-weight: 400;\" aria-level=\"1\"><span style=\"font-weight: 400;\">2 fotos 4 x 4<\/span><\/li>\n<li style=\"font-weight: 400;\" aria-level=\"1\"><span style=\"font-weight: 400;\">Folio oficio que contenga la documentaci\u00f3n solicitada.<\/span><\/li>\n<\/ul>\n<p><b>ATENCI\u00d3N<\/b><span style=\"font-weight: 400;\">: En caso de no contar con la documentaci\u00f3n solicitada en su totalidad, <\/span><b>no se podr\u00e1 realizar la inscripci\u00f3n.\u00a0<\/b><\/p>\n<p><span style=\"font-weight: 400;\">Podr\u00e1n acercarse a presentar la documentaci\u00f3n en cualquiera de los siguientes horarios de <\/span><span style=\"font-weight: 400;\">lunes a viernes<\/span><span style=\"font-weight: 400;\">:<\/span><\/p>\n<ul>\n<li style=\"font-weight: 400;\" aria-level=\"1\"><span style=\"font-weight: 400;\">Turno MA\u00d1ANA: <strong>9:00 a 11:00 hs.<\/strong><\/span><\/li>\n<li style=\"font-weight: 400;\" aria-level=\"1\"><span style=\"font-weight: 400;\">Turno TARDE: <strong>14:00 a 16:00 hs.<\/strong><\/span><\/li>\n<li style=\"font-weight: 400;\" aria-level=\"1\"><span style=\"font-weight: 400;\">Turno VESPERTINO: <strong>18:30 a 20:30 hs.<\/strong><\/span><\/li>\n<\/ul>\n<p><b>IMPORTANTE<\/b><span style=\"font-weight: 400;\">\u00a0<\/span><\/p>\n<p><span style=\"font-weight: 400;\">Se les informa que el funcionamiento y la obtenci\u00f3n de gran parte de los recursos de la instituci\u00f3n son posibles gracias a los aportes de la Cooperadora. Por ello, al momento de la inscripci\u00f3n solicitamos su colaboraci\u00f3n. La cuota anual es de <\/span><b>$50.000 pesos<\/b><span style=\"font-weight: 400;\">.<\/span><\/p>\n<hr \/>\n<h4>Preinscripci\u00f3n ingresantes 2026 hasta el 7 de marzo (oferta de carreras).<\/h4>\n<ul>\n<li><strong>Educaci\u00f3n Especial 6\/11\/25. <span style=\"color: #0000ff;\">Contin\u00faa la preinscripci\u00f3n (Turno TARDE y turno VESPERTINO)<\/span><\/strong><\/li>\n<\/ul>\n<p><strong><em>Los profesorados de Educaci\u00f3n Especial comparten un ciclo com\u00fan durante los dos primeros a\u00f1os, independientemente de la modalidad elegida. En consecuencia, si el sistema informa que no hay vacantes en una modalidad determinada, se sugiere seleccionar cualquiera de las restantes (Ciegos y Disminuidos Visuales, Discapacidad Neuromotora, Sordos e Hipoac\u00fasicos), dado que la orientaci\u00f3n espec\u00edfica se define a partir del tercer a\u00f1o de la carrera.<\/em><\/strong><\/p>\n<ul>\n<li><strong>Educaci\u00f3n Inicial 10\/11\/25. <span style=\"color: #0000ff;\">Contin\u00faa la inscripci\u00f3n SOLO TURNO TARDE hasta el 7\/3\/26 a las 12 hs.<\/span><\/strong><\/li>\n<\/ul>\n<p><strong><em>Se comunica que las vacantes para la Carrera de Nivel Inicial se encuentran agotadas. En esta instancia, \u00fanicamente es posible realizar la preinscripci\u00f3n para integrar la lista de espera.<\/em><span style=\"color: #0000ff;\">\u00a0<\/span><\/strong><\/p>\n<ul>\n<li><strong>Educaci\u00f3n Primaria 12\/11\/25. <span style=\"color: #0000ff;\">Contin\u00faa la preinscripci\u00f3n (Turno MA\u00d1ANA, turno TARDE y turno VESPERTINO)<\/span><\/strong><\/li>\n<li><strong>Educaci\u00f3n secundaria en Geograf\u00eda 12\/11\/25. <span style=\"color: #0000ff;\">Contin\u00faa la preinscripci\u00f3n (Turno VESPERTINO)<\/span><\/strong><\/li>\n<li><strong>Educaci\u00f3n secundaria en Historia 25\/11\/25. <span style=\"color: #0000ff;\">Contin\u00faa la preinscripci\u00f3n <\/span><span style=\"color: #0000ff;\">(Turno TARDE y turno VESPERTINO)<\/span><\/strong><\/li>\n<li><strong>Educaci\u00f3n secundaria en Lengua y Literatura 27\/11\/25. <span style=\"color: #0000ff;\">Contin\u00faa la preinscripci\u00f3n<\/span> <span style=\"color: #0000ff;\">(Turno MA\u00d1ANA, turno TARDE y turno VESPERTINO)<\/span><\/strong><\/li>\n<\/ul>\n<p>El sistema <strong>\u00abSiu Guaran\u00ed\u00bb<\/strong>\u00a0 se encuentra habilitado. Compartimos enlace de la p\u00e1gina de la Provincia de Buenos Aires y un v\u00eddeo tutorial para poder realizar la preinscripci\u00f3n.<\/p>\n<pre><strong><span style=\"color: #333399;\">IMPORTANTE:\u00a0<\/span><\/strong><br \/><br \/><span style=\"color: #333399;\">Te recomendamos crear el usuario con anterioridad a la fecha de preinscripci\u00f3n para evitar demoras en el sistema <strong>SIU GUARAN\u00cd.<\/strong><br \/>Te sugerimos contar con un correo electr\u00f3nico de <strong>GMAIL.<\/strong><\/span><br \/><span style=\"color: #333399;\">El mail de validaci\u00f3n de un nuevo usuario puede tardar hasta 72 hs. h\u00e1biles.<\/span><\/pre>\n<p>Tambi\u00e9n podes acercarte a preceptor\u00eda para solicitar ayuda o consultar\u00a0 a trav\u00e9s del siguiente mail: <span style=\"color: #333399;\">siuisfd1@gmail.com<\/span><\/p>\n<h2><strong>Enlace para preinscripci\u00f3n<\/strong>:\u00a0<a href=\"https:\/\/iniciopba.siu.edu.ar\/\"><strong>https:\/\/iniciopba.siu.edu.ar\/<\/strong><\/a><\/h2>\n<p>Una vez ingresados a la pagina de la Provincia de Bs As, recordamos buscar al Instituto en la localidad de PI\u00d1EYRO &#8211; AVELLANEDA\u00a0 o por el nombre ISFD N\u00b01<\/p>\n<p><img decoding=\"async\" loading=\"lazy\" class=\"alignnone\" src=\"https:\/\/isfd1-bue.infd.edu.ar\/sitio\/wp-content\/uploads\/2025\/11\/Pre-inscripcion-ubicacion-2025.jpg\" alt=\"\" width=\"402\" height=\"184\" \/><\/p>\n<p><strong>Tutorial de preinscripciones al Nivel Superior de la educaci\u00f3n bonaerense:<\/strong><\/p>\n<p><iframe loading=\"lazy\" title=\"Tutorial de preinscripciones al Nivel Superior de la educaci\u00f3n bonaerense\" width=\"1200\" height=\"675\" src=\"https:\/\/www.youtube.com\/embed\/1sd8rDHb0nk?feature=oembed\" frameborder=\"0\" allow=\"accelerometer; autoplay; clipboard-write; encrypted-media; gyroscope; picture-in-picture; web-share\" referrerpolicy=\"strict-origin-when-cross-origin\" allowfullscreen><\/iframe><\/p>\n<h3><b>Charlas informativas a ingresantes 2026:<\/b><\/h3>\n<ul>\n<li><strong>Educaci\u00f3n Inicial<\/strong> martes 28\/10 a las 9 hs. y mi\u00e9rcoles 29\/10 a las 14 hs, 2do piso SUM Stella.<\/li>\n<li><strong>Educaci\u00f3n Primaria<\/strong> mi\u00e9rcoles 29\/10 a las 17.30 hs. y jueves 30\/10 a las 9.30 hs, 2do piso SUM Stella.<\/li>\n<li><strong>Educaci\u00f3n Especial<\/strong> martes 28\/10 a las 17 hs, 2do piso SUM Stella.<\/li>\n<li><strong>Educaci\u00f3n secundaria en Historia<\/strong> viernes 31\/10 a las 16 hs. y 19.30 hs, 2do piso SUM Stella.<\/li>\n<li><strong>Educaci\u00f3n secundaria en Geograf\u00eda<\/strong> mi\u00e9rcoles 29\/10 a las 19 hs,\u00a0 2do piso SUM Stella.<\/li>\n<li><strong>Educaci\u00f3n secundaria en Lengua y Literatura\u00a0<\/strong>jueves 30\/10 a las 17.30 hs y viernes 31\/10 a las 10 hs, 2do piso SUM Stella.<\/li>\n<\/ul>\n<p><strong>\u00a1Los y las esperamos!<\/strong><\/p>\n<p>Recordamos que pueden colaborar con la cooperadora del Instituto personalmente en la oficina de T\u00edtulos en el primer piso, o por transferencia al siguiente CBU o ALIAS.<\/p>\n<p>Cooperadora $50.000 anual.<\/p>\n<p><strong>CBU: 014007OOO1500500337051 ASOCIACI\u00d3N COOPERADORA I.S.F.D. N\u00b01<\/strong><\/p>\n<p><strong>Alias: ROSA.CANAL.TALCO<\/strong><\/p>\n<p>Pueden consultar las Preguntas Frecuentes y revisar el Plan de Estudios y los horarios en los que se dicta cada carrera en el men\u00fa principal del sitio: INICIO\/PROFESORADOS.<\/p>\n<\/div>\n<p><!--more--><\/p>\n<div class=\"kvgmc6g5 cxmmr5t8 oygrvhab hcukyx3x c1et5uql ii04i59q\">\n<h3>Preguntas frecuentes:<\/h3>\n<p><img decoding=\"async\" class=\"emoji\" role=\"img\" draggable=\"false\" src=\"https:\/\/s.w.org\/images\/core\/emoji\/13.0.1\/svg\/27a1.svg\" alt=\"&#x27a1;&#xfe0f;\" \/>\u00bfD\u00f3nde queda el ISFD N\u00b01?<br \/>Queda en <strong>Uruguay 18 Pi\u00f1eyro (Avellaneda)<\/strong> a pocos metros de Av. Yrigoyen al 1500 (ex Pav\u00f3n) (a solo 10 cuadras de la Estaci\u00f3n Avellaneda y dos de la calle Galicia)<\/p>\n<p><img decoding=\"async\" class=\"emoji\" role=\"img\" draggable=\"false\" src=\"https:\/\/s.w.org\/images\/core\/emoji\/13.0.1\/svg\/27a1.svg\" alt=\"&#x27a1;&#xfe0f;\" \/>\u00bfQu\u00e9 t\u00edtulos otorgan?<br \/>Somos una instituci\u00f3n<strong>\u00a0p\u00fablica y gratuita<\/strong>\u00a0de la Provincia de Bs. As. Nuestros t\u00edtulos son\u00a0<strong>oficiales y de validez naciona<\/strong>l.<\/p>\n<p><img decoding=\"async\" class=\"emoji\" role=\"img\" draggable=\"false\" src=\"https:\/\/s.w.org\/images\/core\/emoji\/13.0.1\/svg\/27a1.svg\" alt=\"&#x27a1;&#xfe0f;\" \/>\u00bfCu\u00e1les son los horarios?<br \/>El instituto funciona en 3 turnos:<br \/><img decoding=\"async\" class=\"emoji\" role=\"img\" draggable=\"false\" src=\"https:\/\/s.w.org\/images\/core\/emoji\/13.0.1\/svg\/23f0.svg\" alt=\"&#x23f0;\" \/>Turno ma\u00f1ana: 7:45 a 12:15<br \/><img decoding=\"async\" class=\"emoji\" role=\"img\" draggable=\"false\" src=\"https:\/\/s.w.org\/images\/core\/emoji\/13.0.1\/svg\/23f0.svg\" alt=\"&#x23f0;\" \/>Turno tarde: 12:45 a 17:15<br \/><img decoding=\"async\" class=\"emoji\" role=\"img\" draggable=\"false\" src=\"https:\/\/s.w.org\/images\/core\/emoji\/13.0.1\/svg\/23f0.svg\" alt=\"&#x23f0;\" \/>Turno vespertino: 18 a 22:30<\/p>\n<p><img decoding=\"async\" class=\"emoji\" role=\"img\" draggable=\"false\" src=\"https:\/\/s.w.org\/images\/core\/emoji\/13.0.1\/svg\/27a1.svg\" alt=\"&#x27a1;&#xfe0f;\" \/>\u00bfQu\u00e9 carreras se cursan?<br \/><img decoding=\"async\" class=\"emoji\" role=\"img\" draggable=\"false\" src=\"https:\/\/s.w.org\/images\/core\/emoji\/13.0.1\/svg\/2714.svg\" alt=\"&#x2714;&#xfe0f;\" \/>Profesorado de\u00a0<strong>Educaci\u00f3n Inicial<\/strong>\u00a0(ma\u00f1ana y tarde)<\/p>\n<p><img decoding=\"async\" class=\"emoji\" role=\"img\" draggable=\"false\" src=\"https:\/\/s.w.org\/images\/core\/emoji\/13.0.1\/svg\/2714.svg\" alt=\"&#x2714;&#xfe0f;\" \/>Profesorado de\u00a0<strong>Educaci\u00f3n Primaria<\/strong>\u00a0(ma\u00f1ana, tarde y vespertino)<\/p>\n<p><img decoding=\"async\" class=\"emoji\" role=\"img\" draggable=\"false\" src=\"https:\/\/s.w.org\/images\/core\/emoji\/13.0.1\/svg\/2714.svg\" alt=\"&#x2714;&#xfe0f;\" \/>Profesorado en\u00a0<strong>Educaci\u00f3n Especial<\/strong>\u00a0(caracterizaciones; ciegos, sordos, neuromotores e intelectuales) (tarde y vespertino)<\/p>\n<p><img decoding=\"async\" class=\"emoji\" role=\"img\" draggable=\"false\" src=\"https:\/\/s.w.org\/images\/core\/emoji\/13.0.1\/svg\/2714.svg\" alt=\"&#x2714;&#xfe0f;\" \/>Profesorado de Educaci\u00f3n Secundaria en\u00a0<strong>Lengua y Literatura<\/strong> (ma\u00f1ana, tarde y vespertino)<\/p>\n<p><img decoding=\"async\" class=\"emoji\" role=\"img\" draggable=\"false\" src=\"https:\/\/s.w.org\/images\/core\/emoji\/13.0.1\/svg\/2714.svg\" alt=\"&#x2714;&#xfe0f;\" \/>Profesorado de Educaci\u00f3n Secundaria en<strong>\u00a0Historia<\/strong>\u00a0(tarde y vespertino)<\/p>\n<p><img decoding=\"async\" class=\"emoji\" role=\"img\" draggable=\"false\" src=\"https:\/\/s.w.org\/images\/core\/emoji\/13.0.1\/svg\/2714.svg\" alt=\"&#x2714;&#xfe0f;\" \/>Profesorado de Educaci\u00f3n Secundaria en\u00a0<strong>Geograf\u00eda<\/strong>\u00a0(vespertino)<\/p>\n<p>El\/la estudiante decide en qu\u00e9 turno desea cursar<\/p>\n<p><img decoding=\"async\" class=\"emoji\" role=\"img\" draggable=\"false\" src=\"https:\/\/s.w.org\/images\/core\/emoji\/13.0.1\/svg\/27a1.svg\" alt=\"&#x27a1;&#xfe0f;\" \/>\u00bfCu\u00e1l es la duraci\u00f3n de la carrera?<br \/>Los planes de estudios tienen una duraci\u00f3n estimada de 4 a\u00f1os.<\/p>\n<p><img decoding=\"async\" class=\"emoji\" role=\"img\" draggable=\"false\" src=\"https:\/\/s.w.org\/images\/core\/emoji\/13.0.1\/svg\/27a1.svg\" alt=\"&#x27a1;&#xfe0f;\" \/>\u00bfD\u00f3nde puedo consultar el Plan de Estudios?<br \/>En nuestra web oficial https:\/\/isfd1-bue.infd.edu.ar\/sitio\/ Men\u00fa: INSTITUCIONAL\/ PROFESORADOS haciendo click sobre el nombre de cada Profesorado.<\/p>\n<p><img decoding=\"async\" class=\"emoji\" role=\"img\" draggable=\"false\" src=\"https:\/\/s.w.org\/images\/core\/emoji\/13.0.1\/svg\/27a1.svg\" alt=\"&#x27a1;&#xfe0f;\" \/>Si adeudo materias del secundario \u00bfme puedo inscribir?<br \/>S\u00ed<\/p>\n<p><img decoding=\"async\" class=\"emoji\" role=\"img\" draggable=\"false\" src=\"https:\/\/s.w.org\/images\/core\/emoji\/13.0.1\/svg\/27a1.svg\" alt=\"&#x27a1;&#xfe0f;\" \/>\u00bfHay tope de edad para cursar?<br \/>No<\/p>\n<\/div>\n\n\n<hr class=\"wp-block-separator has-css-opacity\"\/>\n\n\n\n<hr class=\"wp-block-separator has-css-opacity\"\/>\n\n\n\n<p><\/p>\n","protected":false},"excerpt":{"rendered":"<p>IMPORTANTE: Inscripci\u00f3n a INGRESANTES 2026 FINALIZADA. Entrega de documentaci\u00f3n hasta el 30\/3\/26. INSCRIPCI\u00d3N PRESENCIAL &#8211; INGRESANTES 2026 Fecha: Del 11 de febrero al 6 de marzo (Entrega de documentaci\u00f3n presencial). Aclaraci\u00f3n: El per\u00edodo de inscripci\u00f3n se extender\u00e1 hasta el 7 de marzo o hasta cubrir la totalidad de los cupos asignados a las distintas carreras. &#8230; <a title=\"INGRESANTES 2026 (preinscripci\u00f3n)\" class=\"read-more\" href=\"https:\/\/isfd1-bue.infd.edu.ar\/sitio\/informacion-aspirantes-2021\/\" aria-label=\"More on INGRESANTES 2026 (preinscripci\u00f3n)\">[+]<\/a><\/p>\n","protected":false},"author":1584,"featured_media":0,"parent":0,"menu_order":0,"comment_status":"closed","ping_status":"closed","template":"","meta":[],"acf":[],"_links":{"self":[{"href":"https:\/\/isfd1-bue.infd.edu.ar\/sitio\/wp-json\/wp\/v2\/pages\/2549"}],"collection":[{"href":"https:\/\/isfd1-bue.infd.edu.ar\/sitio\/wp-json\/wp\/v2\/pages"}],"about":[{"href":"https:\/\/isfd1-bue.infd.edu.ar\/sitio\/wp-json\/wp\/v2\/types\/page"}],"author":[{"embeddable":true,"href":"https:\/\/isfd1-bue.infd.edu.ar\/sitio\/wp-json\/wp\/v2\/users\/1584"}],"replies":[{"embeddable":true,"href":"https:\/\/isfd1-bue.infd.edu.ar\/sitio\/wp-json\/wp\/v2\/comments?post=2549"}],"version-history":[{"count":137,"href":"https:\/\/isfd1-bue.infd.edu.ar\/sitio\/wp-json\/wp\/v2\/pages\/2549\/revisions"}],"predecessor-version":[{"id":6562,"href":"https:\/\/isfd1-bue.infd.edu.ar\/sitio\/wp-json\/wp\/v2\/pages\/2549\/revisions\/6562"}],"wp:attachment":[{"href":"https:\/\/isfd1-bue.infd.edu.ar\/sitio\/wp-json\/wp\/v2\/media?parent=2549"}],"curies":[{"name":"wp","href":"https:\/\/api.w.org\/{rel}","templated":true}]}}