{"id":2490,"date":"2020-09-15T11:30:00","date_gmt":"2020-09-15T14:30:00","guid":{"rendered":"https:\/\/isfd1-bue.infd.edu.ar\/sitio\/?page_id=2490"},"modified":"2021-03-23T11:31:22","modified_gmt":"2021-03-23T14:31:22","slug":"comision-de-identidad","status":"publish","type":"page","link":"https:\/\/isfd1-bue.infd.edu.ar\/sitio\/comision-de-identidad\/","title":{"rendered":"COMISI\u00d3N DE IDENTIDAD, PEDAGOG\u00cdA DE LA MEMORIA Y DERECHOS HUMANOS"},"content":{"rendered":"<p>La Comisi\u00f3n de identidad del I.S.F.D. N\u00ba1 nace en mayo de 2019 con la aprobaci\u00f3n, por parte del C.A.I., de una comisi\u00f3n <em>ad hoc<\/em> que tiene como objetivo realizar las se\u00f1alizaciones y la restauraci\u00f3n de las im\u00e1genes de Estela de Carlotto y su nieto, que hubieran sido colocadas con motivo de la inauguraci\u00f3n del segundo piso.<\/p>\n<p>Como formadores sabemos del potencial did\u00e1ctico que poseen las marcas de memoria en las sociedades actuales: nombres de instituciones, calles, plazas y todo espacio p\u00fablico. Creemos que nuestra instituci\u00f3n puede hacer aportes fundamentales en tal sentido nominalizando las dependencias institucionales con la identidad de cada una de las Abuelas de Plaza de Mayo.<\/p>\n<p>Entre las actividades realizadas por este espacio de trabajo se destacan:<\/p>\n<p>-Se\u00f1alizaci\u00f3n del aula 211 Abuela \u00abDelia Giovanola\u00bb. Se\u00f1alizaci\u00f3n del aula 212 Abuela \u00abRosita Roisinblit\u00bb<\/p>\n<p>-Conversatorio \u00abMemoria y Derechos Humanos\u00bb organizado junto al\u00a0Observatorio de la Ense\u00f1anza de la Historia y los DDHH del ISFDN\u00ba103. (Actividad realizada con motivo de reflexionar sobre\u00a0 la denominada \u201cNoche de los L\u00e1pices\u201d).<\/p>\n<p>-Participaci\u00f3n en las Jornadas Institucionales \u00abFormando Docentes, ampliando Derechos\u00bb con el eje Memoria.<\/p>\n<p>Compartimos la s\u00edntesis 2020 del Proyecto:<\/p>\n<p><a href=\"https:\/\/isfd1-bue.infd.edu.ar\/sitio\/wp-content\/uploads\/2020\/10\/ComisionIDENTIDAD-y-MEMORIA-DEL-Abuelas.pdf\">ComisionIDENTIDAD y MEMORIA DEL Abuelas<\/a><\/p>\n<p><strong>Actividades 2021<\/strong><\/p>\n<p><img decoding=\"async\" loading=\"lazy\" class=\"alignnone size-medium wp-image-2992\" src=\"https:\/\/isfd1-bue.infd.edu.ar\/sitio\/wp-content\/uploads\/2021\/03\/WhatsApp-Image-2021-03-22-at-12.36.37-1000x800.jpeg\" alt=\"\" width=\"1000\" height=\"800\" srcset=\"https:\/\/isfd1-bue.infd.edu.ar\/sitio\/wp-content\/uploads\/2021\/03\/WhatsApp-Image-2021-03-22-at-12.36.37-1000x800.jpeg 1000w, https:\/\/isfd1-bue.infd.edu.ar\/sitio\/wp-content\/uploads\/2021\/03\/WhatsApp-Image-2021-03-22-at-12.36.37-768x614.jpeg 768w, https:\/\/isfd1-bue.infd.edu.ar\/sitio\/wp-content\/uploads\/2021\/03\/WhatsApp-Image-2021-03-22-at-12.36.37.jpeg 1280w\" sizes=\"(max-width: 1000px) 100vw, 1000px\" \/><\/p>\n<p><strong>Actividades 2020<\/strong><\/p>\n<p><img decoding=\"async\" loading=\"lazy\" class=\"alignnone size-medium wp-image-2629\" src=\"https:\/\/isfd1-bue.infd.edu.ar\/sitio\/wp-content\/uploads\/2020\/10\/WhatsApp-Image-2020-10-21-at-13.43.11-1000x612.jpeg\" alt=\"\" width=\"1000\" height=\"612\" srcset=\"https:\/\/isfd1-bue.infd.edu.ar\/sitio\/wp-content\/uploads\/2020\/10\/WhatsApp-Image-2020-10-21-at-13.43.11-1000x612.jpeg 1000w, https:\/\/isfd1-bue.infd.edu.ar\/sitio\/wp-content\/uploads\/2020\/10\/WhatsApp-Image-2020-10-21-at-13.43.11-768x470.jpeg 768w, https:\/\/isfd1-bue.infd.edu.ar\/sitio\/wp-content\/uploads\/2020\/10\/WhatsApp-Image-2020-10-21-at-13.43.11.jpeg 1280w\" sizes=\"(max-width: 1000px) 100vw, 1000px\" \/><\/p>\n<p><img decoding=\"async\" loading=\"lazy\" class=\"alignnone size-medium wp-image-2493\" src=\"https:\/\/isfd1-bue.infd.edu.ar\/sitio\/wp-content\/uploads\/2020\/09\/WhatsApp-Image-2020-09-15-at-10.29.21-1000x571.jpeg\" alt=\"\" width=\"1000\" height=\"571\" srcset=\"https:\/\/isfd1-bue.infd.edu.ar\/sitio\/wp-content\/uploads\/2020\/09\/WhatsApp-Image-2020-09-15-at-10.29.21-1000x571.jpeg 1000w, https:\/\/isfd1-bue.infd.edu.ar\/sitio\/wp-content\/uploads\/2020\/09\/WhatsApp-Image-2020-09-15-at-10.29.21-768x439.jpeg 768w, https:\/\/isfd1-bue.infd.edu.ar\/sitio\/wp-content\/uploads\/2020\/09\/WhatsApp-Image-2020-09-15-at-10.29.21.jpeg 1280w\" sizes=\"(max-width: 1000px) 100vw, 1000px\" \/><\/p>\n","protected":false},"excerpt":{"rendered":"<p>La Comisi\u00f3n de identidad del I.S.F.D. N\u00ba1 nace en mayo de 2019 con la aprobaci\u00f3n, por parte del C.A.I., de una comisi\u00f3n ad hoc que tiene como objetivo realizar las se\u00f1alizaciones y la restauraci\u00f3n de las im\u00e1genes de Estela de Carlotto y su nieto, que hubieran sido colocadas con motivo de la inauguraci\u00f3n del segundo &#8230; <a title=\"COMISI\u00d3N DE IDENTIDAD, PEDAGOG\u00cdA DE LA MEMORIA Y DERECHOS HUMANOS\" class=\"read-more\" href=\"https:\/\/isfd1-bue.infd.edu.ar\/sitio\/comision-de-identidad\/\" aria-label=\"More on COMISI\u00d3N DE IDENTIDAD, PEDAGOG\u00cdA DE LA MEMORIA Y DERECHOS HUMANOS\">[+]<\/a><\/p>\n","protected":false},"author":1584,"featured_media":0,"parent":0,"menu_order":0,"comment_status":"closed","ping_status":"closed","template":"","meta":[],"acf":[],"_links":{"self":[{"href":"https:\/\/isfd1-bue.infd.edu.ar\/sitio\/wp-json\/wp\/v2\/pages\/2490"}],"collection":[{"href":"https:\/\/isfd1-bue.infd.edu.ar\/sitio\/wp-json\/wp\/v2\/pages"}],"about":[{"href":"https:\/\/isfd1-bue.infd.edu.ar\/sitio\/wp-json\/wp\/v2\/types\/page"}],"author":[{"embeddable":true,"href":"https:\/\/isfd1-bue.infd.edu.ar\/sitio\/wp-json\/wp\/v2\/users\/1584"}],"replies":[{"embeddable":true,"href":"https:\/\/isfd1-bue.infd.edu.ar\/sitio\/wp-json\/wp\/v2\/comments?post=2490"}],"version-history":[{"count":8,"href":"https:\/\/isfd1-bue.infd.edu.ar\/sitio\/wp-json\/wp\/v2\/pages\/2490\/revisions"}],"predecessor-version":[{"id":3004,"href":"https:\/\/isfd1-bue.infd.edu.ar\/sitio\/wp-json\/wp\/v2\/pages\/2490\/revisions\/3004"}],"wp:attachment":[{"href":"https:\/\/isfd1-bue.infd.edu.ar\/sitio\/wp-json\/wp\/v2\/media?parent=2490"}],"curies":[{"name":"wp","href":"https:\/\/api.w.org\/{rel}","templated":true}]}}