{"id":2464,"date":"2020-09-13T10:29:30","date_gmt":"2020-09-13T13:29:30","guid":{"rendered":"https:\/\/isfd1-bue.infd.edu.ar\/sitio\/?page_id=2464"},"modified":"2024-02-28T11:54:13","modified_gmt":"2024-02-28T14:54:13","slug":"tramites-frecuentes","status":"publish","type":"page","link":"https:\/\/isfd1-bue.infd.edu.ar\/sitio\/tramites-frecuentes\/","title":{"rendered":"TR\u00c1MITES FRECUENTES (Los Tr\u00e1mites"},"content":{"rendered":"<h2><span style=\"color: #0000ff;\"><b>PASES<\/b><\/span><\/h2>\n<h2><span style=\"color: #0000ff;\">1. Para quien solicita la vacante en nuestra Instituci\u00f3n<\/span><\/h2>\n<p><span style=\"font-weight: 400;\">Para dar inicio al tr\u00e1mite el aspirante debe solicitar la vacante por nota en nuestra I<\/span><span style=\"font-weight: 400;\">nstituci\u00f3n en los tiempos previstos en la agenda acad\u00e9mica<\/span>: <a href=\"https:\/\/isfd1-bue.infd.edu.ar\/sitio\/wp-content\/uploads\/2021\/03\/ISFD-1-Modelo-de-Nota-Formal.docx\">ISFD 1-Modelo de Nota Formal<\/a><\/p>\n<p><span style=\"font-weight: 400;\">Cumplido el plazo el equipo directivo notificar\u00e1 al correo indicado la existencia de vacante. Una vez notificado el aspirante deber\u00e1 presentar de manera presencial y dentro de los plazos indicados (sin excepci\u00f3n) la siguiente documentaci\u00f3n completa :<\/span><\/p>\n<pre><span style=\"font-weight: 400;\">-Fotocopia del DNI anverso y reverso. <\/span>\n\n<span style=\"font-weight: 400;\">-Anal\u00edtico incompleto firmado y sellado por la instituci\u00f3n de origen.<\/span>\n\n<span style=\"color: #000080;\">Para el legajo del estudiante deber\u00e1 adjuntarse adem\u00e1s:<\/span>\n\n-Ficha de inscripci\u00f3n (APELLIDO, NOMBRE, CARRERA, TURNO SOLICITADO, FECHA DE NACIMIENTO, DIRECCI\u00d3N, TEL\u00c9FONOS) (Se adquiere en fotocopiadora)\n\n-Certificado de apto psico-f\u00edsico firmado por autoridad m\u00e9dica.\n\n-Constancia de pago de Cooperadora (pago voluntario pero necesario para el funcionamiento institucional)\n\n-Certificado de vacunaci\u00f3n COVID (en caso de estar vacunado)<\/pre>\n<p><span style=\"font-weight: 400;\"><span style=\"color: #0000ff;\"><strong>NOTA IMPORTANTE<\/strong>: Presentar la documentaci\u00f3n original junto a las fotocopias correspondientes.\u00a0<\/span><\/span><\/p>\n<p><span style=\"color: #0000ff;\"><strong>\u00bfCu\u00e1ndo finaliza el tr\u00e1mite?<\/strong><\/span><\/p>\n<p><span style=\"font-weight: 400;\">Una vez recibida y verificada la documentaci\u00f3n solicitada la regencia asignar\u00e1 a\u00f1o\/divisi\u00f3n y preceptor y comunicar\u00e1 al estudiante que el tr\u00e1mite ha finalizado.\u00a0<\/span><\/p>\n<h2><span style=\"color: #0000ff;\">2. Para quien solicita pasar de nuestra Instituci\u00f3n a otra (salida)<\/span><\/h2>\n<p>El estudiante deber\u00e1 presentar la vacante otorgada por la instituci\u00f3n donde continuara sus estudios en la oficina T\u00edtulos de\u00a0 manera presencial.<\/p>\n<p>Ver: <a href=\"https:\/\/isfd1-bue.infd.edu.ar\/sitio\/wp-content\/uploads\/2021\/03\/ISFD-1-Modelo-de-Nota-Formal.docx\">ISFD 1-Modelo de Nota Formal<\/a><\/p>\n<hr \/>\n<h2><span style=\"color: #0000ff;\"><b>APERTURA DE MESA \u00daLTIMA MATERIA<\/b><\/span><\/h2>\n<p><span style=\"font-weight: 400;\">El estudiante deber\u00e1 solicitar de manera presencial la apertura de la mesa a la regencia del turno correspondiente mediante nota formal en las fechas oportunamente indicadas en la agenda acad\u00e9mica. Ver: <a href=\"https:\/\/isfd1-bue.infd.edu.ar\/sitio\/wp-content\/uploads\/2021\/03\/ISFD-1-Modelo-de-Nota-Formal.docx\">ISFD 1-Modelo de Nota Formal<\/a><\/span><\/p>\n<p><span style=\"color: #0000ff;\"><strong>\u00bfCu\u00e1ndo finaliza el tr\u00e1mite?<\/strong><\/span><\/p>\n<p style=\"text-align: left;\"><span style=\"font-weight: 400;\">El regente responsable verificar\u00e1 la solicitud e informar\u00e1 al estudiante la fecha y hora del examen y qui\u00e9nes ser\u00e1n los docentes que estar\u00e1n a cargo del mismo.<\/span><\/p>\n<hr \/>\n<h2><span style=\"color: #0000ff;\"><b>CAMBIOS DE TURNO<\/b><\/span><\/h2>\n<p>El cambio de turno debe tramitarse, por nota a la regencia.\u00a0\u00a0Se debe inscribir en el turno en el que cursa habitualmente.<\/p>\n<p><span style=\"font-weight: 400;\">El estudiante debe iniciar el tr\u00e1mite presencialmente, mediante nota formal dirigida<span style=\"color: #000080;\"> a la regencia del turno al que desea pasarse.\u00a0<\/span><\/span><\/p>\n<p><span style=\"font-weight: 400;\"> Deber\u00e1 explicitar la causa que motiva la solicitud y la constancia (probanza) que justifique el pedido.<\/span><\/p>\n<p>Ver:<a href=\"https:\/\/isfd1-bue.infd.edu.ar\/sitio\/wp-content\/uploads\/2021\/03\/ISFD-1-Modelo-de-Nota-Formal.docx\">ISFD 1-Modelo de Nota Formal<\/a><\/p>\n<p><span style=\"color: #0000ff;\"><strong>\u00bfCu\u00e1ndo finaliza el tr\u00e1mite?<\/strong><\/span><\/p>\n<p>Cabe aclararse que el cambio <strong>no es autom\u00e1tico<\/strong> y <strong>est\u00e1 sujeto a verificaci\u00f3n y disponibilidad<\/strong>\u00a0 de matr\u00edcula y oferta de cada curso y carrera.<\/p>\n<p><span style=\"font-weight: 400;\"><strong>El regente del turno solicitado analizar\u00e1 la solicitud y las probanzas que lo acreditan<\/strong>.<\/span><\/p>\n<p><span style=\"font-weight: 400;\"><em><strong>En el caso de otorgarse el cambio<\/strong><\/em>, se comunicar\u00e1 por correo electr\u00f3nico con el estudiante\u00a0 informando a\u00f1o\/divisi\u00f3n y preceptor asignado.\u00a0 \u00a0Asimismo, <em><strong>en<\/strong><\/em><\/span><em><span style=\"font-weight: 400;\"><strong>\u00a0el caso de no contar con vacantes, se le comunicar\u00e1 por la misma v\u00eda.\u00a0<\/strong><\/span><\/em><\/p>\n<hr \/>\n<h2 style=\"text-align: left;\"><span style=\"color: #0000ff;\">EQUIVALENCIAS<\/span><\/h2>\n<p>Las equivalencias se piden SOLO SI LA MATERIA FUE ACREDITADA CON FINAL.<\/p>\n<p>El estudiante que desee solicitar equivalencias deber\u00e1 completar los siguientes formularios:<\/p>\n<pre>-Formulario a14\u00a0<a href=\"https:\/\/isfd1-bue.infd.edu.ar\/sitio\/wp-content\/uploads\/2020\/11\/A14-EQUIVALENCIA-RESUMEN-ISFD1.docx\">A14-EQUIVALENCIA-RESUMEN-ISFD1<\/a>\n\n-Formulario a14a\u00a0<a href=\"https:\/\/isfd1-bue.infd.edu.ar\/sitio\/wp-content\/uploads\/2021\/03\/A14a-EQUIVALENCIA-POR-ASIGNATURA-ISFD1.docx\">A14a-EQUIVALENCIA-POR-ASIGNATURA-ISFD1<\/a><\/pre>\n<p>Y presentarlos dentro de los tiempos previstos en la agenda acad\u00e9mica junto a la siguiente documentaci\u00f3n:<\/p>\n<pre>-Fotocopia DNI, frente y reverso\n\n-Anal\u00edtico completo. Si fuera incompleto, firmado y sellado por la Instituci\u00f3n de origen\n\n-Programa de cada materia de la que se solicita equivalencia firmado y sellado por la Instituci\u00f3n de origen.<\/pre>\n<p>Aviso: Es importante que la documentaci\u00f3n se presente en su totalidad para poder dar curso al tr\u00e1mite.<\/p>\n<p><span style=\"color: #0000ff;\"><strong>NOTA IMPORTANTE:<\/strong><\/span><\/p>\n<ul>\n<li>Para solicitar una equivalencia la materia debe estar aprobada y acreditada, es decir, con el examen final RENDIDO.<\/li>\n<li>El a\u00f1o de aprobaci\u00f3n de la materia que se solicita no puede ser anterior a seis a\u00f1os, es decir, que las materias solicitadas deben tener aprobaci\u00f3n (es decir, fecha de examen final aprobado) posterior al a\u00f1o 2016.<\/li>\n<li>Debe recibirse la documentaci\u00f3n completa junto con los datos completos solicitados en la planilla para dar curso al tr\u00e1mite.<\/li>\n<\/ul>\n<p><span style=\"color: #0000ff;\"><strong>\u00bfCu\u00e1ndo finaliza el tr\u00e1mite?<\/strong><\/span><\/p>\n<p>Una vez evaluada y resuelta la equivalencia desde el Instituto se comunicar\u00e1 al estudiante la resoluci\u00f3n de la misma (Aceptada o denegada). Recomendamos visitar el siguiente link para m\u00e1s informaci\u00f3n: <a href=\"https:\/\/isfd1-bue.infd.edu.ar\/sitio\/category\/preguntas\/de-las-equivalencias\/\">https:\/\/isfd1-bue.infd.edu.ar\/sitio\/category\/preguntas\/de-las-equivalencias\/<\/a><\/p>\n<hr \/>\n<h2><span style=\"color: #0000ff;\"><b>SOLICITUD DE PROGRAMAS<\/b><\/span><\/h2>\n<p><span style=\"font-weight: 400;\">El estudiante debe solicitar los programas iniciando el tr\u00e1mite a trav\u00e9s del correo electr\u00f3nico indicado: <\/span><a href=\"mailto:programasisfd1@gmail.com\"><span style=\"font-weight: 400;\">programasisfd1@gmail.com<\/span><\/a><span style=\"font-weight: 400;\"> (Referente: Bibliotecaria Silvia Dom\u00ednguez)\u00a0<\/span><\/p>\n<p><span style=\"font-weight: 400;\">El pedido debe realizarse mediante nota (Ver <a href=\"https:\/\/isfd1-bue.infd.edu.ar\/sitio\/wp-content\/uploads\/2021\/03\/ISFD-1-Modelo-de-Nota-Formal.docx\">ISFD 1-Modelo de Nota Formal)\u00a0<\/a>consignando el listado de materias, a\u00f1o de cursada y docente a cargo de cada uno de los programas que se requieran. Se debe adjuntar en el correo foto de la libreta (portada con datos, foto y libro y folio) o foto del certificado anal\u00edtico del solicitante.<\/span><\/p>\n<p><span style=\"font-weight: 400;\">Asimismo debe consignarse a qu\u00e9 instituci\u00f3n ser\u00e1 destinada la informaci\u00f3n requerida, quedando a la espera de la firma y sellado de la autoridad correspondiente.<\/span><\/p>\n<p><span style=\"color: #0000ff;\"><strong>\u00bfCu\u00e1ndo finaliza el tr\u00e1mite?<\/strong><\/span><\/p>\n<p><span style=\"font-weight: 400;\">Finalizados los sellados la referente se comunicar\u00e1 con la\/el estudiante solicitante.<\/span><\/p>\n<hr \/>\n<h2><span style=\"color: #0000ff;\"><b>CONSTANCIA DE ALUMNO REGULAR\u00a0<\/b><\/span><\/h2>\n<p><span style=\"font-weight: 400;\">El estudiante debe solicitar el formulario en preceptor\u00eda de forma presencial\u00a0 o imprimirlo <a href=\"https:\/\/isfd1-bue.infd.edu.ar\/sitio\/wp-content\/uploads\/2021\/09\/A7_Constancia-de-alumno-regular.pdf\">A7_Constancia de alumno regular<\/a>, completarlo y presentarlo con los siguientes datos:\u00a0<\/span><\/p>\n<p><span style=\"font-weight: 400;\">APELLIDO Y NOMBRE, DNI, CARRERA, A\u00d1O Y DIVISI\u00d3N, A\u00d1O DE INGRESO, LIBRO Y FOLIO (Se encuentra en la portada de la libreta del estudiante).\u00a0\u00a0<\/span><\/p>\n<p>Ver:\u00a0<a href=\"https:\/\/isfd1-bue.infd.edu.ar\/sitio\/7-como-se-mantiene-la-regularidad\/\">https:\/\/isfd1-bue.infd.edu.ar\/sitio\/7-como-se-mantiene-la-regularidad\/<\/a><\/p>\n<p>Preceptor\u00eda verificar\u00e1 la informaci\u00f3n y remitir\u00e1 para su firmado y sellado.<\/p>\n<p><span style=\"color: #0000ff;\"><strong>\u00bfCu\u00e1ndo finaliza el tr\u00e1mite?<\/strong><\/span><\/p>\n<p>Luego de 24 hs. de iniciado el tr\u00e1mite podr\u00e1 ser retirada de forma presencial en preceptor\u00eda.<\/p>\n<h2><span style=\"color: #0000ff;\"><b>CONSTANCIA DE ASISTENCIA A EXAMEN\u00a0<\/b><\/span><\/h2>\n<p><span style=\"font-weight: 400;\">El estudiante debe solicitar el formulario en preceptor\u00eda de forma presencial o imprimirlo <a href=\"https:\/\/isfd1-bue.infd.edu.ar\/sitio\/wp-content\/uploads\/2021\/09\/A8_Constancia-de-Asistencia-a-Examen-.pdf\">A8_Constancia de Asistencia a Examen<\/a>, completarlo y presentarlo con los siguientes datos:\u00a0<\/span><\/p>\n<p><span style=\"font-weight: 400;\">FECHA Y HORA DEL EXAMEN, Nombre completo de la MATERIA\u00a0 y Apellido y Nombre del DOCENTE a cargo.\u00a0<\/span><\/p>\n<p><span style=\"font-weight: 400;\">Preceptor\u00eda verificar\u00e1 que los datos consignados sean exactos y remitir\u00e1 para la firma y sello.\u00a0<\/span><\/p>\n<p><span style=\"color: #0000ff;\"><strong>\u00bfCu\u00e1ndo finaliza el tr\u00e1mite?<\/strong><\/span><\/p>\n<p>Luego de 24 hs. de iniciado el tr\u00e1mite podr\u00e1 ser retirada de forma presencial en preceptor\u00eda.<\/p>\n<h2><span style=\"color: #0000ff;\"><b>CONSTANCIA DE OBSERVACIONES, PR\u00c1CTICA O RESIDENCIA<\/b><\/span><\/h2>\n<p>El estudiante debe solicitar el formulario en preceptor\u00eda o imprimirlo <a href=\"https:\/\/isfd1-bue.infd.edu.ar\/sitio\/wp-content\/uploads\/2021\/09\/A11_constancia_practica_residencia.pdf\">A11_constancia_pr\u00e1ctica_residencia<\/a>. La constancia debe ser completada y firmada por el Docente correspondiente, luego la presentar\u00e1 el estudiante en preceptor\u00eda para su posterior verificaci\u00f3n, firmado y sellado.<\/p>\n<p><span style=\"color: #0000ff;\"><strong>\u00bfCu\u00e1ndo finaliza el tr\u00e1mite?<\/strong><\/span><\/p>\n<p>Luego de 24 hs. de iniciado el tr\u00e1mite podr\u00e1 ser retirada de forma presencial en preceptor\u00eda.<\/p>\n<hr \/>\n<h2><span style=\"color: #0000ff;\"><b>CONSTANCIA DE PORCENTAJE DE MATERIAS<\/b><\/span><\/h2>\n<p><span style=\"font-weight: 400;\">El estudiante debe solicitar el formulario en la fotocopiadora de la instituci\u00f3n, completar y dejar el mismo al preceptor de su carrera. El tramite tiene una demora de entre las 24 y 48 hs.<\/span><\/p>\n<p><a href=\"https:\/\/isfd1-bue.infd.edu.ar\/sitio\/wp-content\/uploads\/2024\/02\/A9b-Constancia-Porcentaje-de-Materias-2024.doc\">A9b Constancia Porcentaje de Materias 2024<\/a><\/p>\n<h1 style=\"text-align: center;\"><b>Recuerden que todas sus notas y solicitudes tienen car\u00e1cter institucional, por eso deben ser confeccionadas y redactadas como tales. A continuaci\u00f3n les brindamos un modelo:<\/b><\/h1>\n<p><a href=\"https:\/\/isfd1-bue.infd.edu.ar\/sitio\/wp-content\/uploads\/2021\/03\/ISFD-1-Modelo-de-Nota-Formal.docx\">ISFD 1-Modelo de Nota Formal<\/a><\/p>\n","protected":false},"excerpt":{"rendered":"<p>PASES 1. Para quien solicita la vacante en nuestra Instituci\u00f3n Para dar inicio al tr\u00e1mite el aspirante debe solicitar la vacante por nota en nuestra Instituci\u00f3n en los tiempos previstos en la agenda acad\u00e9mica: ISFD 1-Modelo de Nota Formal Cumplido el plazo el equipo directivo notificar\u00e1 al correo indicado la existencia de vacante. Una vez &#8230; <a title=\"TR\u00c1MITES FRECUENTES (Los Tr\u00e1mites\" class=\"read-more\" href=\"https:\/\/isfd1-bue.infd.edu.ar\/sitio\/tramites-frecuentes\/\" aria-label=\"More on TR\u00c1MITES FRECUENTES (Los Tr\u00e1mites\">[+]<\/a><\/p>\n","protected":false},"author":1584,"featured_media":0,"parent":0,"menu_order":0,"comment_status":"closed","ping_status":"closed","template":"","meta":[],"acf":[],"_links":{"self":[{"href":"https:\/\/isfd1-bue.infd.edu.ar\/sitio\/wp-json\/wp\/v2\/pages\/2464"}],"collection":[{"href":"https:\/\/isfd1-bue.infd.edu.ar\/sitio\/wp-json\/wp\/v2\/pages"}],"about":[{"href":"https:\/\/isfd1-bue.infd.edu.ar\/sitio\/wp-json\/wp\/v2\/types\/page"}],"author":[{"embeddable":true,"href":"https:\/\/isfd1-bue.infd.edu.ar\/sitio\/wp-json\/wp\/v2\/users\/1584"}],"replies":[{"embeddable":true,"href":"https:\/\/isfd1-bue.infd.edu.ar\/sitio\/wp-json\/wp\/v2\/comments?post=2464"}],"version-history":[{"count":65,"href":"https:\/\/isfd1-bue.infd.edu.ar\/sitio\/wp-json\/wp\/v2\/pages\/2464\/revisions"}],"predecessor-version":[{"id":4900,"href":"https:\/\/isfd1-bue.infd.edu.ar\/sitio\/wp-json\/wp\/v2\/pages\/2464\/revisions\/4900"}],"wp:attachment":[{"href":"https:\/\/isfd1-bue.infd.edu.ar\/sitio\/wp-json\/wp\/v2\/media?parent=2464"}],"curies":[{"name":"wp","href":"https:\/\/api.w.org\/{rel}","templated":true}]}}