{"id":2439,"date":"2020-09-10T13:54:46","date_gmt":"2020-09-10T16:54:46","guid":{"rendered":"https:\/\/isfd1-bue.infd.edu.ar\/sitio\/?page_id=2439"},"modified":"2020-09-15T11:40:50","modified_gmt":"2020-09-15T14:40:50","slug":"esi-del-uno","status":"publish","type":"page","link":"https:\/\/isfd1-bue.infd.edu.ar\/sitio\/esi-del-uno\/","title":{"rendered":"ESI DEL UNO"},"content":{"rendered":"<p><img decoding=\"async\" loading=\"lazy\" class=\"alignnone size-medium wp-image-2444\" src=\"https:\/\/isfd1-bue.infd.edu.ar\/sitio\/wp-content\/uploads\/2020\/09\/9a8f125d-b151-478a-b325-088b0d14a3dd-1000x563.jpg\" alt=\"\" width=\"1000\" height=\"563\" srcset=\"https:\/\/isfd1-bue.infd.edu.ar\/sitio\/wp-content\/uploads\/2020\/09\/9a8f125d-b151-478a-b325-088b0d14a3dd-1000x563.jpg 1000w, https:\/\/isfd1-bue.infd.edu.ar\/sitio\/wp-content\/uploads\/2020\/09\/9a8f125d-b151-478a-b325-088b0d14a3dd-768x432.jpg 768w, https:\/\/isfd1-bue.infd.edu.ar\/sitio\/wp-content\/uploads\/2020\/09\/9a8f125d-b151-478a-b325-088b0d14a3dd.jpg 1280w\" sizes=\"(max-width: 1000px) 100vw, 1000px\" \/><\/p>\n<p>El Proyecto Institucional ESI del Uno nace con el fin de transversalizar la Educaci\u00f3n Sexual Integral y garantizar su efectiva implementaci\u00f3n desde un enfoque de G\u00e9nero y de Derechos Humanos. Entre sus acciones se destacan:<\/p>\n<p>-Relevamiento y an\u00e1lisis de estad\u00edsticas sobre ESI de la comunidad educativa que integramos: estudiantes, docentes, graduades y escuelas asociadas. Acompa\u00f1amiento de las demandas que desde all\u00ed surgen en materia de formaci\u00f3n inicial y continua.<\/p>\n<p>-Apertura de una c\u00e1tedra abierta en nuestro campus virtual.<\/p>\n<p>-Encuentros con especialistas transmitidos a trav\u00e9s del <a href=\"https:\/\/www.youtube.com\/channel\/UCiEhH0FXnJvNW55RV8ZhVNw\">canal de youtube del Proyecto<\/a>.<\/p>\n<p>-Producci\u00f3n de materiales pedag\u00f3gicos y de divulgaci\u00f3n\/comunicaci\u00f3n.<\/p>\n<p>-Trabajo interc\u00e1tedras e intercarrera sobre los 5 ejes de la ESI:<\/p>\n<ul>\n<li>Valorar la afectividad<\/li>\n<li>Respetar la diversidad<\/li>\n<li>Incorporar la perspectiva de G\u00e9nero\/Garantizar la equidad de g\u00e9neros<\/li>\n<li>Cuidar el cuerpo y la salud<\/li>\n<li>Ejercer nuestros Derechos<\/li>\n<\/ul>\n<p>Dichas acciones se enmarcan en la Normativa Internacional, Nacional y Provincial vigente, en virtud de los lineamientos del <a href=\"https:\/\/www.argentina.gob.ar\/educacion\/esi\">Programa Nacional de Educaci\u00f3n Sexual Integral<\/a>. <a href=\"https:\/\/www.argentina.gob.ar\/educacion\/esi\/normativa\">Puede consultarse en su totalidad aqu\u00ed.<\/a><\/p>\n<p>Especialmente:<\/p>\n<p><a href=\"https:\/\/www.argentina.gob.ar\/sites\/default\/files\/ley26150.pdf\">Ley Nacional de Educaci\u00f3n Sexual Integral N\u00b0 26150\/06<\/a><\/p>\n<p><a href=\"https:\/\/normas.gba.gob.ar\/ar-b\/ley\/2015\/14744\/11176#\">Ley Provincial N\u00b014744\/15 de Educaci\u00f3n Sexual Integral (Bs. As.)<\/a><\/p>\n<p><a href=\"https:\/\/www.argentina.gob.ar\/sites\/default\/files\/res_cfe_340_18_0.pdf\">Resoluci\u00f3n CFE 340\/18<\/a>\u00a0 y su <a href=\"https:\/\/www.argentina.gob.ar\/sites\/default\/files\/anexo_resolucion_cfe_340_18_0.pdf\">anexo<\/a><\/p>\n<p>&nbsp;<\/p>\n<p><strong>DIRECTORA<\/strong><br \/>\nMarisa Suff\u00eda<\/p>\n<p><strong>EQUIPO REFERENTE\u00a0<\/strong><\/p>\n<p>Tamara Aguilera<\/p>\n<p>Constanza Albornoz<\/p>\n<p>Paola Balboa<\/p>\n<p>Roc\u00edo Ball\u00f3n<\/p>\n<p>Flavia Bianucci<\/p>\n<p>Liliana Del Puerto<\/p>\n<p>Laura Mari<\/p>\n<p>Estefan\u00eda Nepomoceno<\/p>\n<p>Maira Poldi<\/p>\n<p>Marisa R\u00edos<\/p>\n<p>&nbsp;<\/p>\n<p><strong>Algunas actividades:<\/strong><\/p>\n<p><img decoding=\"async\" loading=\"lazy\" class=\"alignnone wp-image-2497\" src=\"https:\/\/isfd1-bue.infd.edu.ar\/sitio\/wp-content\/uploads\/2020\/09\/Invitaci\u00f3n-Mirta-713x1000.jpeg\" alt=\"\" width=\"452\" height=\"634\" srcset=\"https:\/\/isfd1-bue.infd.edu.ar\/sitio\/wp-content\/uploads\/2020\/09\/Invitaci\u00f3n-Mirta-713x1000.jpeg 713w, https:\/\/isfd1-bue.infd.edu.ar\/sitio\/wp-content\/uploads\/2020\/09\/Invitaci\u00f3n-Mirta-768x1077.jpeg 768w, https:\/\/isfd1-bue.infd.edu.ar\/sitio\/wp-content\/uploads\/2020\/09\/Invitaci\u00f3n-Mirta.jpeg 913w\" sizes=\"(max-width: 452px) 100vw, 452px\" \/><img decoding=\"async\" loading=\"lazy\" class=\"wp-image-2495 alignright\" src=\"https:\/\/isfd1-bue.infd.edu.ar\/sitio\/wp-content\/uploads\/2020\/09\/WhatsApp-Image-2020-09-14-at-10.39.57-709x1000.jpeg\" alt=\"\" width=\"448\" height=\"632\" srcset=\"https:\/\/isfd1-bue.infd.edu.ar\/sitio\/wp-content\/uploads\/2020\/09\/WhatsApp-Image-2020-09-14-at-10.39.57-709x1000.jpeg 709w, https:\/\/isfd1-bue.infd.edu.ar\/sitio\/wp-content\/uploads\/2020\/09\/WhatsApp-Image-2020-09-14-at-10.39.57-768x1083.jpeg 768w, https:\/\/isfd1-bue.infd.edu.ar\/sitio\/wp-content\/uploads\/2020\/09\/WhatsApp-Image-2020-09-14-at-10.39.57.jpeg 908w\" sizes=\"(max-width: 448px) 100vw, 448px\" \/><\/p>\n","protected":false},"excerpt":{"rendered":"<p>El Proyecto Institucional ESI del Uno nace con el fin de transversalizar la Educaci\u00f3n Sexual Integral y garantizar su efectiva implementaci\u00f3n desde un enfoque de G\u00e9nero y de Derechos Humanos. Entre sus acciones se destacan: -Relevamiento y an\u00e1lisis de estad\u00edsticas sobre ESI de la comunidad educativa que integramos: estudiantes, docentes, graduades y escuelas asociadas. Acompa\u00f1amiento &#8230; <a title=\"ESI DEL UNO\" class=\"read-more\" href=\"https:\/\/isfd1-bue.infd.edu.ar\/sitio\/esi-del-uno\/\" aria-label=\"More on ESI DEL UNO\">[+]<\/a><\/p>\n","protected":false},"author":1584,"featured_media":0,"parent":0,"menu_order":0,"comment_status":"closed","ping_status":"closed","template":"","meta":[],"acf":[],"_links":{"self":[{"href":"https:\/\/isfd1-bue.infd.edu.ar\/sitio\/wp-json\/wp\/v2\/pages\/2439"}],"collection":[{"href":"https:\/\/isfd1-bue.infd.edu.ar\/sitio\/wp-json\/wp\/v2\/pages"}],"about":[{"href":"https:\/\/isfd1-bue.infd.edu.ar\/sitio\/wp-json\/wp\/v2\/types\/page"}],"author":[{"embeddable":true,"href":"https:\/\/isfd1-bue.infd.edu.ar\/sitio\/wp-json\/wp\/v2\/users\/1584"}],"replies":[{"embeddable":true,"href":"https:\/\/isfd1-bue.infd.edu.ar\/sitio\/wp-json\/wp\/v2\/comments?post=2439"}],"version-history":[{"count":22,"href":"https:\/\/isfd1-bue.infd.edu.ar\/sitio\/wp-json\/wp\/v2\/pages\/2439\/revisions"}],"predecessor-version":[{"id":2499,"href":"https:\/\/isfd1-bue.infd.edu.ar\/sitio\/wp-json\/wp\/v2\/pages\/2439\/revisions\/2499"}],"wp:attachment":[{"href":"https:\/\/isfd1-bue.infd.edu.ar\/sitio\/wp-json\/wp\/v2\/media?parent=2439"}],"curies":[{"name":"wp","href":"https:\/\/api.w.org\/{rel}","templated":true}]}}