{"id":1774,"date":"2020-03-23T10:50:00","date_gmt":"2020-03-23T13:50:00","guid":{"rendered":"https:\/\/isfd1-bue.infd.edu.ar\/sitio\/?page_id=1774"},"modified":"2024-04-11T11:31:59","modified_gmt":"2024-04-11T14:31:59","slug":"becas","status":"publish","type":"page","link":"https:\/\/isfd1-bue.infd.edu.ar\/sitio\/becas\/","title":{"rendered":"BECAS"},"content":{"rendered":"\n<h2 class=\"wp-block-heading\">Atenci\u00f3n: Inscripci\u00f3n de Beneficiarios Progresar 2024.<\/h2>\n\n\n\n<p>11\/04\/2024<\/p>\n\n\n\n<p>Estimadas\/os:<\/p>\n\n\n\n<p>Tenemos el agrado de anunciarles que a partir del 10 de abril y hasta el 30 de abril estar\u00e1 habilitada la Convocatoria Progresar 2024 para todas las l\u00edneas de beca. En el caso de Progresar Trabajo, la inscripci\u00f3n se extender\u00e1 hasta el 30 de noviembre.<\/p>\n\n\n\n<p>Adem\u00e1s, les informamos que el 15 de abril se dar\u00e1 inicio al proceso de certificaci\u00f3n correspondiente a esta etapa, para las l\u00edneas de Nivel Obligatorio y Nivel Superior el proceso estar\u00e1 activo hasta el 10 de mayo.<\/p>\n\n\n\n<p>Les adjuntamos el material de difusi\u00f3n del programa:<\/p>\n\n\n\n<p><a href=\"https:\/\/www.argentina.gob.ar\/noticias\/abre-la-convocatoria-progresar-2024\" target=\"_blank\" rel=\"noreferrer noopener\">https:\/\/www.argentina.gob.ar\/noticias\/abre-la-convocatoria-progresar-2024<\/a><\/p>\n\n\n\n<p>Link a placas de Instagram:<\/p>\n\n\n\n<p><a rel=\"noreferrer noopener\" href=\"https:\/\/drive.google.com\/drive\/folders\/1X_bzcCM4uwoAPWYwyJ4KQFZ-ti0E0D-J?usp=sharing\" target=\"_blank\">https:\/\/drive.google.com\/drive\/folders\/1X_bzcCM4uwoAPWYwyJ4KQFZ-ti0E0D-J?usp=sharing<\/a><\/p>\n\n\n\n<p>Link a instructivos de inscripci\u00f3n:<\/p>\n\n\n\n<p><a rel=\"noreferrer noopener\" href=\"https:\/\/drive.google.com\/drive\/folders\/14chTBMiVhJgOONyqLnGRlZqFgQEU42iA?usp=sharing\" target=\"_blank\">https:\/\/drive.google.com\/drive\/folders\/14chTBMiVhJgOONyqLnGRlZqFgQEU42iA?usp=sharing<\/a><\/p>\n\n\n\n<p><br>Direcci\u00f3n Provincial de Educaci\u00f3n Superior<\/p>\n\n\n\n<p>Pol\u00edticas Estudiantiles<\/p>\n\n\n\n<p><\/p>\n\n\n\n<hr class=\"wp-block-separator has-css-opacity\"\/>\n\n\n<div dir=\"auto\">&nbsp;<\/div>\n<div dir=\"auto\">\n<hr><\/div>\n<p><iframe loading=\"lazy\" title=\"YouTube video player\" src=\"https:\/\/www.youtube.com\/embed\/_8bDWQdMa0Q\" width=\"560\" height=\"315\" frameborder=\"0\" allowfullscreen=\"allowfullscreen\"><span data-mce-type=\"bookmark\" style=\"display: inline-block; width: 0px; overflow: hidden; line-height: 0;\" class=\"mce_SELRES_start\">\ufeff<\/span><span data-mce-type=\"bookmark\" style=\"display: inline-block; width: 0px; overflow: hidden; line-height: 0;\" class=\"mce_SELRES_start\">\ufeff<\/span><\/iframe><\/p>\n<p>\u00a1Atenci\u00f3n! Video instructivo del proceso de inscripci\u00f3n para&nbsp;<b>Nivel Superior&nbsp;<\/b><\/p>\n<div dir=\"auto\">\n<hr><\/div>\n<div dir=\"auto\">14\/4\/2021<\/div>\n<h2>ATENCI\u00d3N BECAS PROGRESAR. LEER CON MUCHA ATENCI\u00d3N:<\/h2>\n<p>Todos aquellos<strong> estudiantes de primer a\u00f1o<\/strong> que se hayan inscripto en las BECAS PROGRESAR DEBER\u00c1N ENVIAR AL SIGUIENTE MAIL: becasprogresar.isfd1@gmail.com el t\u00edtulo o constancia de t\u00edtulo en tr\u00e1mite (es decir no deben adeudar materias del nivel secundario) ya que si no contamos con esa documentaci\u00f3n no podr\u00e1n acceder\/cobrar la beca.<\/p>\n<p>Indicar por favor carrera seleccionada y n\u00famero de DNI.<\/p>\n<p>En caso de adeudar materias y estar rindiendo, les solicitamos que: al dar la \u00faltima materia soliciten inmediatamente en la escuela secundaria, constancia de t\u00edtulo en tr\u00e1mite y lo env\u00eden al mismo mail, es decir,: becasprogresar.isfd1@gmail.com, para as\u00ed nosotros poder terminar con la tramitaci\u00f3n.<\/p>\n<h2>IMPORTANTE: SIN CONSTANCIA DE T\u00cdTULO O T\u00cdTULO EN TR\u00c1MITE NO SE PUEDE ACCEDER A LA BECA<\/h2>\n<p>8\/4\/2021<\/p>\n<p>IMPORTANTE<\/p>\n<p>Este formulario deben completarlo \u00daNICAMENTE los y las estudiantes que se inscribieron en las Becas PROGRESAR 2021. Estaremos haciendo el seguimiento necesario para poder certificarlos.<\/p>\n<h1><a href=\"https:\/\/docs.google.com\/forms\/d\/e\/1FAIpQLSfdjY7Pg8NuYskEIwp7XyBW901iBm9aetR2dm5_wh4g8ExgKg\/viewform?usp=sf_link\">Formulario disponible haciendo click aqu\u00ed<\/a><\/h1>\n<p>IMPORTANTE: ESTA PLANILLA SE CONTEMPLAR\u00c1 A MODO DE DECLARACI\u00d3N JURADA. EL INSTITUTO NO SE HAR\u00c1 RESPONSABLE DE LOS DATOS QUE HAYAN SIDO CARGADOS ERR\u00d3NEAMENTE POR USTEDES.<\/p>\n<div dir=\"auto\">\n<hr><\/div>\n<div dir=\"auto\">\n<div dir=\"auto\" style=\"text-align: left;\"><strong>BECAS PROGRESAR 2021<\/strong><\/div>\n<div dir=\"auto\" style=\"padding-left: 30px; text-align: left;\"><strong><em>Estimadas y estimados nos ha llegado informaci\u00f3n desde sede central en donde nos informan que han detectado algunas dificultades en la visualizaci\u00f3n de algunas carreras o institutos en la plataforma de inscripci\u00f3n PROGRESAR. Se est\u00e1 trabajando para que a la brevedad se vea reflejada la totalidad de la oferta acad\u00e9mica 2021.<\/em><\/strong><\/div>\n<div dir=\"auto\" style=\"padding-left: 30px; text-align: left;\"><strong><em>Solicitamos por favor NO INSCRIBIRSE EN CASO DE NO ENCONTRAR LA CARRERA ya que si lo hacen en una carrera que no es la que corresponde tendremos dificultades para hacer las certificaciones desde la instituci\u00f3n.<\/em><\/strong><\/div>\n<div dir=\"auto\" style=\"padding-left: 30px; text-align: left;\"><strong><em>Por todo esto reiteramos que si al momento de inscribirse no encuentran su carrera NO LO HAGAN esperen unos d\u00edas y vuelvan a intentarlo. Recordamos que la inscripci\u00f3n estar\u00e1 abierta hasta el 30 de abril.<\/em><\/strong><\/div>\n<\/div>\n<div dir=\"auto\">\n<h1>LINK DE INSCRIPCI\u00d3N:&nbsp;<a href=\"https:\/\/progresar.educacion.gob.ar\/\">https:\/\/progresar.educacion.gob.ar\/<\/a><\/h1>\n<p>\u2022 Fecha de inscripci\u00f3n del 01\/03\/2021 al 30\/04\/2021 inclusive.<\/p>\n<p>\u2022 Todes les estudiantes que requieran solicitar la Beca para el ciclo lectivo 2021 deben anotarse (sean o no beneficiarios de a\u00f1os anteriores).<\/p>\n<p><strong>REQUISITOS<\/strong>:<\/p>\n<p>\u2022 Tener entre 18 y 24 a\u00f1os inclusive.<\/p>\n<p>\u2022 Para estudiantes avanzados en a\u00f1os superiores el l\u00edmite de edad se extiende a 30 a\u00f1os inclusive.<\/p>\n<p>\u2022 Personas con discapacidad quedan exentos del l\u00edmite de edad, deben adjuntar certificado de discapacidad a dicha inscripci\u00f3n.<\/p>\n<p>\u2022 Ser Argentino\/a nativo o contar con nacionalidad en DNI.<\/p>\n<p>\u2022 El total de tus ingresos o de tu grupo familiar no debe superar la suma de 3 salarios m\u00ednimos, vitales y m\u00f3viles.<\/p>\n<p>\u2022 No ser titular de otros planes sociales.<\/p>\n<p>\u2022 Cumplir con los requisitos acad\u00e9micos de contar con el 60% de las materias ACREDITADAS por a\u00f1o.<\/p>\n<p>RECUERDEN QUE AL MOMENTO DE COMPLETAR LOS DATOS INSTITUCIONALES DEBEN SELECCIONAR EL QUE DICE: \u00abINSTITUTO SUPERIOR DE FORMACI\u00d3N DOCENTE N\u00daMERO 1 PI\u00d1EYRO\u201d<\/p>\n<pre><strong>Inscripci\u00f3n<\/strong>:\n<a href=\"https:\/\/becasprogresar.educacion.gob.ar\/inicio_nivel_superior.php\">https:\/\/becasprogresar.educacion.gob.ar\/inicio_nivel_superior.php<\/a>\n\n<strong style=\"font-family: inherit; font-size: inherit;\">Mail de contacto institucional<\/strong><span style=\"font-family: inherit; font-size: inherit;\">: <\/span>becasprogresar.isfd1@gmail.com<\/pre>\n<\/div>\n<div class=\"text_exposed_show\">&nbsp;<\/div>","protected":false},"excerpt":{"rendered":"<p>Atenci\u00f3n: Inscripci\u00f3n de Beneficiarios Progresar 2024. 11\/04\/2024 Estimadas\/os: Tenemos el agrado de anunciarles que a partir del 10 de abril y hasta el 30 de abril estar\u00e1 habilitada la Convocatoria Progresar 2024 para todas las l\u00edneas de beca. En el caso de Progresar Trabajo, la inscripci\u00f3n se extender\u00e1 hasta el 30 de noviembre. Adem\u00e1s, les &#8230; <a title=\"BECAS\" class=\"read-more\" href=\"https:\/\/isfd1-bue.infd.edu.ar\/sitio\/becas\/\" aria-label=\"More on BECAS\">[+]<\/a><\/p>\n","protected":false},"author":1570,"featured_media":0,"parent":0,"menu_order":0,"comment_status":"closed","ping_status":"closed","template":"","meta":[],"acf":[],"_links":{"self":[{"href":"https:\/\/isfd1-bue.infd.edu.ar\/sitio\/wp-json\/wp\/v2\/pages\/1774"}],"collection":[{"href":"https:\/\/isfd1-bue.infd.edu.ar\/sitio\/wp-json\/wp\/v2\/pages"}],"about":[{"href":"https:\/\/isfd1-bue.infd.edu.ar\/sitio\/wp-json\/wp\/v2\/types\/page"}],"author":[{"embeddable":true,"href":"https:\/\/isfd1-bue.infd.edu.ar\/sitio\/wp-json\/wp\/v2\/users\/1570"}],"replies":[{"embeddable":true,"href":"https:\/\/isfd1-bue.infd.edu.ar\/sitio\/wp-json\/wp\/v2\/comments?post=1774"}],"version-history":[{"count":31,"href":"https:\/\/isfd1-bue.infd.edu.ar\/sitio\/wp-json\/wp\/v2\/pages\/1774\/revisions"}],"predecessor-version":[{"id":5101,"href":"https:\/\/isfd1-bue.infd.edu.ar\/sitio\/wp-json\/wp\/v2\/pages\/1774\/revisions\/5101"}],"wp:attachment":[{"href":"https:\/\/isfd1-bue.infd.edu.ar\/sitio\/wp-json\/wp\/v2\/media?parent=1774"}],"curies":[{"name":"wp","href":"https:\/\/api.w.org\/{rel}","templated":true}]}}