{"id":1464,"date":"2020-02-17T13:34:58","date_gmt":"2020-02-17T16:34:58","guid":{"rendered":"https:\/\/isfd1-bue.infd.edu.ar\/sitio\/?page_id=1464"},"modified":"2023-11-16T13:35:22","modified_gmt":"2023-11-16T16:35:22","slug":"centro-de-estudiantes","status":"publish","type":"page","link":"https:\/\/isfd1-bue.infd.edu.ar\/sitio\/centro-de-estudiantes\/","title":{"rendered":"CENTRO DE ESTUDIANTES"},"content":{"rendered":"<p style=\"text-align: left;\">El Centro de estudiantes del ISFD N\u00b01 es el espacio de organizaci\u00f3n, participaci\u00f3n y representaci\u00f3n pol\u00edtico\/gremial de todes les estudiantes.<\/p>\n<p style=\"text-align: left;\">Tal como lo expresa la normativa provincial, el ejercicio de pr\u00e1cticas democr\u00e1ticas institucionales consolida una educaci\u00f3n para la democracia, la formaci\u00f3n de mejores ciudadanos y la construcci\u00f3n de una sociedad con mayor justicia social.<\/p>\n<p style=\"text-align: left;\">Para obtener m\u00e1s informaci\u00f3n sobre Comisi\u00f3n directiva, delegados por curso y actividades pod\u00e9s acercarte al CEUNO.<\/p>\n<p>En esta oportunidad (2023\/2024) conforman la comisi\u00f3n directiva los y las miembros de la Agrupaci\u00f3n MEM (Movimiento Educativo por la Memoria) @mem.isfd1<\/p>\n","protected":false},"excerpt":{"rendered":"<p>El Centro de estudiantes del ISFD N\u00b01 es el espacio de organizaci\u00f3n, participaci\u00f3n y representaci\u00f3n pol\u00edtico\/gremial de todes les estudiantes. Tal como lo expresa la normativa provincial, el ejercicio de pr\u00e1cticas democr\u00e1ticas institucionales consolida una educaci\u00f3n para la democracia, la formaci\u00f3n de mejores ciudadanos y la construcci\u00f3n de una sociedad con mayor justicia social. Para &#8230; <a title=\"CENTRO DE ESTUDIANTES\" class=\"read-more\" href=\"https:\/\/isfd1-bue.infd.edu.ar\/sitio\/centro-de-estudiantes\/\" aria-label=\"More on CENTRO DE ESTUDIANTES\">[+]<\/a><\/p>\n","protected":false},"author":7,"featured_media":0,"parent":0,"menu_order":0,"comment_status":"closed","ping_status":"closed","template":"","meta":[],"acf":[],"_links":{"self":[{"href":"https:\/\/isfd1-bue.infd.edu.ar\/sitio\/wp-json\/wp\/v2\/pages\/1464"}],"collection":[{"href":"https:\/\/isfd1-bue.infd.edu.ar\/sitio\/wp-json\/wp\/v2\/pages"}],"about":[{"href":"https:\/\/isfd1-bue.infd.edu.ar\/sitio\/wp-json\/wp\/v2\/types\/page"}],"author":[{"embeddable":true,"href":"https:\/\/isfd1-bue.infd.edu.ar\/sitio\/wp-json\/wp\/v2\/users\/7"}],"replies":[{"embeddable":true,"href":"https:\/\/isfd1-bue.infd.edu.ar\/sitio\/wp-json\/wp\/v2\/comments?post=1464"}],"version-history":[{"count":5,"href":"https:\/\/isfd1-bue.infd.edu.ar\/sitio\/wp-json\/wp\/v2\/pages\/1464\/revisions"}],"predecessor-version":[{"id":4743,"href":"https:\/\/isfd1-bue.infd.edu.ar\/sitio\/wp-json\/wp\/v2\/pages\/1464\/revisions\/4743"}],"wp:attachment":[{"href":"https:\/\/isfd1-bue.infd.edu.ar\/sitio\/wp-json\/wp\/v2\/media?parent=1464"}],"curies":[{"name":"wp","href":"https:\/\/api.w.org\/{rel}","templated":true}]}}